{"id":8395,"date":"2022-03-31T12:50:42","date_gmt":"2022-03-31T12:50:42","guid":{"rendered":"https:\/\/clonlara.org\/pt\/?page_id=8395"},"modified":"2023-04-03T14:15:36","modified_gmt":"2023-04-03T14:15:36","slug":"refund-policy","status":"publish","type":"page","link":"https:\/\/clonlara.org\/pt\/refund-policy\/","title":{"rendered":"Refund Policy"},"content":{"rendered":"\t\t<div data-elementor-type=\"wp-page\" data-elementor-id=\"8395\" class=\"elementor elementor-8395\" data-elementor-settings=\"[]\">\n\t\t\t<div class=\"elementor-inner\">\n\t\t\t\t<div class=\"elementor-section-wrap\">\n\t\t\t\t\t\t\t<section class=\"elementor-element elementor-element-cfffadd elementor-section-height-min-height elementor-section-boxed elementor-section-height-default elementor-section-items-middle elementor-section elementor-top-section\" data-id=\"cfffadd\" data-element_type=\"section\" data-settings=\"{&quot;background_background&quot;:&quot;classic&quot;}\">\n\t\t\t\t\t\t<div class=\"elementor-container elementor-column-gap-default\">\n\t\t\t\t<div class=\"elementor-row\">\n\t\t\t\t<div class=\"elementor-element elementor-element-998de7b elementor-column elementor-col-100 elementor-top-column\" data-id=\"998de7b\" data-element_type=\"column\">\n\t\t\t<div class=\"elementor-column-wrap\">\n\t\t\t\t\t<div class=\"elementor-widget-wrap\">\n\t\t\t\t\t\t<\/div>\n\t\t\t<\/div>\n\t\t<\/div>\n\t\t\t\t\t\t<\/div>\n\t\t\t<\/div>\n\t\t<\/section>\n\t\t\t\t<section class=\"elementor-element elementor-element-8644b3f enrollment-block1 elementor-section-boxed elementor-section-height-default elementor-section-height-default elementor-section elementor-top-section\" data-id=\"8644b3f\" data-element_type=\"section\" data-settings=\"{&quot;background_background&quot;:&quot;classic&quot;}\">\n\t\t\t\t\t\t<div class=\"elementor-container elementor-column-gap-default\">\n\t\t\t\t<div class=\"elementor-row\">\n\t\t\t\t<div class=\"elementor-element elementor-element-b4a235a elementor-column elementor-col-100 elementor-top-column\" data-id=\"b4a235a\" data-element_type=\"column\">\n\t\t\t<div class=\"elementor-column-wrap  elementor-element-populated\">\n\t\t\t\t\t<div class=\"elementor-widget-wrap\">\n\t\t\t\t<div class=\"elementor-element elementor-element-9fa2855 elementor-widget elementor-widget-heading\" data-id=\"9fa2855\" data-element_type=\"widget\" data-widget_type=\"heading.default\">\n\t\t\t\t<div class=\"elementor-widget-container\">\n\t\t\t<h1 class=\"elementor-heading-title elementor-size-default\">Pol\u00edtica de Reembolso\u00a0<\/h1>\t\t<\/div>\n\t\t\t\t<\/div>\n\t\t\t\t<div class=\"elementor-element elementor-element-f8d07da elementor-widget elementor-widget-text-editor\" data-id=\"f8d07da\" data-element_type=\"widget\" data-widget_type=\"text-editor.default\">\n\t\t\t\t<div class=\"elementor-widget-container\">\n\t\t\t\t\t<div class=\"elementor-text-editor elementor-clearfix\"><h4>O nosso compromisso<\/h4><p>Ao longo do processo de inscri\u00e7\u00e3o, procuramos dar o nosso melhor para assegurar que as fam\u00edlias<br \/>compreendem o compromisso que est\u00e3o a assumir com o Programa Off-Campus e a natureza colaborativa<br \/>do mesmo. Contudo, se uma fam\u00edlia considerar que os nossos servi\u00e7os n\u00e3o v\u00e3o ao encontro das suas<br \/>necessidades, \u00e9 poss\u00edvel solicitar um reembolso, dentro das condi\u00e7\u00f5es abaixo descritas.<\/p><h4>Alunos reinscritos\u00a0<\/h4><p>N\u00e3o existe lugar a reembolso da anuidade se o aluno esteve inscrito na Clonlara School no ano letivo anterior.<\/p><h4>Novos alunos (incluindo alunos que se inscrevem em anos n\u00e3o consecutivos)<\/h4><p>Quando um aluno se inscreve pela primeira vez na Clonlara, poder\u00e1 precisar de tempo para compreender o que significa desenvolver o seu plano de aprendizagem personalizado, uma vez que pode ser uma experi\u00eancia completamente nova. Consideramos essencial que os alunos se familiarizem com os Guias de Educa\u00e7\u00e3o da Clonlara, usufruam de uma conversa inicial com a sua equipa de advising e iniciem o seu<br \/>plano de aprendizagem:<br \/><br \/>\u2022\u00a0 \u00a0 \u00a0Os novos alunos podem anular a sua matr\u00edcula no prazo de 45 dias ap\u00f3s a data de inscri\u00e7\u00e3o ou<br \/>at\u00e9 45 dias ap\u00f3s o primeiro dia do ano letivo (o que aconte\u00e7a mais tarde).<br \/>\u2022\u00a0 \u00a0 \u00a0Ap\u00f3s este prazo n\u00e3o haver\u00e1 lugar a qualquer reembolso e em caso de plano de pagamento<br \/>faseado dever\u00e1 a anuidade ser liquidada.<br \/><br \/>As restantes taxas e custos associados a outros servi\u00e7os n\u00e3o s\u00e3o reembols\u00e1veis, o que inclui taxa de matr\u00edcula, taxa de parcelamento, revis\u00e3o de cr\u00e9ditos, taxa de gradua\u00e7\u00e3o, entre outros.<\/p><h4>Preenchimento do Formul\u00e1rio de Desist\u00eancia<\/h4><p>O pedido de anula\u00e7\u00e3o de matr\u00edcula deve ser feito atrav\u00e9s da submiss\u00e3o do Formul\u00e1rio de Pedido de Desist\u00eancia:\u00a0<a style=\"font-size: 16px;\" href=\"https:\/\/clonlara.formstack.com\/forms\/withdrawal_portuguese\" target=\"_blank\" rel=\"noopener\">Withdrawal Request Form &#8211; Portuguese.<\/a><\/p><h4>Reembolso da anuidade\u00a0<\/h4><p>Se tiver pago a anuidade na totalidade \u2013 e submeteu o formul\u00e1rio de desist\u00eancia no prazo de 45 dias, como acima referido, reembolsaremos 80% da anuidade j\u00e1 paga. As taxas de inscri\u00e7\u00e3o n\u00e3o s\u00e3o reembols\u00e1veis.<br \/><br \/>Se escolheu o plano de pagamento faseado \u2013 e submeteu o formul\u00e1rio de desist\u00eancia no prazo de 45 dias, como acima referido, reembolsaremos 80% da anuidade j\u00e1 paga. Neste caso dever\u00e3o liquidar o valor correspondente a 20% e a Clonlara School cancelar\u00e1 e\/ou reverter\u00e1 a cobran\u00e7a de todo e qualquer<br \/>pagamento subsequente. As taxas de inscri\u00e7\u00e3o e de parcelamento n\u00e3o s\u00e3o reembols\u00e1veis.<br \/><br \/>Os reembolsos ser\u00e3o emitidos &#8211; pela mesma via atrav\u00e9s da qual os pagamentos foram feitos e poder\u00e3o levar at\u00e9 10 dias \u00fateis para serem processados.<br \/><br \/><\/p><\/div>\n\t\t\t\t<\/div>\n\t\t\t\t<\/div>\n\t\t\t\t\t\t<\/div>\n\t\t\t<\/div>\n\t\t<\/div>\n\t\t\t\t\t\t<\/div>\n\t\t\t<\/div>\n\t\t<\/section>\n\t\t\t\t\t\t<\/div>\n\t\t\t<\/div>\n\t\t<\/div>\n\t\t","protected":false},"excerpt":{"rendered":"<p>Pol\u00edtica de Reembolso\u00a0 O nosso compromisso Ao longo do processo de inscri\u00e7\u00e3o, procuramos dar o nosso melhor para assegurar que as fam\u00edliascompreendem o compromisso que est\u00e3o a assumir com o Programa Off-Campus e a natureza colaborativado mesmo. Contudo, se uma fam\u00edlia considerar que os nossos servi\u00e7os n\u00e3o v\u00e3o ao encontro das suasnecessidades, \u00e9 poss\u00edvel solicitar [&hellip;]<\/p>\n","protected":false},"author":1,"featured_media":0,"parent":0,"menu_order":0,"comment_status":"closed","ping_status":"closed","template":"elementor_header_footer","meta":{"footnotes":""},"class_list":["post-8395","page","type-page","status-publish","hentry"],"_links":{"self":[{"href":"https:\/\/clonlara.org\/pt\/wp-json\/wp\/v2\/pages\/8395","targetHints":{"allow":["GET"]}}],"collection":[{"href":"https:\/\/clonlara.org\/pt\/wp-json\/wp\/v2\/pages"}],"about":[{"href":"https:\/\/clonlara.org\/pt\/wp-json\/wp\/v2\/types\/page"}],"author":[{"embeddable":true,"href":"https:\/\/clonlara.org\/pt\/wp-json\/wp\/v2\/users\/1"}],"replies":[{"embeddable":true,"href":"https:\/\/clonlara.org\/pt\/wp-json\/wp\/v2\/comments?post=8395"}],"version-history":[{"count":3,"href":"https:\/\/clonlara.org\/pt\/wp-json\/wp\/v2\/pages\/8395\/revisions"}],"predecessor-version":[{"id":9182,"href":"https:\/\/clonlara.org\/pt\/wp-json\/wp\/v2\/pages\/8395\/revisions\/9182"}],"wp:attachment":[{"href":"https:\/\/clonlara.org\/pt\/wp-json\/wp\/v2\/media?parent=8395"}],"curies":[{"name":"wp","href":"https:\/\/api.w.org\/{rel}","templated":true}]}}