{"id":6329,"date":"2020-08-03T11:55:12","date_gmt":"2020-08-03T11:55:12","guid":{"rendered":"https:\/\/clonlara.org\/daily-life-2\/"},"modified":"2022-03-23T00:07:19","modified_gmt":"2022-03-23T00:07:19","slug":"gallery","status":"publish","type":"page","link":"https:\/\/clonlara.org\/pt\/gallery\/","title":{"rendered":"Gallery"},"content":{"rendered":"\t\t<div data-elementor-type=\"wp-post\" data-elementor-id=\"6329\" class=\"elementor elementor-6329\" data-elementor-settings=\"[]\">\n\t\t\t<div class=\"elementor-inner\">\n\t\t\t\t<div class=\"elementor-section-wrap\">\n\t\t\t\t\t\t\t<section class=\"elementor-element elementor-element-2042f0a elementor-section-height-min-height elementor-section-boxed elementor-section-height-default elementor-section-items-middle elementor-section elementor-top-section\" data-id=\"2042f0a\" data-element_type=\"section\" data-settings=\"{&quot;background_background&quot;:&quot;classic&quot;}\">\n\t\t\t\t\t\t<div class=\"elementor-container elementor-column-gap-default\">\n\t\t\t\t<div class=\"elementor-row\">\n\t\t\t\t<div class=\"elementor-element elementor-element-e157422 elementor-column elementor-col-100 elementor-top-column\" data-id=\"e157422\" data-element_type=\"column\">\n\t\t\t<div class=\"elementor-column-wrap\">\n\t\t\t\t\t<div class=\"elementor-widget-wrap\">\n\t\t\t\t\t\t<\/div>\n\t\t\t<\/div>\n\t\t<\/div>\n\t\t\t\t\t\t<\/div>\n\t\t\t<\/div>\n\t\t<\/section>\n\t\t\t\t<section class=\"elementor-element elementor-element-2a4bbd4 daily-life elementor-section-full_width elementor-section-height-default elementor-section-height-default elementor-section elementor-top-section\" data-id=\"2a4bbd4\" data-element_type=\"section\" data-settings=\"{&quot;background_background&quot;:&quot;classic&quot;}\">\n\t\t\t\t\t\t<div class=\"elementor-container elementor-column-gap-default\">\n\t\t\t\t<div class=\"elementor-row\">\n\t\t\t\t<div class=\"elementor-element elementor-element-77f4d17 elementor-column elementor-col-100 elementor-top-column\" data-id=\"77f4d17\" data-element_type=\"column\">\n\t\t\t<div class=\"elementor-column-wrap  elementor-element-populated\">\n\t\t\t\t\t<div class=\"elementor-widget-wrap\">\n\t\t\t\t<div class=\"elementor-element elementor-element-f489e1e gallery-spacing-custom elementor-widget elementor-widget-image-gallery\" data-id=\"f489e1e\" data-element_type=\"widget\" data-widget_type=\"image-gallery.default\">\n\t\t\t\t<div class=\"elementor-widget-container\">\n\t\t\t\t\t<div class=\"elementor-image-gallery\">\n\t\t\t<div id='gallery-1' class='gallery galleryid-6329 gallery-columns-7 gallery-size-thumbnail'><figure class='gallery-item'>\n\t\t\t<div class='gallery-icon landscape'>\n\t\t\t\t<a data-elementor-open-lightbox=\"yes\" data-elementor-lightbox-slideshow=\"f489e1e\" data-elementor-lightbox-title=\"01_France\" href='https:\/\/clonlara.org\/pt\/wp-content\/uploads\/sites\/6\/2020\/08\/01_France.jpg'><img loading=\"lazy\" decoding=\"async\" width=\"150\" height=\"150\" src=\"https:\/\/clonlara.org\/pt\/wp-content\/uploads\/sites\/6\/2020\/08\/01_France-150x150.jpg\" class=\"attachment-thumbnail size-thumbnail\" alt=\"\" srcset=\"https:\/\/clonlara.org\/pt\/wp-content\/uploads\/sites\/6\/2020\/08\/01_France-150x150.jpg 150w, https:\/\/clonlara.org\/pt\/wp-content\/uploads\/sites\/6\/2020\/08\/01_France-300x300.jpg 300w, https:\/\/clonlara.org\/pt\/wp-content\/uploads\/sites\/6\/2020\/08\/01_France-1024x1024.jpg 1024w, https:\/\/clonlara.org\/pt\/wp-content\/uploads\/sites\/6\/2020\/08\/01_France-768x768.jpg 768w, https:\/\/clonlara.org\/pt\/wp-content\/uploads\/sites\/6\/2020\/08\/01_France.jpg 1400w\" sizes=\"auto, (max-width: 150px) 100vw, 150px\" \/><\/a>\n\t\t\t<\/div><\/figure><figure class='gallery-item'>\n\t\t\t<div class='gallery-icon portrait'>\n\t\t\t\t<a data-elementor-open-lightbox=\"yes\" data-elementor-lightbox-slideshow=\"f489e1e\" data-elementor-lightbox-title=\"1stSem18-19 - Art Project\" href='https:\/\/clonlara.org\/pt\/wp-content\/uploads\/sites\/6\/2020\/08\/1stSem18-19-Art-Project.jpg'><img loading=\"lazy\" decoding=\"async\" width=\"150\" height=\"150\" src=\"https:\/\/clonlara.org\/pt\/wp-content\/uploads\/sites\/6\/2020\/08\/1stSem18-19-Art-Project-150x150.jpg\" class=\"attachment-thumbnail size-thumbnail\" alt=\"\" \/><\/a>\n\t\t\t<\/div><\/figure><figure class='gallery-item'>\n\t\t\t<div class='gallery-icon portrait'>\n\t\t\t\t<a data-elementor-open-lightbox=\"yes\" data-elementor-lightbox-slideshow=\"f489e1e\" data-elementor-lightbox-title=\"1stSem19-20 - Newton&#039;s Craddle 2\" href='https:\/\/clonlara.org\/pt\/wp-content\/uploads\/sites\/6\/2020\/08\/1stSem19-20-Newtons-Craddle-2.jpg'><img loading=\"lazy\" decoding=\"async\" width=\"150\" height=\"150\" src=\"https:\/\/clonlara.org\/pt\/wp-content\/uploads\/sites\/6\/2020\/08\/1stSem19-20-Newtons-Craddle-2-150x150.jpg\" class=\"attachment-thumbnail size-thumbnail\" alt=\"\" \/><\/a>\n\t\t\t<\/div><\/figure><figure class='gallery-item'>\n\t\t\t<div class='gallery-icon portrait'>\n\t\t\t\t<a data-elementor-open-lightbox=\"yes\" data-elementor-lightbox-slideshow=\"f489e1e\" data-elementor-lightbox-title=\"IMG_0219\" href='https:\/\/clonlara.org\/pt\/wp-content\/uploads\/sites\/6\/2020\/08\/IMG_0219.jpg'><img loading=\"lazy\" decoding=\"async\" width=\"150\" height=\"150\" src=\"https:\/\/clonlara.org\/pt\/wp-content\/uploads\/sites\/6\/2020\/08\/IMG_0219-150x150.jpg\" class=\"attachment-thumbnail size-thumbnail\" alt=\"\" \/><\/a>\n\t\t\t<\/div><\/figure><figure class='gallery-item'>\n\t\t\t<div class='gallery-icon portrait'>\n\t\t\t\t<a data-elementor-open-lightbox=\"yes\" data-elementor-lightbox-slideshow=\"f489e1e\" data-elementor-lightbox-title=\"IMG_0210\" href='https:\/\/clonlara.org\/pt\/wp-content\/uploads\/sites\/6\/2020\/08\/IMG_0210.jpg'><img loading=\"lazy\" decoding=\"async\" width=\"150\" height=\"150\" src=\"https:\/\/clonlara.org\/pt\/wp-content\/uploads\/sites\/6\/2020\/08\/IMG_0210-150x150.jpg\" class=\"attachment-thumbnail size-thumbnail\" alt=\"\" \/><\/a>\n\t\t\t<\/div><\/figure><figure class='gallery-item'>\n\t\t\t<div class='gallery-icon portrait'>\n\t\t\t\t<a data-elementor-open-lightbox=\"yes\" data-elementor-lightbox-slideshow=\"f489e1e\" data-elementor-lightbox-title=\"IMG_0197\" href='https:\/\/clonlara.org\/pt\/wp-content\/uploads\/sites\/6\/2020\/08\/IMG_0197.jpg'><img loading=\"lazy\" decoding=\"async\" width=\"150\" height=\"150\" src=\"https:\/\/clonlara.org\/pt\/wp-content\/uploads\/sites\/6\/2020\/08\/IMG_0197-150x150.jpg\" class=\"attachment-thumbnail size-thumbnail\" alt=\"\" \/><\/a>\n\t\t\t<\/div><\/figure><figure class='gallery-item'>\n\t\t\t<div class='gallery-icon portrait'>\n\t\t\t\t<a data-elementor-open-lightbox=\"yes\" data-elementor-lightbox-slideshow=\"f489e1e\" data-elementor-lightbox-title=\"All-focus\" href='https:\/\/clonlara.org\/pt\/wp-content\/uploads\/sites\/6\/2020\/08\/Flying.jpg'><img loading=\"lazy\" decoding=\"async\" width=\"150\" height=\"150\" src=\"https:\/\/clonlara.org\/pt\/wp-content\/uploads\/sites\/6\/2020\/08\/Flying-150x150.jpg\" class=\"attachment-thumbnail size-thumbnail\" alt=\"\" aria-describedby=\"gallery-1-6303\" \/><\/a>\n\t\t\t<\/div>\n\t\t\t\t<figcaption class='wp-caption-text gallery-caption' id='gallery-1-6303'>\n\t\t\t\tAll-focus\n\t\t\t\t<\/figcaption><\/figure><figure class='gallery-item'>\n\t\t\t<div class='gallery-icon landscape'>\n\t\t\t\t<a data-elementor-open-lightbox=\"yes\" data-elementor-lightbox-slideshow=\"f489e1e\" data-elementor-lightbox-title=\"73dec28_1973\" href='https:\/\/clonlara.org\/pt\/wp-content\/uploads\/sites\/6\/2020\/08\/73dec28_1973.jpg'><img loading=\"lazy\" decoding=\"async\" width=\"150\" height=\"150\" src=\"https:\/\/clonlara.org\/pt\/wp-content\/uploads\/sites\/6\/2020\/08\/73dec28_1973-150x150.jpg\" class=\"attachment-thumbnail size-thumbnail\" alt=\"\" \/><\/a>\n\t\t\t<\/div><\/figure><figure class='gallery-item'>\n\t\t\t<div class='gallery-icon landscape'>\n\t\t\t\t<a data-elementor-open-lightbox=\"yes\" data-elementor-lightbox-slideshow=\"f489e1e\" data-elementor-lightbox-title=\"73dec25_1973\" href='https:\/\/clonlara.org\/pt\/wp-content\/uploads\/sites\/6\/2020\/08\/73dec25_1973.jpg'><img loading=\"lazy\" decoding=\"async\" width=\"150\" height=\"150\" src=\"https:\/\/clonlara.org\/pt\/wp-content\/uploads\/sites\/6\/2020\/08\/73dec25_1973-150x150.jpg\" class=\"attachment-thumbnail size-thumbnail\" alt=\"\" \/><\/a>\n\t\t\t<\/div><\/figure><figure class='gallery-item'>\n\t\t\t<div class='gallery-icon portrait'>\n\t\t\t\t<a data-elementor-open-lightbox=\"yes\" data-elementor-lightbox-slideshow=\"f489e1e\" data-elementor-lightbox-title=\"2ndSem18-19 - Gardening 1\" href='https:\/\/clonlara.org\/pt\/wp-content\/uploads\/sites\/6\/2020\/08\/2ndSem18-19-Gardening-1.jpg'><img loading=\"lazy\" decoding=\"async\" width=\"150\" height=\"150\" src=\"https:\/\/clonlara.org\/pt\/wp-content\/uploads\/sites\/6\/2020\/08\/2ndSem18-19-Gardening-1-150x150.jpg\" class=\"attachment-thumbnail size-thumbnail\" alt=\"\" \/><\/a>\n\t\t\t<\/div><\/figure><figure class='gallery-item'>\n\t\t\t<div class='gallery-icon portrait'>\n\t\t\t\t<a data-elementor-open-lightbox=\"yes\" data-elementor-lightbox-slideshow=\"f489e1e\" data-elementor-lightbox-title=\"IMG_0591\" href='https:\/\/clonlara.org\/pt\/wp-content\/uploads\/sites\/6\/2020\/08\/IMG_0591.jpg'><img loading=\"lazy\" decoding=\"async\" width=\"150\" height=\"150\" src=\"https:\/\/clonlara.org\/pt\/wp-content\/uploads\/sites\/6\/2020\/08\/IMG_0591-150x150.jpg\" class=\"attachment-thumbnail size-thumbnail\" alt=\"\" \/><\/a>\n\t\t\t<\/div><\/figure><figure class='gallery-item'>\n\t\t\t<div class='gallery-icon portrait'>\n\t\t\t\t<a data-elementor-open-lightbox=\"yes\" data-elementor-lightbox-slideshow=\"f489e1e\" data-elementor-lightbox-title=\"IMG_2011\" href='https:\/\/clonlara.org\/pt\/wp-content\/uploads\/sites\/6\/2020\/08\/IMG_2011.jpg'><img loading=\"lazy\" decoding=\"async\" width=\"150\" height=\"150\" src=\"https:\/\/clonlara.org\/pt\/wp-content\/uploads\/sites\/6\/2020\/08\/IMG_2011-150x150.jpg\" class=\"attachment-thumbnail size-thumbnail\" alt=\"\" aria-describedby=\"gallery-1-6308\" \/><\/a>\n\t\t\t<\/div>\n\t\t\t\t<figcaption class='wp-caption-text gallery-caption' id='gallery-1-6308'>\n\t\t\t\tUm \u201cgrupo de estudo\u201d da Clonlara: alunos do programa Off-campus e as suas fam\u00edlias, reuniram-se para explorar e brincar na floresta.\n\t\t\t\t<\/figcaption><\/figure><figure class='gallery-item'>\n\t\t\t<div class='gallery-icon portrait'>\n\t\t\t\t<a data-elementor-open-lightbox=\"yes\" data-elementor-lightbox-slideshow=\"f489e1e\" data-elementor-lightbox-title=\"IMG_3442\" href='https:\/\/clonlara.org\/pt\/wp-content\/uploads\/sites\/6\/2020\/08\/IMG_3442.jpg'><img loading=\"lazy\" decoding=\"async\" width=\"150\" height=\"150\" src=\"https:\/\/clonlara.org\/pt\/wp-content\/uploads\/sites\/6\/2020\/08\/IMG_3442-150x150.jpg\" class=\"attachment-thumbnail size-thumbnail\" alt=\"\" \/><\/a>\n\t\t\t<\/div><\/figure><figure class='gallery-item'>\n\t\t\t<div class='gallery-icon landscape'>\n\t\t\t\t<a data-elementor-open-lightbox=\"yes\" data-elementor-lightbox-slideshow=\"f489e1e\" data-elementor-lightbox-title=\"IMG_4102\" href='https:\/\/clonlara.org\/pt\/wp-content\/uploads\/sites\/6\/2020\/08\/IMG_4102.jpg'><img loading=\"lazy\" decoding=\"async\" width=\"150\" height=\"150\" src=\"https:\/\/clonlara.org\/pt\/wp-content\/uploads\/sites\/6\/2020\/08\/IMG_4102-150x150.jpg\" class=\"attachment-thumbnail size-thumbnail\" alt=\"\" \/><\/a>\n\t\t\t<\/div><\/figure><figure class='gallery-item'>\n\t\t\t<div class='gallery-icon landscape'>\n\t\t\t\t<a data-elementor-open-lightbox=\"yes\" data-elementor-lightbox-slideshow=\"f489e1e\" data-elementor-lightbox-title=\"IMG_4110\" href='https:\/\/clonlara.org\/pt\/wp-content\/uploads\/sites\/6\/2020\/08\/IMG_4110.jpg'><img loading=\"lazy\" decoding=\"async\" width=\"150\" height=\"150\" src=\"https:\/\/clonlara.org\/pt\/wp-content\/uploads\/sites\/6\/2020\/08\/IMG_4110-150x150.jpg\" class=\"attachment-thumbnail size-thumbnail\" alt=\"\" \/><\/a>\n\t\t\t<\/div><\/figure><figure class='gallery-item'>\n\t\t\t<div class='gallery-icon landscape'>\n\t\t\t\t<a data-elementor-open-lightbox=\"yes\" data-elementor-lightbox-slideshow=\"f489e1e\" data-elementor-lightbox-title=\"IMG_4115\" href='https:\/\/clonlara.org\/pt\/wp-content\/uploads\/sites\/6\/2020\/08\/IMG_4115.jpg'><img loading=\"lazy\" decoding=\"async\" width=\"150\" height=\"150\" src=\"https:\/\/clonlara.org\/pt\/wp-content\/uploads\/sites\/6\/2020\/08\/IMG_4115-150x150.jpg\" class=\"attachment-thumbnail size-thumbnail\" alt=\"\" \/><\/a>\n\t\t\t<\/div><\/figure><figure class='gallery-item'>\n\t\t\t<div class='gallery-icon landscape'>\n\t\t\t\t<a data-elementor-open-lightbox=\"yes\" data-elementor-lightbox-slideshow=\"f489e1e\" data-elementor-lightbox-title=\"IMG_4177\" href='https:\/\/clonlara.org\/pt\/wp-content\/uploads\/sites\/6\/2020\/08\/IMG_4177.jpg'><img loading=\"lazy\" decoding=\"async\" width=\"150\" height=\"150\" src=\"https:\/\/clonlara.org\/pt\/wp-content\/uploads\/sites\/6\/2020\/08\/IMG_4177-150x150.jpg\" class=\"attachment-thumbnail size-thumbnail\" alt=\"\" \/><\/a>\n\t\t\t<\/div><\/figure><figure class='gallery-item'>\n\t\t\t<div class='gallery-icon portrait'>\n\t\t\t\t<a data-elementor-open-lightbox=\"yes\" data-elementor-lightbox-slideshow=\"f489e1e\" data-elementor-lightbox-title=\"IMG_6908\" href='https:\/\/clonlara.org\/pt\/wp-content\/uploads\/sites\/6\/2020\/08\/IMG_6908.jpeg'><img loading=\"lazy\" decoding=\"async\" width=\"150\" height=\"150\" src=\"https:\/\/clonlara.org\/pt\/wp-content\/uploads\/sites\/6\/2020\/08\/IMG_6908-150x150.jpeg\" class=\"attachment-thumbnail size-thumbnail\" alt=\"\" aria-describedby=\"gallery-1-6320\" \/><\/a>\n\t\t\t<\/div>\n\t\t\t\t<figcaption class='wp-caption-text gallery-caption' id='gallery-1-6320'>\n\t\t\t\tOs alunos da Clonlara praticaram as suas compet\u00eancias de pintura facial em prepara\u00e7\u00e3o para um festival local.\n\t\t\t\t<\/figcaption><\/figure><figure class='gallery-item'>\n\t\t\t<div class='gallery-icon landscape'>\n\t\t\t\t<a data-elementor-open-lightbox=\"yes\" data-elementor-lightbox-slideshow=\"f489e1e\" data-elementor-lightbox-title=\"IMG_6214\" href='https:\/\/clonlara.org\/pt\/wp-content\/uploads\/sites\/6\/2020\/08\/IMG_6214.jpg'><img loading=\"lazy\" decoding=\"async\" width=\"150\" height=\"150\" src=\"https:\/\/clonlara.org\/pt\/wp-content\/uploads\/sites\/6\/2020\/08\/IMG_6214-150x150.jpg\" class=\"attachment-thumbnail size-thumbnail\" alt=\"\" \/><\/a>\n\t\t\t<\/div><\/figure><figure class='gallery-item'>\n\t\t\t<div class='gallery-icon landscape'>\n\t\t\t\t<a data-elementor-open-lightbox=\"yes\" data-elementor-lightbox-slideshow=\"f489e1e\" data-elementor-lightbox-title=\"IMG_6278\" href='https:\/\/clonlara.org\/pt\/wp-content\/uploads\/sites\/6\/2020\/08\/IMG_6278.jpg'><img loading=\"lazy\" decoding=\"async\" width=\"150\" height=\"150\" src=\"https:\/\/clonlara.org\/pt\/wp-content\/uploads\/sites\/6\/2020\/08\/IMG_6278-150x150.jpg\" class=\"attachment-thumbnail size-thumbnail\" alt=\"\" \/><\/a>\n\t\t\t<\/div><\/figure><figure class='gallery-item'>\n\t\t\t<div class='gallery-icon landscape'>\n\t\t\t\t<a data-elementor-open-lightbox=\"yes\" data-elementor-lightbox-slideshow=\"f489e1e\" data-elementor-lightbox-title=\"IMG_6121\" href='https:\/\/clonlara.org\/pt\/wp-content\/uploads\/sites\/6\/2020\/08\/IMG_6121.jpeg'><img loading=\"lazy\" decoding=\"async\" width=\"150\" height=\"150\" src=\"https:\/\/clonlara.org\/pt\/wp-content\/uploads\/sites\/6\/2020\/08\/IMG_6121-150x150.jpeg\" class=\"attachment-thumbnail size-thumbnail\" alt=\"\" \/><\/a>\n\t\t\t<\/div><\/figure><figure class='gallery-item'>\n\t\t\t<div class='gallery-icon landscape'>\n\t\t\t\t<a data-elementor-open-lightbox=\"yes\" data-elementor-lightbox-slideshow=\"f489e1e\" data-elementor-lightbox-title=\"IMG_4470\" href='https:\/\/clonlara.org\/pt\/wp-content\/uploads\/sites\/6\/2020\/08\/IMG_4470.jpg'><img loading=\"lazy\" decoding=\"async\" width=\"150\" height=\"150\" src=\"https:\/\/clonlara.org\/pt\/wp-content\/uploads\/sites\/6\/2020\/08\/IMG_4470-150x150.jpg\" class=\"attachment-thumbnail size-thumbnail\" alt=\"\" \/><\/a>\n\t\t\t<\/div><\/figure><figure class='gallery-item'>\n\t\t\t<div class='gallery-icon landscape'>\n\t\t\t\t<a data-elementor-open-lightbox=\"yes\" data-elementor-lightbox-slideshow=\"f489e1e\" data-elementor-lightbox-title=\"IMG_5751\" href='https:\/\/clonlara.org\/pt\/wp-content\/uploads\/sites\/6\/2020\/08\/IMG_5751.jpeg'><img loading=\"lazy\" decoding=\"async\" width=\"150\" height=\"150\" src=\"https:\/\/clonlara.org\/pt\/wp-content\/uploads\/sites\/6\/2020\/08\/IMG_5751-150x150.jpeg\" class=\"attachment-thumbnail size-thumbnail\" alt=\"\" \/><\/a>\n\t\t\t<\/div><\/figure><figure class='gallery-item'>\n\t\t\t<div class='gallery-icon landscape'>\n\t\t\t\t<a data-elementor-open-lightbox=\"yes\" data-elementor-lightbox-slideshow=\"f489e1e\" data-elementor-lightbox-title=\"IMG_4360\" href='https:\/\/clonlara.org\/pt\/wp-content\/uploads\/sites\/6\/2020\/08\/IMG_4360.jpg'><img loading=\"lazy\" decoding=\"async\" width=\"150\" height=\"150\" src=\"https:\/\/clonlara.org\/pt\/wp-content\/uploads\/sites\/6\/2020\/08\/IMG_4360-150x150.jpg\" class=\"attachment-thumbnail size-thumbnail\" alt=\"\" \/><\/a>\n\t\t\t<\/div><\/figure>\n\t\t<\/div>\n\t\t<\/div>\n\t\t\t\t<\/div>\n\t\t\t\t<\/div>\n\t\t\t\t\t\t<\/div>\n\t\t\t<\/div>\n\t\t<\/div>\n\t\t\t\t\t\t<\/div>\n\t\t\t<\/div>\n\t\t<\/section>\n\t\t\t\t<section class=\"elementor-element elementor-element-8d9b00b elementor-section-full_width elementor-section-height-default elementor-section-height-default elementor-section elementor-top-section\" data-id=\"8d9b00b\" data-element_type=\"section\">\n\t\t\t\t\t\t<div class=\"elementor-container elementor-column-gap-default\">\n\t\t\t\t<div class=\"elementor-row\">\n\t\t\t\t<div class=\"elementor-element elementor-element-13d1bf3 elementor-column elementor-col-100 elementor-top-column\" data-id=\"13d1bf3\" data-element_type=\"column\">\n\t\t\t<div class=\"elementor-column-wrap  elementor-element-populated\">\n\t\t\t\t\t<div class=\"elementor-widget-wrap\">\n\t\t\t\t<div class=\"elementor-element elementor-element-6a266fe elementor-widget elementor-widget-shortcode\" data-id=\"6a266fe\" data-element_type=\"widget\" data-widget_type=\"shortcode.default\">\n\t\t\t\t<div class=\"elementor-widget-container\">\n\t\t\t\t\t<div class=\"elementor-shortcode\">\t\t<div data-elementor-type=\"wp-post\" data-elementor-id=\"268\" class=\"elementor elementor-268\" data-elementor-settings=\"[]\">\n\t\t\t<div class=\"elementor-inner\">\n\t\t\t\t<div class=\"elementor-section-wrap\">\n\t\t\t\t\t\t\t<section class=\"elementor-element elementor-element-8e15235 elementor-section-full_width global-pre-footer elementor-section-height-default elementor-section-height-default elementor-section elementor-top-section\" data-id=\"8e15235\" data-element_type=\"section\" data-settings=\"{&quot;background_background&quot;:&quot;classic&quot;}\">\n\t\t\t\t\t\t<div class=\"elementor-container elementor-column-gap-default\">\n\t\t\t\t<div class=\"elementor-row\">\n\t\t\t\t<div class=\"elementor-element elementor-element-5e9fd07 elementor-column elementor-col-100 elementor-top-column\" data-id=\"5e9fd07\" data-element_type=\"column\" data-settings=\"{&quot;background_background&quot;:&quot;classic&quot;}\">\n\t\t\t<div class=\"elementor-column-wrap  elementor-element-populated\">\n\t\t\t\t\t<div class=\"elementor-widget-wrap\">\n\t\t\t\t<section class=\"elementor-element elementor-element-a5abcd5 elementor-section-boxed elementor-section-height-default elementor-section-height-default elementor-section elementor-inner-section\" data-id=\"a5abcd5\" data-element_type=\"section\">\n\t\t\t\t\t\t<div class=\"elementor-container elementor-column-gap-wider\">\n\t\t\t\t<div class=\"elementor-row\">\n\t\t\t\t<div class=\"elementor-element elementor-element-19080e1 elementor-column elementor-col-50 elementor-inner-column\" data-id=\"19080e1\" data-element_type=\"column\">\n\t\t\t<div class=\"elementor-column-wrap  elementor-element-populated\">\n\t\t\t\t\t<div class=\"elementor-widget-wrap\">\n\t\t\t\t<div class=\"elementor-element elementor-element-3f71c25 elementor-widget elementor-widget-heading\" data-id=\"3f71c25\" data-element_type=\"widget\" data-widget_type=\"heading.default\">\n\t\t\t\t<div class=\"elementor-widget-container\">\n\t\t\t<h2 class=\"elementor-heading-title elementor-size-default\">Acredita\u00e7\u00f5es<\/h2>\t\t<\/div>\n\t\t\t\t<\/div>\n\t\t\t\t<div class=\"elementor-element elementor-element-d9e4f61 elementor-widget__width-auto elementor-widget elementor-widget-image\" data-id=\"d9e4f61\" data-element_type=\"widget\" data-widget_type=\"image.default\">\n\t\t\t\t<div class=\"elementor-widget-container\">\n\t\t\t\t\t<div class=\"elementor-image\">\n\t\t\t\t\t\t\t\t\t\t\t<a href=\"https:\/\/ncpsa.org\/\">\n\t\t\t\t\t\t\t<img loading=\"lazy\" decoding=\"async\" width=\"300\" height=\"300\" src=\"https:\/\/clonlara.org\/pt\/wp-content\/uploads\/sites\/6\/2019\/07\/1.1-Logo_Round-300x300.png\" class=\"attachment-medium size-medium\" alt=\"\" srcset=\"https:\/\/clonlara.org\/pt\/wp-content\/uploads\/sites\/6\/2019\/07\/1.1-Logo_Round-300x300.png 300w, https:\/\/clonlara.org\/pt\/wp-content\/uploads\/sites\/6\/2019\/07\/1.1-Logo_Round-150x150.png 150w, https:\/\/clonlara.org\/pt\/wp-content\/uploads\/sites\/6\/2019\/07\/1.1-Logo_Round.png 601w\" sizes=\"auto, (max-width: 300px) 100vw, 300px\" \/>\t\t\t\t\t\t\t\t<\/a>\n\t\t\t\t\t\t\t\t\t\t\t<\/div>\n\t\t\t\t<\/div>\n\t\t\t\t<\/div>\n\t\t\t\t<div class=\"elementor-element elementor-element-08b6c9d elementor-widget__width-auto elementor-widget elementor-widget-image\" data-id=\"08b6c9d\" data-element_type=\"widget\" data-widget_type=\"image.default\">\n\t\t\t\t<div class=\"elementor-widget-container\">\n\t\t\t\t\t<div class=\"elementor-image\">\n\t\t\t\t\t\t\t\t\t\t\t<a href=\"https:\/\/www.msa-cess.org\/\">\n\t\t\t\t\t\t\t<img loading=\"lazy\" decoding=\"async\" width=\"300\" height=\"300\" src=\"https:\/\/clonlara.org\/pt\/wp-content\/uploads\/sites\/6\/2019\/07\/2-Logo_Round-300x300.png\" class=\"attachment-medium size-medium\" alt=\"\" srcset=\"https:\/\/clonlara.org\/pt\/wp-content\/uploads\/sites\/6\/2019\/07\/2-Logo_Round-300x300.png 300w, https:\/\/clonlara.org\/pt\/wp-content\/uploads\/sites\/6\/2019\/07\/2-Logo_Round-150x150.png 150w, https:\/\/clonlara.org\/pt\/wp-content\/uploads\/sites\/6\/2019\/07\/2-Logo_Round.png 601w\" sizes=\"auto, (max-width: 300px) 100vw, 300px\" \/>\t\t\t\t\t\t\t\t<\/a>\n\t\t\t\t\t\t\t\t\t\t\t<\/div>\n\t\t\t\t<\/div>\n\t\t\t\t<\/div>\n\t\t\t\t<div class=\"elementor-element elementor-element-b6797d3 elementor-widget__width-auto elementor-widget elementor-widget-image\" data-id=\"b6797d3\" data-element_type=\"widget\" data-widget_type=\"image.default\">\n\t\t\t\t<div class=\"elementor-widget-container\">\n\t\t\t\t\t<div class=\"elementor-image\">\n\t\t\t\t\t\t\t\t\t\t\t<a href=\"https:\/\/accreditationinternational.org\/\">\n\t\t\t\t\t\t\t<img loading=\"lazy\" decoding=\"async\" width=\"300\" height=\"300\" src=\"https:\/\/clonlara.org\/pt\/wp-content\/uploads\/sites\/6\/2019\/07\/Logo@x1-300x300.png\" class=\"attachment-medium size-medium\" alt=\"\" srcset=\"https:\/\/clonlara.org\/pt\/wp-content\/uploads\/sites\/6\/2019\/07\/Logo@x1-300x300.png 300w, https:\/\/clonlara.org\/pt\/wp-content\/uploads\/sites\/6\/2019\/07\/Logo@x1-150x150.png 150w, https:\/\/clonlara.org\/pt\/wp-content\/uploads\/sites\/6\/2019\/07\/Logo@x1.png 302w\" sizes=\"auto, (max-width: 300px) 100vw, 300px\" \/>\t\t\t\t\t\t\t\t<\/a>\n\t\t\t\t\t\t\t\t\t\t\t<\/div>\n\t\t\t\t<\/div>\n\t\t\t\t<\/div>\n\t\t\t\t\t\t<\/div>\n\t\t\t<\/div>\n\t\t<\/div>\n\t\t\t\t<div class=\"elementor-element elementor-element-f5ca6e4 elementor-column elementor-col-50 elementor-inner-column\" data-id=\"f5ca6e4\" data-element_type=\"column\">\n\t\t\t<div class=\"elementor-column-wrap  elementor-element-populated\">\n\t\t\t\t\t<div class=\"elementor-widget-wrap\">\n\t\t\t\t<div class=\"elementor-element elementor-element-4993768 elementor-widget elementor-widget-heading\" data-id=\"4993768\" data-element_type=\"widget\" data-widget_type=\"heading.default\">\n\t\t\t\t<div class=\"elementor-widget-container\">\n\t\t\t<h2 class=\"elementor-heading-title elementor-size-default\">Apoiar a Clonlara<\/h2>\t\t<\/div>\n\t\t\t\t<\/div>\n\t\t\t\t<div class=\"elementor-element elementor-element-e11e19f elementor-widget elementor-widget-text-editor\" data-id=\"e11e19f\" data-element_type=\"widget\" data-widget_type=\"text-editor.default\">\n\t\t\t\t<div class=\"elementor-widget-container\">\n\t\t\t\t\t<div class=\"elementor-text-editor elementor-clearfix\"><p class=\"p1\">H\u00e1 muitas formas de apoiar a miss\u00e3o da Clonlara. Voluntarie-se para partilhar o seu tempo, conhecimento e experi\u00eancia; ou fa\u00e7a um donativo e tenha um impacto direto na nossa comunidade.<\/p><\/div>\n\t\t\t\t<\/div>\n\t\t\t\t<\/div>\n\t\t\t\t<div class=\"elementor-element elementor-element-905be1b elementor-align-left elementor-widget__width-auto elementor-widget elementor-widget-button\" data-id=\"905be1b\" data-element_type=\"widget\" data-widget_type=\"button.default\">\n\t\t\t\t<div class=\"elementor-widget-container\">\n\t\t\t\t\t<div class=\"elementor-button-wrapper\">\n\t\t\t<a href=\"https:\/\/clonlara.org\/pt\/support\/\" class=\"elementor-button-link elementor-button elementor-size-md\" role=\"button\">\n\t\t\t\t\t\t<span class=\"elementor-button-content-wrapper\">\n\t\t\t\t\t\t<span class=\"elementor-button-text\">Saiba Mais<\/span>\n\t\t<\/span>\n\t\t\t\t\t<\/a>\n\t\t<\/div>\n\t\t\t\t<\/div>\n\t\t\t\t<\/div>\n\t\t\t\t\t\t<\/div>\n\t\t\t<\/div>\n\t\t<\/div>\n\t\t\t\t\t\t<\/div>\n\t\t\t<\/div>\n\t\t<\/section>\n\t\t\t\t\t\t<\/div>\n\t\t\t<\/div>\n\t\t<\/div>\n\t\t\t\t\t\t<\/div>\n\t\t\t<\/div>\n\t\t<\/section>\n\t\t\t\t\t\t<\/div>\n\t\t\t<\/div>\n\t\t<\/div>\n\t\t<\/div>\n\t\t\t\t<\/div>\n\t\t\t\t<\/div>\n\t\t\t\t\t\t<\/div>\n\t\t\t<\/div>\n\t\t<\/div>\n\t\t\t\t\t\t<\/div>\n\t\t\t<\/div>\n\t\t<\/section>\n\t\t\t\t\t\t<\/div>\n\t\t\t<\/div>\n\t\t<\/div>\n\t\t","protected":false},"excerpt":{"rendered":"<p>All-focus<\/p>\n","protected":false},"author":1,"featured_media":0,"parent":0,"menu_order":0,"comment_status":"closed","ping_status":"closed","template":"elementor_header_footer","meta":{"footnotes":""},"class_list":["post-6329","page","type-page","status-publish","hentry"],"_links":{"self":[{"href":"https:\/\/clonlara.org\/pt\/wp-json\/wp\/v2\/pages\/6329","targetHints":{"allow":["GET"]}}],"collection":[{"href":"https:\/\/clonlara.org\/pt\/wp-json\/wp\/v2\/pages"}],"about":[{"href":"https:\/\/clonlara.org\/pt\/wp-json\/wp\/v2\/types\/page"}],"author":[{"embeddable":true,"href":"https:\/\/clonlara.org\/pt\/wp-json\/wp\/v2\/users\/1"}],"replies":[{"embeddable":true,"href":"https:\/\/clonlara.org\/pt\/wp-json\/wp\/v2\/comments?post=6329"}],"version-history":[{"count":18,"href":"https:\/\/clonlara.org\/pt\/wp-json\/wp\/v2\/pages\/6329\/revisions"}],"predecessor-version":[{"id":8324,"href":"https:\/\/clonlara.org\/pt\/wp-json\/wp\/v2\/pages\/6329\/revisions\/8324"}],"wp:attachment":[{"href":"https:\/\/clonlara.org\/pt\/wp-json\/wp\/v2\/media?parent=6329"}],"curies":[{"name":"wp","href":"https:\/\/api.w.org\/{rel}","templated":true}]}}