{"id":19,"date":"2019-07-01T18:12:34","date_gmt":"2019-07-01T18:12:34","guid":{"rendered":"https:\/\/clonlara.org\/?page_id=19"},"modified":"2021-12-31T00:48:53","modified_gmt":"2021-12-31T00:48:53","slug":"events","status":"publish","type":"page","link":"https:\/\/clonlara.org\/pt\/events\/","title":{"rendered":"Events"},"content":{"rendered":"\t\t<div data-elementor-type=\"wp-post\" data-elementor-id=\"19\" class=\"elementor elementor-19\" data-elementor-settings=\"[]\">\n\t\t\t<div class=\"elementor-inner\">\n\t\t\t\t<div class=\"elementor-section-wrap\">\n\t\t\t\t\t\t\t<section class=\"elementor-element elementor-element-5275870 elementor-section-height-min-height elementor-section-boxed elementor-section-height-default elementor-section-items-middle elementor-section elementor-top-section\" data-id=\"5275870\" data-element_type=\"section\" data-settings=\"{&quot;background_background&quot;:&quot;classic&quot;}\">\n\t\t\t\t\t\t<div class=\"elementor-container elementor-column-gap-default\">\n\t\t\t\t<div class=\"elementor-row\">\n\t\t\t\t<div class=\"elementor-element elementor-element-92b6fab elementor-column elementor-col-100 elementor-top-column\" data-id=\"92b6fab\" data-element_type=\"column\">\n\t\t\t<div class=\"elementor-column-wrap\">\n\t\t\t\t\t<div class=\"elementor-widget-wrap\">\n\t\t\t\t\t\t<\/div>\n\t\t\t<\/div>\n\t\t<\/div>\n\t\t\t\t\t\t<\/div>\n\t\t\t<\/div>\n\t\t<\/section>\n\t\t\t\t<section class=\"elementor-element elementor-element-22a105c events-conferences elementor-section-full_width elementor-section-height-default elementor-section-height-default elementor-section elementor-top-section\" data-id=\"22a105c\" data-element_type=\"section\" data-settings=\"{&quot;background_background&quot;:&quot;classic&quot;}\">\n\t\t\t\t\t\t<div class=\"elementor-container elementor-column-gap-no\">\n\t\t\t\t<div class=\"elementor-row\">\n\t\t\t\t<div class=\"elementor-element elementor-element-0376e8e elementor-column elementor-col-100 elementor-top-column\" data-id=\"0376e8e\" data-element_type=\"column\">\n\t\t\t<div class=\"elementor-column-wrap  elementor-element-populated\">\n\t\t\t\t\t<div class=\"elementor-widget-wrap\">\n\t\t\t\t<section class=\"elementor-element elementor-element-d135d82 elementor-section-full_width elementor-section-height-default elementor-section-height-default elementor-section elementor-inner-section\" data-id=\"d135d82\" data-element_type=\"section\">\n\t\t\t\t\t\t<div class=\"elementor-container elementor-column-gap-no\">\n\t\t\t\t<div class=\"elementor-row\">\n\t\t\t\t<div class=\"elementor-element elementor-element-de0b3f6 elementor-hidden-tablet elementor-column elementor-col-50 elementor-inner-column\" data-id=\"de0b3f6\" data-element_type=\"column\">\n\t\t\t<div class=\"elementor-column-wrap\">\n\t\t\t\t\t<div class=\"elementor-widget-wrap\">\n\t\t\t\t\t\t<\/div>\n\t\t\t<\/div>\n\t\t<\/div>\n\t\t\t\t<div class=\"elementor-element elementor-element-21ae285 elementor-column elementor-col-50 elementor-inner-column\" data-id=\"21ae285\" data-element_type=\"column\">\n\t\t\t<div class=\"elementor-column-wrap  elementor-element-populated\">\n\t\t\t\t\t<div class=\"elementor-widget-wrap\">\n\t\t\t\t<div class=\"elementor-element elementor-element-22d4c2f elementor-widget elementor-widget-jet-headline\" data-id=\"22d4c2f\" data-element_type=\"widget\" data-widget_type=\"jet-headline.default\">\n\t\t\t\t<div class=\"elementor-widget-container\">\n\t\t\t<h2 class=\"jet-headline jet-headline--direction-horizontal\"><span class=\"jet-headline__part jet-headline__first\"><span class=\"jet-headline__label\">O que estamos a fazer<\/span><\/span><span class=\"jet-headline__space\">&nbsp;<\/span><\/h2>\t\t<\/div>\n\t\t\t\t<\/div>\n\t\t\t\t<div class=\"elementor-element elementor-element-781598b elementor-widget elementor-widget-heading\" data-id=\"781598b\" data-element_type=\"widget\" data-widget_type=\"heading.default\">\n\t\t\t\t<div class=\"elementor-widget-container\">\n\t\t\t<h1 class=\"elementor-heading-title elementor-size-default\">Eventos<\/h1>\t\t<\/div>\n\t\t\t\t<\/div>\n\t\t\t\t<div class=\"elementor-element elementor-element-ee0b0d2 events elementor-widget elementor-widget-jet-posts\" data-id=\"ee0b0d2\" data-element_type=\"widget\" data-widget_type=\"jet-posts.default\">\n\t\t\t\t<div class=\"elementor-widget-container\">\n\t\t\t<div class=\"elementor-jet-posts jet-elements\"><div class=\"jet-posts col-row \"><div class=\"jet-posts__item col-desk-2\">\n\t<div class=\"jet-posts__inner-box\"><div class=\"post-thumbnail\"><a href=\"https:\/\/clonlara.org\/pt\/eventos\/virtual-open-house-k-12-campus-program\/\" class=\"post-thumbnail__link\"><img loading=\"lazy\" decoding=\"async\" class=\"post-thumbnail__img wp-post-image\" src=\"https:\/\/clonlara.org\/pt\/wp-content\/uploads\/sites\/6\/2020\/10\/K-5-open-house-1.png\" alt=\"K\u20135 Open House\" width=\"840\" height=\"430\"><\/a><\/div><div class=\"jet-posts__inner-content\"><h4 class=\"entry-title\"><a href=\"https:\/\/clonlara.org\/pt\/eventos\/virtual-open-house-k-12-campus-program\/\">K\u20135 Open House<\/a><\/h4><div class=\"entry-excerpt\">IN\u00cdCIO: Ter\u00e7a, 26 de janeiro de 2021 2021 18:00 FIM: ter\u00e7a-feira, 26 de janeiro de 2021 19:30 O Programa K-5 campus da Clonlara baseia-se na curiosidade dos jovens estudantes pela aprendizagem, enfatizando a import\u00e2ncia de brincar para al\u00e9m dos objectivos acad\u00e9micos. Todos os dias trazemos&hellip;<\/div><div class=\"jet-more-wrap\"><a href=\"https:\/\/clonlara.org\/pt\/eventos\/virtual-open-house-k-12-campus-program\/\" class=\"btn btn-primary elementor-button elementor-size-md jet-more\"><span class=\"btn__text\">Saiba Mais<\/span><\/a><\/div><\/div><\/div>\n<\/div>\n<div class=\"jet-posts__item col-desk-2\">\n\t<div class=\"jet-posts__inner-box\"><div class=\"post-thumbnail\"><a href=\"https:\/\/clonlara.org\/pt\/eventos\/k-5-open-house-2\/\" class=\"post-thumbnail__link\"><img loading=\"lazy\" decoding=\"async\" class=\"post-thumbnail__img wp-post-image\" src=\"https:\/\/clonlara.org\/pt\/wp-content\/uploads\/sites\/6\/2020\/10\/global-give-back.png\" alt=\"Semana global de voluntariado\" width=\"840\" height=\"430\"><\/a><\/div><div class=\"jet-posts__inner-content\"><h4 class=\"entry-title\"><a href=\"https:\/\/clonlara.org\/pt\/eventos\/k-5-open-house-2\/\">Semana global de voluntariado<\/a><\/h4><div class=\"entry-excerpt\">IN\u00cdCIO: Domingo, 18 de abril de 2021 O servi\u00e7o volunt\u00e1rio \u00e9 um elemento central da abordagem educativa da Clonlara. Durante a semana de 18 a 24 de abril, vamos pedir \u00e0s fam\u00edlias da Clonlara em todo o mundo que escolham um projeto que seja importante&hellip;<\/div><div class=\"jet-more-wrap\"><a href=\"https:\/\/clonlara.org\/pt\/eventos\/k-5-open-house-2\/\" class=\"btn btn-primary elementor-button elementor-size-md jet-more\"><span class=\"btn__text\">Saiba Mais<\/span><\/a><\/div><\/div><\/div>\n<\/div>\n<div class=\"jet-posts__item col-desk-2\">\n\t<div class=\"jet-posts__inner-box\"><div class=\"post-thumbnail\"><a href=\"https:\/\/clonlara.org\/pt\/eventos\/k-5-open-house-3\/\" class=\"post-thumbnail__link\"><img loading=\"lazy\" decoding=\"async\" class=\"post-thumbnail__img wp-post-image\" src=\"https:\/\/clonlara.org\/pt\/wp-content\/uploads\/sites\/6\/2020\/10\/clonlara-graduation.png\" alt=\"Cerim\u00f3nia de Gradua\u00e7\u00e3o\" width=\"840\" height=\"430\"><\/a><\/div><div class=\"jet-posts__inner-content\"><h4 class=\"entry-title\"><a href=\"https:\/\/clonlara.org\/pt\/eventos\/k-5-open-house-3\/\">Cerim\u00f3nia de Gradua\u00e7\u00e3o<\/a><\/h4><div class=\"entry-excerpt\">IN\u00cdCIO: S\u00e1bado, 12 de junho de 2021 2021 24:00 FIM: S\u00e1bado, 12 de junho, 2021 17:00 A gradua\u00e7\u00e3o da Escola Clonlara celebra os diversos interesses e talentos do nosso corpo estudantil e reconhece os feitos de cada aluno. Durante a cerim\u00f3nia, convidamos graduados e fam\u00edlias&hellip;<\/div><div class=\"jet-more-wrap\"><a href=\"https:\/\/clonlara.org\/pt\/eventos\/k-5-open-house-3\/\" class=\"btn btn-primary elementor-button elementor-size-md jet-more\"><span class=\"btn__text\">Saiba Mais<\/span><\/a><\/div><\/div><\/div>\n<\/div>\n<div class=\"jet-posts__item col-desk-2\">\n\t<div class=\"jet-posts__inner-box\"><div class=\"post-thumbnail\"><a href=\"https:\/\/clonlara.org\/pt\/eventos\/k-5-open-house\/\" class=\"post-thumbnail__link\"><img loading=\"lazy\" decoding=\"async\" class=\"post-thumbnail__img wp-post-image\" src=\"https:\/\/clonlara.org\/pt\/wp-content\/uploads\/sites\/6\/2020\/10\/global-art-show.png\" alt=\"Mostra Global de Arte\" width=\"840\" height=\"430\"><\/a><\/div><div class=\"jet-posts__inner-content\"><h4 class=\"entry-title\"><a href=\"https:\/\/clonlara.org\/pt\/eventos\/k-5-open-house\/\">Mostra Global de Arte<\/a><\/h4><div class=\"entry-excerpt\">IN\u00cdCIO: S\u00e1bado, 13 de mar\u00e7o de 2021 23:00 FIM: S\u00e1bado, 13 de mar\u00e7o, 2021 16:00 O Anual Global Art Show and Open House da Clonlara mostra os talentos dos nossos alunos em todo o mundo! Junte-se a n\u00f3s no s\u00e1bado, 13 de mar\u00e7o, para conhecer&hellip;<\/div><div class=\"jet-more-wrap\"><a href=\"https:\/\/clonlara.org\/pt\/eventos\/k-5-open-house\/\" class=\"btn btn-primary elementor-button elementor-size-md jet-more\"><span class=\"btn__text\">Saiba Mais<\/span><\/a><\/div><\/div><\/div>\n<\/div>\n<\/div>\n<\/div>\t\t<\/div>\n\t\t\t\t<\/div>\n\t\t\t\t\t\t<\/div>\n\t\t\t<\/div>\n\t\t<\/div>\n\t\t\t\t\t\t<\/div>\n\t\t\t<\/div>\n\t\t<\/section>\n\t\t\t\t\t\t<\/div>\n\t\t\t<\/div>\n\t\t<\/div>\n\t\t\t\t\t\t<\/div>\n\t\t\t<\/div>\n\t\t<\/section>\n\t\t\t\t<section class=\"elementor-element elementor-element-f19264d elementor-section-full_width elementor-section-height-default elementor-section-height-default elementor-section elementor-top-section\" data-id=\"f19264d\" data-element_type=\"section\">\n\t\t\t\t\t\t<div class=\"elementor-container elementor-column-gap-default\">\n\t\t\t\t<div class=\"elementor-row\">\n\t\t\t\t<div class=\"elementor-element elementor-element-47b9318 elementor-column elementor-col-100 elementor-top-column\" data-id=\"47b9318\" data-element_type=\"column\">\n\t\t\t<div class=\"elementor-column-wrap  elementor-element-populated\">\n\t\t\t\t\t<div class=\"elementor-widget-wrap\">\n\t\t\t\t<div class=\"elementor-element elementor-element-c4a90ee elementor-widget elementor-widget-shortcode\" data-id=\"c4a90ee\" data-element_type=\"widget\" data-widget_type=\"shortcode.default\">\n\t\t\t\t<div class=\"elementor-widget-container\">\n\t\t\t\t\t<div class=\"elementor-shortcode\">\t\t<div data-elementor-type=\"wp-post\" data-elementor-id=\"268\" class=\"elementor elementor-268\" data-elementor-settings=\"[]\">\n\t\t\t<div class=\"elementor-inner\">\n\t\t\t\t<div class=\"elementor-section-wrap\">\n\t\t\t\t\t\t\t<section class=\"elementor-element elementor-element-8e15235 elementor-section-full_width global-pre-footer elementor-section-height-default elementor-section-height-default elementor-section elementor-top-section\" data-id=\"8e15235\" data-element_type=\"section\" data-settings=\"{&quot;background_background&quot;:&quot;classic&quot;}\">\n\t\t\t\t\t\t<div class=\"elementor-container elementor-column-gap-default\">\n\t\t\t\t<div class=\"elementor-row\">\n\t\t\t\t<div class=\"elementor-element elementor-element-5e9fd07 elementor-column elementor-col-100 elementor-top-column\" data-id=\"5e9fd07\" data-element_type=\"column\" data-settings=\"{&quot;background_background&quot;:&quot;classic&quot;}\">\n\t\t\t<div class=\"elementor-column-wrap  elementor-element-populated\">\n\t\t\t\t\t<div class=\"elementor-widget-wrap\">\n\t\t\t\t<section class=\"elementor-element elementor-element-a5abcd5 elementor-section-boxed elementor-section-height-default elementor-section-height-default elementor-section elementor-inner-section\" data-id=\"a5abcd5\" data-element_type=\"section\">\n\t\t\t\t\t\t<div class=\"elementor-container elementor-column-gap-wider\">\n\t\t\t\t<div class=\"elementor-row\">\n\t\t\t\t<div class=\"elementor-element elementor-element-19080e1 elementor-column elementor-col-50 elementor-inner-column\" data-id=\"19080e1\" data-element_type=\"column\">\n\t\t\t<div class=\"elementor-column-wrap  elementor-element-populated\">\n\t\t\t\t\t<div class=\"elementor-widget-wrap\">\n\t\t\t\t<div class=\"elementor-element elementor-element-3f71c25 elementor-widget elementor-widget-heading\" data-id=\"3f71c25\" data-element_type=\"widget\" data-widget_type=\"heading.default\">\n\t\t\t\t<div class=\"elementor-widget-container\">\n\t\t\t<h2 class=\"elementor-heading-title elementor-size-default\">Acredita\u00e7\u00f5es<\/h2>\t\t<\/div>\n\t\t\t\t<\/div>\n\t\t\t\t<div class=\"elementor-element elementor-element-d9e4f61 elementor-widget__width-auto elementor-widget elementor-widget-image\" data-id=\"d9e4f61\" data-element_type=\"widget\" data-widget_type=\"image.default\">\n\t\t\t\t<div class=\"elementor-widget-container\">\n\t\t\t\t\t<div class=\"elementor-image\">\n\t\t\t\t\t\t\t\t\t\t\t<a href=\"https:\/\/ncpsa.org\/\">\n\t\t\t\t\t\t\t<img loading=\"lazy\" decoding=\"async\" width=\"300\" height=\"300\" src=\"https:\/\/clonlara.org\/pt\/wp-content\/uploads\/sites\/6\/2019\/07\/1.1-Logo_Round-300x300.png\" class=\"attachment-medium size-medium\" alt=\"\" srcset=\"https:\/\/clonlara.org\/pt\/wp-content\/uploads\/sites\/6\/2019\/07\/1.1-Logo_Round-300x300.png 300w, https:\/\/clonlara.org\/pt\/wp-content\/uploads\/sites\/6\/2019\/07\/1.1-Logo_Round-150x150.png 150w, https:\/\/clonlara.org\/pt\/wp-content\/uploads\/sites\/6\/2019\/07\/1.1-Logo_Round.png 601w\" sizes=\"auto, (max-width: 300px) 100vw, 300px\" \/>\t\t\t\t\t\t\t\t<\/a>\n\t\t\t\t\t\t\t\t\t\t\t<\/div>\n\t\t\t\t<\/div>\n\t\t\t\t<\/div>\n\t\t\t\t<div class=\"elementor-element elementor-element-08b6c9d elementor-widget__width-auto elementor-widget elementor-widget-image\" data-id=\"08b6c9d\" data-element_type=\"widget\" data-widget_type=\"image.default\">\n\t\t\t\t<div class=\"elementor-widget-container\">\n\t\t\t\t\t<div class=\"elementor-image\">\n\t\t\t\t\t\t\t\t\t\t\t<a href=\"https:\/\/www.msa-cess.org\/\">\n\t\t\t\t\t\t\t<img loading=\"lazy\" decoding=\"async\" width=\"300\" height=\"300\" src=\"https:\/\/clonlara.org\/pt\/wp-content\/uploads\/sites\/6\/2019\/07\/2-Logo_Round-300x300.png\" class=\"attachment-medium size-medium\" alt=\"\" srcset=\"https:\/\/clonlara.org\/pt\/wp-content\/uploads\/sites\/6\/2019\/07\/2-Logo_Round-300x300.png 300w, https:\/\/clonlara.org\/pt\/wp-content\/uploads\/sites\/6\/2019\/07\/2-Logo_Round-150x150.png 150w, https:\/\/clonlara.org\/pt\/wp-content\/uploads\/sites\/6\/2019\/07\/2-Logo_Round.png 601w\" sizes=\"auto, (max-width: 300px) 100vw, 300px\" \/>\t\t\t\t\t\t\t\t<\/a>\n\t\t\t\t\t\t\t\t\t\t\t<\/div>\n\t\t\t\t<\/div>\n\t\t\t\t<\/div>\n\t\t\t\t<div class=\"elementor-element elementor-element-b6797d3 elementor-widget__width-auto elementor-widget elementor-widget-image\" data-id=\"b6797d3\" data-element_type=\"widget\" data-widget_type=\"image.default\">\n\t\t\t\t<div class=\"elementor-widget-container\">\n\t\t\t\t\t<div class=\"elementor-image\">\n\t\t\t\t\t\t\t\t\t\t\t<a href=\"https:\/\/accreditationinternational.org\/\">\n\t\t\t\t\t\t\t<img loading=\"lazy\" decoding=\"async\" width=\"300\" height=\"300\" src=\"https:\/\/clonlara.org\/pt\/wp-content\/uploads\/sites\/6\/2019\/07\/Logo@x1-300x300.png\" class=\"attachment-medium size-medium\" alt=\"\" srcset=\"https:\/\/clonlara.org\/pt\/wp-content\/uploads\/sites\/6\/2019\/07\/Logo@x1-300x300.png 300w, https:\/\/clonlara.org\/pt\/wp-content\/uploads\/sites\/6\/2019\/07\/Logo@x1-150x150.png 150w, https:\/\/clonlara.org\/pt\/wp-content\/uploads\/sites\/6\/2019\/07\/Logo@x1.png 302w\" sizes=\"auto, (max-width: 300px) 100vw, 300px\" \/>\t\t\t\t\t\t\t\t<\/a>\n\t\t\t\t\t\t\t\t\t\t\t<\/div>\n\t\t\t\t<\/div>\n\t\t\t\t<\/div>\n\t\t\t\t\t\t<\/div>\n\t\t\t<\/div>\n\t\t<\/div>\n\t\t\t\t<div class=\"elementor-element elementor-element-f5ca6e4 elementor-column elementor-col-50 elementor-inner-column\" data-id=\"f5ca6e4\" data-element_type=\"column\">\n\t\t\t<div class=\"elementor-column-wrap  elementor-element-populated\">\n\t\t\t\t\t<div class=\"elementor-widget-wrap\">\n\t\t\t\t<div class=\"elementor-element elementor-element-4993768 elementor-widget elementor-widget-heading\" data-id=\"4993768\" data-element_type=\"widget\" data-widget_type=\"heading.default\">\n\t\t\t\t<div class=\"elementor-widget-container\">\n\t\t\t<h2 class=\"elementor-heading-title elementor-size-default\">Apoiar a Clonlara<\/h2>\t\t<\/div>\n\t\t\t\t<\/div>\n\t\t\t\t<div class=\"elementor-element elementor-element-e11e19f elementor-widget elementor-widget-text-editor\" data-id=\"e11e19f\" data-element_type=\"widget\" data-widget_type=\"text-editor.default\">\n\t\t\t\t<div class=\"elementor-widget-container\">\n\t\t\t\t\t<div class=\"elementor-text-editor elementor-clearfix\"><p class=\"p1\">H\u00e1 muitas formas de apoiar a miss\u00e3o da Clonlara. Voluntarie-se para partilhar o seu tempo, conhecimento e experi\u00eancia; ou fa\u00e7a um donativo e tenha um impacto direto na nossa comunidade.<\/p><\/div>\n\t\t\t\t<\/div>\n\t\t\t\t<\/div>\n\t\t\t\t<div class=\"elementor-element elementor-element-905be1b elementor-align-left elementor-widget__width-auto elementor-widget elementor-widget-button\" data-id=\"905be1b\" data-element_type=\"widget\" data-widget_type=\"button.default\">\n\t\t\t\t<div class=\"elementor-widget-container\">\n\t\t\t\t\t<div class=\"elementor-button-wrapper\">\n\t\t\t<a href=\"https:\/\/clonlara.org\/pt\/support\/\" class=\"elementor-button-link elementor-button elementor-size-md\" role=\"button\">\n\t\t\t\t\t\t<span class=\"elementor-button-content-wrapper\">\n\t\t\t\t\t\t<span class=\"elementor-button-text\">Saiba Mais<\/span>\n\t\t<\/span>\n\t\t\t\t\t<\/a>\n\t\t<\/div>\n\t\t\t\t<\/div>\n\t\t\t\t<\/div>\n\t\t\t\t\t\t<\/div>\n\t\t\t<\/div>\n\t\t<\/div>\n\t\t\t\t\t\t<\/div>\n\t\t\t<\/div>\n\t\t<\/section>\n\t\t\t\t\t\t<\/div>\n\t\t\t<\/div>\n\t\t<\/div>\n\t\t\t\t\t\t<\/div>\n\t\t\t<\/div>\n\t\t<\/section>\n\t\t\t\t\t\t<\/div>\n\t\t\t<\/div>\n\t\t<\/div>\n\t\t<\/div>\n\t\t\t\t<\/div>\n\t\t\t\t<\/div>\n\t\t\t\t\t\t<\/div>\n\t\t\t<\/div>\n\t\t<\/div>\n\t\t\t\t\t\t<\/div>\n\t\t\t<\/div>\n\t\t<\/section>\n\t\t\t\t\t\t<\/div>\n\t\t\t<\/div>\n\t\t<\/div>\n\t\t","protected":false},"excerpt":{"rendered":"<p>O que estamos a fazer&nbsp; Eventos K\u20135 Open House IN\u00cdCIO: Ter\u00e7a, 26 de janeiro de 2021 2021 18:00 FIM: ter\u00e7a-feira, 26 de janeiro de 2021 19:30 O Programa K-5 campus da Clonlara baseia-se na curiosidade dos jovens estudantes pela aprendizagem, enfatizando a import\u00e2ncia de brincar para al\u00e9m dos objectivos acad\u00e9micos. Todos os dias trazemos&hellip;Saiba Mais [&hellip;]<\/p>\n","protected":false},"author":1,"featured_media":0,"parent":0,"menu_order":0,"comment_status":"closed","ping_status":"closed","template":"elementor_header_footer","meta":{"footnotes":""},"class_list":["post-19","page","type-page","status-publish","hentry"],"_links":{"self":[{"href":"https:\/\/clonlara.org\/pt\/wp-json\/wp\/v2\/pages\/19","targetHints":{"allow":["GET"]}}],"collection":[{"href":"https:\/\/clonlara.org\/pt\/wp-json\/wp\/v2\/pages"}],"about":[{"href":"https:\/\/clonlara.org\/pt\/wp-json\/wp\/v2\/types\/page"}],"author":[{"embeddable":true,"href":"https:\/\/clonlara.org\/pt\/wp-json\/wp\/v2\/users\/1"}],"replies":[{"embeddable":true,"href":"https:\/\/clonlara.org\/pt\/wp-json\/wp\/v2\/comments?post=19"}],"version-history":[{"count":65,"href":"https:\/\/clonlara.org\/pt\/wp-json\/wp\/v2\/pages\/19\/revisions"}],"predecessor-version":[{"id":8189,"href":"https:\/\/clonlara.org\/pt\/wp-json\/wp\/v2\/pages\/19\/revisions\/8189"}],"wp:attachment":[{"href":"https:\/\/clonlara.org\/pt\/wp-json\/wp\/v2\/media?parent=19"}],"curies":[{"name":"wp","href":"https:\/\/api.w.org\/{rel}","templated":true}]}}