{"id":9899,"date":"2022-03-31T13:00:06","date_gmt":"2022-03-31T13:00:06","guid":{"rendered":"https:\/\/clonlara.org\/hu\/?page_id=9899"},"modified":"2022-03-31T13:04:04","modified_gmt":"2022-03-31T13:04:04","slug":"refund-policy","status":"publish","type":"page","link":"https:\/\/clonlara.org\/hu\/refund-policy\/","title":{"rendered":"Refund Policy"},"content":{"rendered":"\t\t<div data-elementor-type=\"wp-page\" data-elementor-id=\"9899\" class=\"elementor elementor-9899\" data-elementor-settings=\"[]\">\n\t\t\t<div class=\"elementor-inner\">\n\t\t\t\t<div class=\"elementor-section-wrap\">\n\t\t\t\t\t\t\t<section class=\"elementor-element elementor-element-8fa24f0 elementor-section-height-min-height elementor-section-boxed elementor-section-height-default elementor-section-items-middle elementor-section elementor-top-section\" data-id=\"8fa24f0\" data-element_type=\"section\" data-settings=\"{&quot;background_background&quot;:&quot;classic&quot;}\">\n\t\t\t\t\t\t<div class=\"elementor-container elementor-column-gap-default\">\n\t\t\t\t<div class=\"elementor-row\">\n\t\t\t\t<div class=\"elementor-element elementor-element-289aefc elementor-column elementor-col-100 elementor-top-column\" data-id=\"289aefc\" data-element_type=\"column\">\n\t\t\t<div class=\"elementor-column-wrap\">\n\t\t\t\t\t<div class=\"elementor-widget-wrap\">\n\t\t\t\t\t\t<\/div>\n\t\t\t<\/div>\n\t\t<\/div>\n\t\t\t\t\t\t<\/div>\n\t\t\t<\/div>\n\t\t<\/section>\n\t\t\t\t<section class=\"elementor-element elementor-element-00f67dc enrollment-block1 elementor-section-boxed elementor-section-height-default elementor-section-height-default elementor-section elementor-top-section\" data-id=\"00f67dc\" data-element_type=\"section\" data-settings=\"{&quot;background_background&quot;:&quot;classic&quot;}\">\n\t\t\t\t\t\t<div class=\"elementor-container elementor-column-gap-default\">\n\t\t\t\t<div class=\"elementor-row\">\n\t\t\t\t<div class=\"elementor-element elementor-element-09a8d98 elementor-column elementor-col-100 elementor-top-column\" data-id=\"09a8d98\" data-element_type=\"column\">\n\t\t\t<div class=\"elementor-column-wrap  elementor-element-populated\">\n\t\t\t\t\t<div class=\"elementor-widget-wrap\">\n\t\t\t\t<div class=\"elementor-element elementor-element-2e0e624 elementor-widget elementor-widget-heading\" data-id=\"2e0e624\" data-element_type=\"widget\" data-widget_type=\"heading.default\">\n\t\t\t\t<div class=\"elementor-widget-container\">\n\t\t\t<h1 class=\"elementor-heading-title elementor-size-default\">P\u00e9nzvisszat\u00e9r\u00edt\u00e9si Elj\u00e1r\u00e1s<\/h1>\t\t<\/div>\n\t\t\t\t<\/div>\n\t\t\t\t<div class=\"elementor-element elementor-element-b336292 elementor-widget elementor-widget-text-editor\" data-id=\"b336292\" data-element_type=\"widget\" data-widget_type=\"text-editor.default\">\n\t\t\t\t<div class=\"elementor-widget-container\">\n\t\t\t\t\t<div class=\"elementor-text-editor elementor-clearfix\"><h4>V\u00e1llal\u00e1saink<\/h4><p>A beiratkoz\u00e1si folyamat sor\u00e1n megtesz\u00fcnk mindent, hogy az \u00e9rdekl\u0151d\u0151 csal\u00e1dokat k\u00f6r\u00fcltekint\u0151en \u00e9s r\u00e9szletesen t\u00e1j\u00e9koztassuk programunk m\u0171k\u00f6d\u00e9s\u00e9r\u0151l, v\u00e1llal\u00e1sair\u00f3l \u00e9s arr\u00f3l, hogyan m\u0171k\u00f6d\u00fcnk egy\u00fctt vel\u00fck. Amennyiben egy csal\u00e1d a beiratkoz\u00e1s ut\u00e1n \u00fagy d\u00f6nt m\u00e9gis, hogy a program nem felel meg ig\u00e9nyeinek, a befizetett tand\u00edj visszat\u00e9r\u00edt\u00e9s\u00e9t az al\u00e1bbi felt\u00e9telekkel k\u00e9relmezheti.<\/p><h4>\u00dajrairatkoz\u00f3k kil\u00e9p\u00e9se<\/h4><p>A tand\u00edj nem visszat\u00e9r\u00edthet\u0151 abban az esetben, ha a di\u00e1k az el\u0151z\u0151 tan\u00e9vben is az offcampus program beiratkozott tanul\u00f3ja volt (azaz a 2019-20-as tan\u00e9vre sz\u00f3l\u00f3 tand\u00edj nem visszat\u00e9r\u00edthet\u0151 azok sz\u00e1m\u00e1ra, akik a 2018-19-es tan\u00e9vben tanul\u00f3ink voltak).<\/p><h4>\u00daj beiratkoz\u00f3k kil\u00e9p\u00e9se (\u00fajrairatkoz\u00f3, akinek nem volt folyamatos a beiratkoz\u00e1sa)<\/h4><p>Meg\u00e9rtj\u00fck, hogy az \u00faj beiratkoz\u00f3knak id\u0151re van sz\u00fcks\u00e9g\u00fck, hogy \u00e1tl\u00e1ss\u00e1k, mit jelent egy saj\u00e1t tanterv \u00e9s tanul\u00e1si terv kialak\u00edt\u00e1sa, hiszen ez teljesen \u00faj tapasztalat lehet sz\u00e1mukra. Az \u00fajak sz\u00e1m\u00e1ra id\u0151t biztos\u00edtunk a Clonlara Oktat\u00e1si \u00datmutat\u00f3k megismer\u00e9s\u00e9re \u00e9s a konzult\u00e1ci\u00f3ra tanul\u00f3k\u00eds\u00e9r\u0151j\u00fckkel.<\/p><p>Az \u00faj beiratkoz\u00f3knak lehet\u0151s\u00e9g\u00fck van a visszal\u00e9p\u00e9sre a beiratkoz\u00e1st\u00f3l sz\u00e1m\u00edtott 45 napon bel\u00fcl, vagy a tan\u00e9v els\u0151 napj\u00e1ig, amelyik a k\u00e9t d\u00e1tum k\u00f6z\u00fcl k\u00e9s\u0151bbre esik.<\/p><p>A tand\u00edj egy r\u00e9sze visszat\u00e9r\u00edthet\u0151, az azon k\u00edv\u00fcl fizetett egy\u00e9b d\u00edjak \u00e9s k\u00f6lts\u00e9gek nem visszat\u00e9r\u00edthet\u0151k. Ide\u00e9rtve, de nem kiz\u00e1r\u00f3lag a regisztr\u00e1ci\u00f3s d\u00edjat, az \u00e9retts\u00e9gi d\u00edjat stb.<\/p><h4>Kiiratkoz\u00e1si k\u00e9relem kit\u00f6lt\u00e9se sz\u00fcks\u00e9ges<\/h4><p>A beiratkoz\u00e1st\u00f3l val\u00f3 visszal\u00e9p\u00e9st \u00edr\u00e1sban kell megtenni, a kiiratkoz\u00e1si k\u00e9relem kit\u00f6lt\u00e9s\u00e9vel: <a href=\"https:\/\/clonlara.formstack.com\/forms\/withdrawal_hungary\" target=\"_blank\" rel=\"noopener\">Kiiratkoz\u00e1si k\u00e9relem<\/a><\/p><h4>A kil\u00e9p\u00e9s menete\u00a0<\/h4><p>Amennyiben a teljes tand\u00edjat befizett\u00e9k, \u00e9s hivatalosan a fent megszabott 45 napos id\u0151kereten bel\u00fcl visszal\u00e9pnek, a teljes tand\u00edj 80%-\u00e1t visszat\u00e9r\u00edtj\u00fck. A tand\u00edjon k\u00edv\u00fcl fizetett egy\u00e9b d\u00edjak nem visszat\u00e9r\u00edthet\u0151k.<\/p><p>\u00a0Amennyiben a r\u00e9szletfizet\u00e9st v\u00e1lasztott\u00e1k, \u00e9s hivatalosan a fent megszabott 45 napos id\u0151kereten bel\u00fcl visszal\u00e9pnek, \u00fagy a teljes tand\u00edj 80%-\u00e1t visszat\u00e9r\u00edtj\u00fck. A Clonlara t\u00f6rli \u00e9s\/vagy visszautalja a tov\u00e1bbi r\u00e9szletekre felsz\u00e1m\u00edtott \u00f6sszegeket. A tand\u00edjon k\u00edv\u00fcl fizetett egy\u00e9b d\u00edjak nem visszat\u00e9r\u00edthet\u0151k.<\/p><p>A visszat\u00e9r\u00edt\u00e9s m\u00f3dja ugyanaz lesz, mint a befizet\u00e9s m\u00f3dja volt. K\u00e9rj\u00fck vegy\u00e9k figyelembe, hogy a visszat\u00e9r\u00edt\u00e9s feldolgoz\u00e1sa 2 hetet is ig\u00e9nybe vehet.<\/p><\/div>\n\t\t\t\t<\/div>\n\t\t\t\t<\/div>\n\t\t\t\t\t\t<\/div>\n\t\t\t<\/div>\n\t\t<\/div>\n\t\t\t\t\t\t<\/div>\n\t\t\t<\/div>\n\t\t<\/section>\n\t\t\t\t\t\t<\/div>\n\t\t\t<\/div>\n\t\t<\/div>\n\t\t","protected":false},"excerpt":{"rendered":"<p>P\u00e9nzvisszat\u00e9r\u00edt\u00e9si Elj\u00e1r\u00e1s V\u00e1llal\u00e1saink A beiratkoz\u00e1si folyamat sor\u00e1n megtesz\u00fcnk mindent, hogy az \u00e9rdekl\u0151d\u0151 csal\u00e1dokat k\u00f6r\u00fcltekint\u0151en \u00e9s r\u00e9szletesen t\u00e1j\u00e9koztassuk programunk m\u0171k\u00f6d\u00e9s\u00e9r\u0151l, v\u00e1llal\u00e1sair\u00f3l \u00e9s arr\u00f3l, hogyan m\u0171k\u00f6d\u00fcnk egy\u00fctt vel\u00fck. Amennyiben egy csal\u00e1d a beiratkoz\u00e1s ut\u00e1n \u00fagy d\u00f6nt m\u00e9gis, hogy a program nem felel meg ig\u00e9nyeinek, a befizetett tand\u00edj visszat\u00e9r\u00edt\u00e9s\u00e9t az al\u00e1bbi felt\u00e9telekkel k\u00e9relmezheti. \u00dajrairatkoz\u00f3k kil\u00e9p\u00e9se A tand\u00edj nem [&hellip;]<\/p>\n","protected":false},"author":1,"featured_media":0,"parent":0,"menu_order":0,"comment_status":"closed","ping_status":"closed","template":"elementor_header_footer","meta":{"footnotes":""},"class_list":["post-9899","page","type-page","status-publish","hentry"],"_links":{"self":[{"href":"https:\/\/clonlara.org\/hu\/wp-json\/wp\/v2\/pages\/9899","targetHints":{"allow":["GET"]}}],"collection":[{"href":"https:\/\/clonlara.org\/hu\/wp-json\/wp\/v2\/pages"}],"about":[{"href":"https:\/\/clonlara.org\/hu\/wp-json\/wp\/v2\/types\/page"}],"author":[{"embeddable":true,"href":"https:\/\/clonlara.org\/hu\/wp-json\/wp\/v2\/users\/1"}],"replies":[{"embeddable":true,"href":"https:\/\/clonlara.org\/hu\/wp-json\/wp\/v2\/comments?post=9899"}],"version-history":[{"count":2,"href":"https:\/\/clonlara.org\/hu\/wp-json\/wp\/v2\/pages\/9899\/revisions"}],"predecessor-version":[{"id":9901,"href":"https:\/\/clonlara.org\/hu\/wp-json\/wp\/v2\/pages\/9899\/revisions\/9901"}],"wp:attachment":[{"href":"https:\/\/clonlara.org\/hu\/wp-json\/wp\/v2\/media?parent=9899"}],"curies":[{"name":"wp","href":"https:\/\/api.w.org\/{rel}","templated":true}]}}