{"id":10453,"date":"2024-03-31T21:43:49","date_gmt":"2024-03-31T21:43:49","guid":{"rendered":"https:\/\/clonlara.org\/hu\/refund-policy-2\/"},"modified":"2025-04-03T13:52:59","modified_gmt":"2025-04-03T13:52:59","slug":"other-fees-and-services","status":"publish","type":"page","link":"https:\/\/clonlara.org\/hu\/other-fees-and-services\/","title":{"rendered":"Egy\u00e9b d\u00edjak \u00e9s szolg\u00e1ltat\u00e1sok"},"content":{"rendered":"\t\t<div data-elementor-type=\"wp-page\" data-elementor-id=\"10453\" class=\"elementor elementor-10453\" data-elementor-settings=\"[]\">\n\t\t\t<div class=\"elementor-inner\">\n\t\t\t\t<div class=\"elementor-section-wrap\">\n\t\t\t\t\t\t\t<section class=\"elementor-element elementor-element-8fa24f0 elementor-section-height-min-height elementor-section-boxed elementor-section-height-default elementor-section-items-middle elementor-section elementor-top-section\" data-id=\"8fa24f0\" data-element_type=\"section\" data-settings=\"{&quot;background_background&quot;:&quot;classic&quot;}\">\n\t\t\t\t\t\t<div class=\"elementor-container elementor-column-gap-default\">\n\t\t\t\t<div class=\"elementor-row\">\n\t\t\t\t<div class=\"elementor-element elementor-element-289aefc elementor-column elementor-col-100 elementor-top-column\" data-id=\"289aefc\" data-element_type=\"column\">\n\t\t\t<div class=\"elementor-column-wrap\">\n\t\t\t\t\t<div class=\"elementor-widget-wrap\">\n\t\t\t\t\t\t<\/div>\n\t\t\t<\/div>\n\t\t<\/div>\n\t\t\t\t\t\t<\/div>\n\t\t\t<\/div>\n\t\t<\/section>\n\t\t\t\t<section class=\"elementor-element elementor-element-a8c6550 enrollment-block1 elementor-section-boxed elementor-section-height-default elementor-section-height-default elementor-section elementor-top-section\" data-id=\"a8c6550\" data-element_type=\"section\" data-settings=\"{&quot;background_background&quot;:&quot;classic&quot;}\">\n\t\t\t\t\t\t<div class=\"elementor-container elementor-column-gap-default\">\n\t\t\t\t<div class=\"elementor-row\">\n\t\t\t\t<div class=\"elementor-element elementor-element-fe17038 elementor-column elementor-col-100 elementor-top-column\" data-id=\"fe17038\" data-element_type=\"column\">\n\t\t\t<div class=\"elementor-column-wrap  elementor-element-populated\">\n\t\t\t\t\t<div class=\"elementor-widget-wrap\">\n\t\t\t\t<div class=\"elementor-element elementor-element-5cc3da1 elementor-widget elementor-widget-heading\" data-id=\"5cc3da1\" data-element_type=\"widget\" data-widget_type=\"heading.default\">\n\t\t\t\t<div class=\"elementor-widget-container\">\n\t\t\t<h1 class=\"elementor-heading-title elementor-size-default\">Egy\u00e9b d\u00edjak \u00e9s szolg\u00e1ltat\u00e1sok<\/h1>\t\t<\/div>\n\t\t\t\t<\/div>\n\t\t\t\t<div class=\"elementor-element elementor-element-6196178 elementor-widget elementor-widget-text-editor\" data-id=\"6196178\" data-element_type=\"widget\" data-widget_type=\"text-editor.default\">\n\t\t\t\t<div class=\"elementor-widget-container\">\n\t\t\t\t\t<div class=\"elementor-text-editor elementor-clearfix\"><p style=\"text-align: left;\"><strong>Egy\u00e9b d\u00edjak \u00e9s szolg\u00e1ltat\u00e1sok<\/strong><\/p><table><tbody><tr><td><div class=\"page\" title=\"Page 1\"><div class=\"section\"><div class=\"layoutArea\"><div class=\"column\"><p><strong>Online kurzusok<\/strong><\/p><\/div><\/div><\/div><\/div><\/td><td>\u00a0<\/td><\/tr><tr><td><div class=\"page\" title=\"Page 1\"><div class=\"section\"><div class=\"layoutArea\"><div class=\"column\"><p style=\"text-align: left;\">\u00a0 \u00a0 \u00a00.50 kredit kurzus<\/p><\/div><\/div><\/div><\/div><\/td><td><div class=\"page\" title=\"Page 1\"><div class=\"section\"><div class=\"layoutArea\"><div class=\"column\"><p style=\"text-align: right;\">$395<\/p><\/div><\/div><\/div><\/div><\/td><\/tr><tr><td><div class=\"page\" title=\"Page 1\"><div class=\"section\"><div class=\"layoutArea\"><div class=\"column\"><p style=\"text-align: left;\">\u00a0 \u00a0 \u00a01.00 kredit kurzus<\/p><\/div><\/div><\/div><\/div><\/td><td><div class=\"page\" title=\"Page 1\"><div class=\"section\"><div class=\"layoutArea\"><div class=\"column\"><p style=\"text-align: right;\">$695<\/p><\/div><\/div><\/div><\/div><\/td><\/tr><tr><td><div class=\"page\" title=\"Page 1\"><div class=\"section\"><div class=\"layoutArea\"><div class=\"column\"><p><strong>R\u00e9szletfizet\u00e9si d\u00edj (a r\u00e9szletek sz\u00e1m\u00e1t\u00f3l f\u00fcggetlen\u00fcl)<\/strong><\/p><\/div><\/div><\/div><\/div><\/td><td><div class=\"page\" title=\"Page 1\"><div class=\"section\"><div class=\"layoutArea\"><div class=\"column\"><p style=\"text-align: right;\">\u00a0\u20ac30<\/p><\/div><\/div><\/div><\/div><\/td><\/tr><tr><td><div class=\"page\" title=\"Page 1\"><div class=\"section\"><div class=\"layoutArea\"><div class=\"column\"><div class=\"page\" title=\"Page 1\"><div class=\"section\"><div class=\"layoutArea\"><div class=\"column\"><p><strong>Apostille<\/strong><\/p><\/div><\/div><\/div><\/div><\/div><\/div><\/div><\/div><\/td><td><div class=\"page\" title=\"Page 1\"><div class=\"section\"><div class=\"layoutArea\"><div class=\"column\"><div class=\"page\" title=\"Page 1\"><div class=\"section\"><div class=\"layoutArea\"><div class=\"column\"><p style=\"text-align: right;\">\u00a0\u20ac100<\/p><\/div><\/div><\/div><\/div><\/div><\/div><\/div><\/div><\/td><\/tr><tr><td><div class=\"page\" title=\"Page 1\"><div class=\"section\"><div class=\"layoutArea\"><div class=\"column\"><div class=\"page\" title=\"Page 1\"><div class=\"section\"><div class=\"layoutArea\"><div class=\"column\"><p><strong>\u00c9retts\u00e9gi d\u00edj<\/strong><\/p><\/div><\/div><\/div><\/div><\/div><\/div><\/div><\/div><\/td><td><div class=\"page\" title=\"Page 1\"><div class=\"section\"><div class=\"layoutArea\"><div class=\"column\"><p style=\"text-align: right;\">\u00a0\u20ac150<\/p><\/div><\/div><\/div><\/div><\/td><\/tr><tr><td><div class=\"page\" title=\"Page 1\"><div class=\"section\"><div class=\"layoutArea\"><div class=\"column\"><div class=\"page\" title=\"Page 1\"><div class=\"section\"><div class=\"layoutArea\"><div class=\"column\"><p><strong>K\u00e9sedelmi d\u00edj<\/strong><\/p><\/div><\/div><\/div><\/div><\/div><\/div><\/div><\/div><\/td><td><div class=\"page\" title=\"Page 1\"><div class=\"section\"><div class=\"layoutArea\"><div class=\"column\"><div class=\"page\" title=\"Page 1\"><div class=\"section\"><div class=\"layoutArea\"><div class=\"column\"><p style=\"text-align: right;\">\u00a0\u20ac25<\/p><\/div><\/div><\/div><\/div><\/div><\/div><\/div><\/div><\/td><\/tr><tr><td><div class=\"page\" title=\"Page 1\"><div class=\"section\"><div class=\"layoutArea\"><div class=\"column\"><div class=\"page\" title=\"Page 1\"><div class=\"section\"><div class=\"layoutArea\"><div class=\"column\"><p><strong>S\u00fcrg\u0151ss\u00e9gi d\u00edj<\/strong><\/p><\/div><\/div><\/div><\/div><\/div><\/div><\/div><\/div><\/td><td><div class=\"page\" title=\"Page 1\"><div class=\"section\"><div class=\"layoutArea\"><div class=\"column\"><div class=\"page\" title=\"Page 1\"><div class=\"section\"><div class=\"layoutArea\"><div class=\"column\"><p style=\"text-align: right;\">\u00a0\u20ac50<\/p><\/div><\/div><\/div><\/div><\/div><\/div><\/div><\/div><\/td><\/tr><tr><td><div class=\"page\" title=\"Page 1\"><div class=\"section\"><div class=\"layoutArea\"><div class=\"column\"><div class=\"page\" title=\"Page 1\"><div class=\"section\"><div class=\"layoutArea\"><div class=\"column\"><p><strong>Speci\u00e1lis dokumentum ki\u00e1ll\u00edt\u00e1s\u00e1nak a d\u00edja<\/strong><\/p><\/div><\/div><\/div><\/div><\/div><\/div><\/div><\/div><\/td><td><div class=\"page\" title=\"Page 1\"><div class=\"section\"><div class=\"layoutArea\"><div class=\"column\"><p style=\"text-align: right;\">\u00a0\u20ac50\/h<\/p><\/div><\/div><\/div><\/div><\/td><\/tr><\/tbody><\/table><p><strong>A tand\u00edjjal \u00e9s a d\u00edjakkal kapcsolatos tov\u00e1bbi inform\u00e1ci\u00f3k\u00e9rt forduljon hozz\u00e1nk.<\/strong><\/p><\/div>\n\t\t\t\t<\/div>\n\t\t\t\t<\/div>\n\t\t\t\t\t\t<\/div>\n\t\t\t<\/div>\n\t\t<\/div>\n\t\t\t\t\t\t<\/div>\n\t\t\t<\/div>\n\t\t<\/section>\n\t\t\t\t\t\t<\/div>\n\t\t\t<\/div>\n\t\t<\/div>\n\t\t","protected":false},"excerpt":{"rendered":"<p>Egy\u00e9b d\u00edjak \u00e9s szolg\u00e1ltat\u00e1sok Egy\u00e9b d\u00edjak \u00e9s szolg\u00e1ltat\u00e1sok Online kurzusok \u00a0 \u00a0 \u00a0 \u00a00.50 kredit kurzus $395 \u00a0 \u00a0 \u00a01.00 kredit kurzus $695 R\u00e9szletfizet\u00e9si d\u00edj (a r\u00e9szletek sz\u00e1m\u00e1t\u00f3l f\u00fcggetlen\u00fcl) \u00a0\u20ac30 Apostille \u00a0\u20ac100 \u00c9retts\u00e9gi d\u00edj \u00a0\u20ac150 K\u00e9sedelmi d\u00edj \u00a0\u20ac25 S\u00fcrg\u0151ss\u00e9gi d\u00edj \u00a0\u20ac50 Speci\u00e1lis dokumentum ki\u00e1ll\u00edt\u00e1s\u00e1nak a d\u00edja \u00a0\u20ac50\/h A tand\u00edjjal \u00e9s a d\u00edjakkal kapcsolatos tov\u00e1bbi inform\u00e1ci\u00f3k\u00e9rt [&hellip;]<\/p>\n","protected":false},"author":1,"featured_media":0,"parent":0,"menu_order":0,"comment_status":"closed","ping_status":"closed","template":"elementor_header_footer","meta":{"footnotes":""},"class_list":["post-10453","page","type-page","status-publish","hentry"],"_links":{"self":[{"href":"https:\/\/clonlara.org\/hu\/wp-json\/wp\/v2\/pages\/10453","targetHints":{"allow":["GET"]}}],"collection":[{"href":"https:\/\/clonlara.org\/hu\/wp-json\/wp\/v2\/pages"}],"about":[{"href":"https:\/\/clonlara.org\/hu\/wp-json\/wp\/v2\/types\/page"}],"author":[{"embeddable":true,"href":"https:\/\/clonlara.org\/hu\/wp-json\/wp\/v2\/users\/1"}],"replies":[{"embeddable":true,"href":"https:\/\/clonlara.org\/hu\/wp-json\/wp\/v2\/comments?post=10453"}],"version-history":[{"count":6,"href":"https:\/\/clonlara.org\/hu\/wp-json\/wp\/v2\/pages\/10453\/revisions"}],"predecessor-version":[{"id":22644,"href":"https:\/\/clonlara.org\/hu\/wp-json\/wp\/v2\/pages\/10453\/revisions\/22644"}],"wp:attachment":[{"href":"https:\/\/clonlara.org\/hu\/wp-json\/wp\/v2\/media?parent=10453"}],"curies":[{"name":"wp","href":"https:\/\/api.w.org\/{rel}","templated":true}]}}