{"id":8717,"date":"2023-06-21T21:53:48","date_gmt":"2023-06-21T21:53:48","guid":{"rendered":"https:\/\/clonlara.org\/de\/diversity-statement\/"},"modified":"2026-04-01T18:50:27","modified_gmt":"2026-04-01T18:50:27","slug":"diversity-statement","status":"publish","type":"page","link":"https:\/\/clonlara.org\/de\/diversity-statement\/","title":{"rendered":"Diversity Statement"},"content":{"rendered":"\t\t<div data-elementor-type=\"wp-page\" data-elementor-id=\"8717\" class=\"elementor elementor-8717\" data-elementor-settings=\"[]\">\n\t\t\t<div class=\"elementor-inner\">\n\t\t\t\t<div class=\"elementor-section-wrap\">\n\t\t\t\t\t\t\t<section class=\"elementor-element elementor-element-e4c2215 elementor-section-height-min-height elementor-section-boxed elementor-section-height-default elementor-section-items-middle elementor-section elementor-top-section\" data-id=\"e4c2215\" data-element_type=\"section\" data-settings=\"{&quot;background_background&quot;:&quot;classic&quot;}\">\n\t\t\t\t\t\t<div class=\"elementor-container elementor-column-gap-default\">\n\t\t\t\t<div class=\"elementor-row\">\n\t\t\t\t<div class=\"elementor-element elementor-element-ffe3992 elementor-column elementor-col-100 elementor-top-column\" data-id=\"ffe3992\" data-element_type=\"column\" data-settings=\"{&quot;background_background&quot;:&quot;slideshow&quot;,&quot;background_slideshow_gallery&quot;:[],&quot;background_slideshow_loop&quot;:&quot;yes&quot;,&quot;background_slideshow_slide_duration&quot;:5000,&quot;background_slideshow_slide_transition&quot;:&quot;fade&quot;,&quot;background_slideshow_transition_duration&quot;:500}\">\n\t\t\t<div class=\"elementor-column-wrap\">\n\t\t\t\t\t<div class=\"elementor-widget-wrap\">\n\t\t\t\t\t\t<\/div>\n\t\t\t<\/div>\n\t\t<\/div>\n\t\t\t\t\t\t<\/div>\n\t\t\t<\/div>\n\t\t<\/section>\n\t\t\t\t<section class=\"elementor-element elementor-element-1942a00 elementor-section-boxed elementor-section-height-default elementor-section-height-default elementor-section elementor-top-section\" data-id=\"1942a00\" data-element_type=\"section\" data-settings=\"{&quot;background_background&quot;:&quot;classic&quot;}\">\n\t\t\t\t\t\t<div class=\"elementor-container elementor-column-gap-default\">\n\t\t\t\t<div class=\"elementor-row\">\n\t\t\t\t<div class=\"elementor-element elementor-element-664aef3 elementor-column elementor-col-100 elementor-top-column\" data-id=\"664aef3\" data-element_type=\"column\">\n\t\t\t<div class=\"elementor-column-wrap  elementor-element-populated\">\n\t\t\t\t\t<div class=\"elementor-widget-wrap\">\n\t\t\t\t<div class=\"elementor-element elementor-element-bfcb438 elementor-widget elementor-widget-jet-headline\" data-id=\"bfcb438\" data-element_type=\"widget\" data-widget_type=\"jet-headline.default\">\n\t\t\t\t<div class=\"elementor-widget-container\">\n\t\t\t<h1 class=\"jet-headline jet-headline--direction-horizontal\"><span class=\"jet-headline__part jet-headline__first\"><span class=\"jet-headline__label\">Clonlara begr\u00fc\u00dft Vielfalt<\/span><\/span><span class=\"jet-headline__space\">&nbsp;<\/span><\/h1>\t\t<\/div>\n\t\t\t\t<\/div>\n\t\t\t\t<div class=\"elementor-element elementor-element-7fec3b4 elementor-widget elementor-widget-heading\" data-id=\"7fec3b4\" data-element_type=\"widget\" data-widget_type=\"heading.default\">\n\t\t\t\t<div class=\"elementor-widget-container\">\n\t\t\t<h1 class=\"elementor-heading-title elementor-size-default\">Erkl\u00e4rung zur Diversit\u00e4t<\/h1>\t\t<\/div>\n\t\t\t\t<\/div>\n\t\t\t\t<div class=\"elementor-element elementor-element-2b1227d elementor-widget elementor-widget-text-editor\" data-id=\"2b1227d\" data-element_type=\"widget\" data-widget_type=\"text-editor.default\">\n\t\t\t\t<div class=\"elementor-widget-container\">\n\t\t\t\t\t<div class=\"elementor-text-editor elementor-clearfix\"><p><span data-contrast=\"auto\">Seit 1967 f\u00f6rdert und sch\u00fctzt Clonlara School die p\u00e4dagogische Autonomie und Freiheit des Einzelnen, insbesondere der Kinder. Im Laufe der Jahrzehnte hat eine gro\u00dfe Vielfalt an Menschen, Gedanken und Erfahrungen die globale Lerngemeinschaft unserer Schule gepr\u00e4gt und gest\u00e4rkt. Heute braucht die Welt mehr denn je Schulen und Modelle, die Offenheit, kritisches Denken und gemeinschaftliches Lernen f\u00f6rdern, die Inklusion praktizieren und Toleranz f\u00f6rdern, so wie Clonlara es sich zur Aufgabe gemacht hat.\u202f<\/span><span data-ccp-props=\"{}\">\u00a0<\/span><\/p><p><span data-contrast=\"auto\">Die folgenden Grunds\u00e4tze leiten\u00a0Clonlaras\u00a0Ansatz zur Unterst\u00fctzung unserer Sch\u00fclerinnen, Sch\u00fcler, Familien und Mitarbeiter:\u202f<\/span><span data-ccp-props=\"{}\">\u00a0<\/span><\/p><ul><li><span class=\"TextRun SCXW67570125 BCX8\" lang=\"DE-DE\" xml:lang=\"DE-DE\" data-contrast=\"auto\"><span class=\"NormalTextRun SCXW67570125 BCX8\">Clonlara verpflichtet sich zur Nichtdiskriminierung bei Aufnahme, Ausbildung und Besch\u00e4ftigung. Dazu geh\u00f6ren Alter,\u00a0<\/span><span class=\"NormalTextRun SCXW67570125 BCX8\">Herkunft<\/span><span class=\"NormalTextRun SCXW67570125 BCX8\">, Religion und Identit\u00e4t.\u202f<\/span><\/span><span class=\"EOP SCXW67570125 BCX8\" data-ccp-props=\"{}\">\u00a0<\/span><\/li><li><span class=\"TextRun SCXW89260002 BCX8\" lang=\"DE-DE\" xml:lang=\"DE-DE\" data-contrast=\"auto\"><span class=\"NormalTextRun SCXW89260002 BCX8\">Clonlara schenkt allen Sch\u00fclern, Sch\u00fclerinnen, Familien und Mitarbeitern Vertrauen und st\u00e4rkt sie durch unseren personalisierten Lernansatz und die positive Kultur unseres Arbeitsumfelds.<\/span><\/span><\/li><li><span class=\"TextRun SCXW60953566 BCX8\" lang=\"DE-DE\" xml:lang=\"DE-DE\" data-contrast=\"auto\"><span class=\"NormalTextRun SCXW60953566 BCX8\">Clonlara handelt mit der Absicht, den Mitgliedern unserer Schulgemeinschaft einen sicheren, respektvollen, gleichberechtigten und inklusiven Raum f\u00fcr Interaktionen zu bieten &#8211; pers\u00f6nlich, virtuell und schriftlich.<\/span><\/span><\/li><\/ul><p><span class=\"TextRun SCXW77802896 BCX8\" lang=\"DE-DE\" xml:lang=\"DE-DE\" data-contrast=\"auto\"><span class=\"NormalTextRun SCXW77802896 BCX8\">Unterschiede, Meinungsverschiedenheiten und sogar Konflikte sind integraler Bestandteil des Lernens, und Clonlara h\u00e4tte ohne eine kooperative, nicht wertende Herangehensweise an die individuellen Umst\u00e4nde, Vorlieben und Entscheidungen der von uns betreuten Sch\u00fcler, Sch\u00fclerinnen und Familien nicht \u00fcberlebt. Wie unsere Gr\u00fcnderin Pat Montgomery sagte: &#8220;Wenn wir lernen, uns Differenzen direkt zu stellen, so schmerzhaft das auch sein mag, werden wir F\u00e4higkeiten zur Probleml\u00f6sung entwickeln. Die meisten Probleme lassen sich auf diese direkte, abw\u00e4gende Weise l\u00f6sen.&#8221;<\/span><\/span><\/p><p><span class=\"NormalTextRun SCXW213283409 BCX8\">Clonlara wird sich\u00a0<\/span><span class=\"NormalTextRun SCXW213283409 BCX8\">immer\u00a0<\/span><span class=\"NormalTextRun SCXW213283409 BCX8\">bem\u00fchen, unsere Empathie und unser Mitgef\u00fchl f\u00fcr die Mitglieder unserer Schulgemeinschaft zu erh\u00f6hen; wir werden versuchen, eine gemeinsame Basis zu finden, wo immer dies m\u00f6glich ist, und wir werden uns gegen Vorf\u00e4lle von Rassismus, Gewalt, Bigotterie und Hass wehren, die versuchen, uns zu spalten oder zu sch\u00e4digen.<\/span><\/p><p><span class=\"TextRun SCXW207804013 BCX8\" lang=\"DE-DE\" xml:lang=\"DE-DE\" data-contrast=\"auto\"><span class=\"NormalTextRun SCXW207804013 BCX8\">Im Laufe der Zeit kann sich diese Erkl\u00e4rung \u00e4ndern, wenn sich unser Verst\u00e4ndnis weiterentwickelt. Wir werden sie bei Bedarf neu bewerten und \u00fcberarbeiten.<\/span><\/span><\/p><\/div>\n\t\t\t\t<\/div>\n\t\t\t\t<\/div>\n\t\t\t\t\t\t<\/div>\n\t\t\t<\/div>\n\t\t<\/div>\n\t\t\t\t\t\t<\/div>\n\t\t\t<\/div>\n\t\t<\/section>\n\t\t\t\t<section class=\"elementor-element elementor-element-390cfd4 elementor-section-full_width elementor-section-height-default elementor-section-height-default elementor-section elementor-top-section\" data-id=\"390cfd4\" data-element_type=\"section\">\n\t\t\t\t\t\t<div class=\"elementor-container elementor-column-gap-default\">\n\t\t\t\t<div class=\"elementor-row\">\n\t\t\t\t<div class=\"elementor-element elementor-element-cc87328 elementor-column elementor-col-100 elementor-top-column\" data-id=\"cc87328\" data-element_type=\"column\">\n\t\t\t<div class=\"elementor-column-wrap  elementor-element-populated\">\n\t\t\t\t\t<div class=\"elementor-widget-wrap\">\n\t\t\t\t<div class=\"elementor-element elementor-element-4618c16 elementor-widget elementor-widget-shortcode\" data-id=\"4618c16\" data-element_type=\"widget\" data-widget_type=\"shortcode.default\">\n\t\t\t\t<div class=\"elementor-widget-container\">\n\t\t\t\t\t<div class=\"elementor-shortcode\">\t\t<div data-elementor-type=\"wp-post\" data-elementor-id=\"268\" class=\"elementor elementor-268\" data-elementor-settings=\"[]\">\n\t\t\t<div class=\"elementor-inner\">\n\t\t\t\t<div class=\"elementor-section-wrap\">\n\t\t\t\t\t\t\t<section class=\"elementor-element elementor-element-8e15235 elementor-section-full_width global-pre-footer elementor-section-height-default elementor-section-height-default elementor-section elementor-top-section\" data-id=\"8e15235\" data-element_type=\"section\" data-settings=\"{&quot;background_background&quot;:&quot;classic&quot;}\">\n\t\t\t\t\t\t<div class=\"elementor-container elementor-column-gap-default\">\n\t\t\t\t<div class=\"elementor-row\">\n\t\t\t\t<div class=\"elementor-element elementor-element-5e9fd07 elementor-column elementor-col-100 elementor-top-column\" data-id=\"5e9fd07\" data-element_type=\"column\" data-settings=\"{&quot;background_background&quot;:&quot;classic&quot;}\">\n\t\t\t<div class=\"elementor-column-wrap  elementor-element-populated\">\n\t\t\t\t\t<div class=\"elementor-widget-wrap\">\n\t\t\t\t<section class=\"elementor-element elementor-element-a5abcd5 elementor-section-boxed elementor-section-height-default elementor-section-height-default elementor-section elementor-inner-section\" data-id=\"a5abcd5\" data-element_type=\"section\">\n\t\t\t\t\t\t<div class=\"elementor-container elementor-column-gap-wider\">\n\t\t\t\t<div class=\"elementor-row\">\n\t\t\t\t<div class=\"elementor-element elementor-element-19080e1 elementor-column elementor-col-50 elementor-inner-column\" data-id=\"19080e1\" data-element_type=\"column\">\n\t\t\t<div class=\"elementor-column-wrap  elementor-element-populated\">\n\t\t\t\t\t<div class=\"elementor-widget-wrap\">\n\t\t\t\t<div class=\"elementor-element elementor-element-3f71c25 elementor-widget elementor-widget-heading\" data-id=\"3f71c25\" data-element_type=\"widget\" data-widget_type=\"heading.default\">\n\t\t\t\t<div class=\"elementor-widget-container\">\n\t\t\t<h2 class=\"elementor-heading-title elementor-size-default\">Akkreditierungen<\/h2>\t\t<\/div>\n\t\t\t\t<\/div>\n\t\t\t\t<div class=\"elementor-element elementor-element-d9e4f61 elementor-widget__width-auto elementor-widget elementor-widget-image\" data-id=\"d9e4f61\" data-element_type=\"widget\" data-widget_type=\"image.default\">\n\t\t\t\t<div class=\"elementor-widget-container\">\n\t\t\t\t\t<div class=\"elementor-image\">\n\t\t\t\t\t\t\t\t\t\t\t<a href=\"https:\/\/ncpsa.org\/\">\n\t\t\t\t\t\t\t<img loading=\"lazy\" decoding=\"async\" width=\"300\" height=\"300\" src=\"https:\/\/clonlara.org\/de\/wp-content\/uploads\/sites\/8\/2019\/07\/1.1-Logo_Round-300x300.png\" class=\"attachment-medium size-medium\" alt=\"\" srcset=\"https:\/\/clonlara.org\/de\/wp-content\/uploads\/sites\/8\/2019\/07\/1.1-Logo_Round-300x300.png 300w, https:\/\/clonlara.org\/de\/wp-content\/uploads\/sites\/8\/2019\/07\/1.1-Logo_Round-150x150.png 150w, https:\/\/clonlara.org\/de\/wp-content\/uploads\/sites\/8\/2019\/07\/1.1-Logo_Round.png 601w\" sizes=\"auto, (max-width: 300px) 100vw, 300px\" \/>\t\t\t\t\t\t\t\t<\/a>\n\t\t\t\t\t\t\t\t\t\t\t<\/div>\n\t\t\t\t<\/div>\n\t\t\t\t<\/div>\n\t\t\t\t<div class=\"elementor-element elementor-element-08b6c9d elementor-widget__width-auto elementor-widget elementor-widget-image\" data-id=\"08b6c9d\" data-element_type=\"widget\" data-widget_type=\"image.default\">\n\t\t\t\t<div class=\"elementor-widget-container\">\n\t\t\t\t\t<div class=\"elementor-image\">\n\t\t\t\t\t\t\t\t\t\t\t<a href=\"https:\/\/www.msa-cess.org\/\">\n\t\t\t\t\t\t\t<img loading=\"lazy\" decoding=\"async\" width=\"300\" height=\"300\" src=\"https:\/\/clonlara.org\/de\/wp-content\/uploads\/sites\/8\/2019\/07\/2-Logo_Round-300x300.png\" class=\"attachment-medium size-medium\" alt=\"\" srcset=\"https:\/\/clonlara.org\/de\/wp-content\/uploads\/sites\/8\/2019\/07\/2-Logo_Round-300x300.png 300w, https:\/\/clonlara.org\/de\/wp-content\/uploads\/sites\/8\/2019\/07\/2-Logo_Round-150x150.png 150w, https:\/\/clonlara.org\/de\/wp-content\/uploads\/sites\/8\/2019\/07\/2-Logo_Round.png 601w\" sizes=\"auto, (max-width: 300px) 100vw, 300px\" \/>\t\t\t\t\t\t\t\t<\/a>\n\t\t\t\t\t\t\t\t\t\t\t<\/div>\n\t\t\t\t<\/div>\n\t\t\t\t<\/div>\n\t\t\t\t<div class=\"elementor-element elementor-element-b6797d3 elementor-widget__width-auto elementor-widget elementor-widget-image\" data-id=\"b6797d3\" data-element_type=\"widget\" data-widget_type=\"image.default\">\n\t\t\t\t<div class=\"elementor-widget-container\">\n\t\t\t\t\t<div class=\"elementor-image\">\n\t\t\t\t\t\t\t\t\t\t\t<a href=\"https:\/\/accreditationinternational.org\/\">\n\t\t\t\t\t\t\t<img loading=\"lazy\" decoding=\"async\" width=\"300\" height=\"300\" src=\"https:\/\/clonlara.org\/de\/wp-content\/uploads\/sites\/8\/2019\/07\/Logo@x1-300x300.png\" class=\"attachment-medium size-medium\" alt=\"\" srcset=\"https:\/\/clonlara.org\/de\/wp-content\/uploads\/sites\/8\/2019\/07\/Logo@x1-300x300.png 300w, https:\/\/clonlara.org\/de\/wp-content\/uploads\/sites\/8\/2019\/07\/Logo@x1-150x150.png 150w, https:\/\/clonlara.org\/de\/wp-content\/uploads\/sites\/8\/2019\/07\/Logo@x1.png 302w\" sizes=\"auto, (max-width: 300px) 100vw, 300px\" \/>\t\t\t\t\t\t\t\t<\/a>\n\t\t\t\t\t\t\t\t\t\t\t<\/div>\n\t\t\t\t<\/div>\n\t\t\t\t<\/div>\n\t\t\t\t\t\t<\/div>\n\t\t\t<\/div>\n\t\t<\/div>\n\t\t\t\t<div class=\"elementor-element elementor-element-f5ca6e4 elementor-column elementor-col-50 elementor-inner-column\" data-id=\"f5ca6e4\" data-element_type=\"column\">\n\t\t\t<div class=\"elementor-column-wrap  elementor-element-populated\">\n\t\t\t\t\t<div class=\"elementor-widget-wrap\">\n\t\t\t\t<div class=\"elementor-element elementor-element-4993768 elementor-widget elementor-widget-heading\" data-id=\"4993768\" data-element_type=\"widget\" data-widget_type=\"heading.default\">\n\t\t\t\t<div class=\"elementor-widget-container\">\n\t\t\t<h2 class=\"elementor-heading-title elementor-size-default\">Unterst\u00fctzung Clonlara<\/h2>\t\t<\/div>\n\t\t\t\t<\/div>\n\t\t\t\t<div class=\"elementor-element elementor-element-e11e19f elementor-widget elementor-widget-text-editor\" data-id=\"e11e19f\" data-element_type=\"widget\" data-widget_type=\"text-editor.default\">\n\t\t\t\t<div class=\"elementor-widget-container\">\n\t\t\t\t\t<div class=\"elementor-text-editor elementor-clearfix\"><p class=\"p1\">Es gibt viele M\u00f6glichkeiten, Clonlara zu unterst\u00fctzen. Sie k\u00f6nnen Ihre Zeit, Ihr Wissen und Ihre Erfahrungen teilen oder etwas spenden. Somit haben Sie einen direkten Einfluss auf unsere Community.<\/p><\/div>\n\t\t\t\t<\/div>\n\t\t\t\t<\/div>\n\t\t\t\t<div class=\"elementor-element elementor-element-905be1b elementor-align-left elementor-widget__width-auto elementor-widget elementor-widget-button\" data-id=\"905be1b\" data-element_type=\"widget\" data-widget_type=\"button.default\">\n\t\t\t\t<div class=\"elementor-widget-container\">\n\t\t\t\t\t<div class=\"elementor-button-wrapper\">\n\t\t\t<a href=\"https:\/\/clonlara.org\/de\/support\/\" class=\"elementor-button-link elementor-button elementor-size-md\" role=\"button\">\n\t\t\t\t\t\t<span class=\"elementor-button-content-wrapper\">\n\t\t\t\t\t\t<span class=\"elementor-button-text\">Mehr erfahren<\/span>\n\t\t<\/span>\n\t\t\t\t\t<\/a>\n\t\t<\/div>\n\t\t\t\t<\/div>\n\t\t\t\t<\/div>\n\t\t\t\t\t\t<\/div>\n\t\t\t<\/div>\n\t\t<\/div>\n\t\t\t\t\t\t<\/div>\n\t\t\t<\/div>\n\t\t<\/section>\n\t\t\t\t\t\t<\/div>\n\t\t\t<\/div>\n\t\t<\/div>\n\t\t\t\t\t\t<\/div>\n\t\t\t<\/div>\n\t\t<\/section>\n\t\t\t\t\t\t<\/div>\n\t\t\t<\/div>\n\t\t<\/div>\n\t\t<\/div>\n\t\t\t\t<\/div>\n\t\t\t\t<\/div>\n\t\t\t\t\t\t<\/div>\n\t\t\t<\/div>\n\t\t<\/div>\n\t\t\t\t\t\t<\/div>\n\t\t\t<\/div>\n\t\t<\/section>\n\t\t\t\t\t\t<\/div>\n\t\t\t<\/div>\n\t\t<\/div>\n\t\t","protected":false},"excerpt":{"rendered":"<p>Clonlara begr\u00fc\u00dft Vielfalt&nbsp; Erkl\u00e4rung zur Diversit\u00e4t Seit 1967 f\u00f6rdert und sch\u00fctzt Clonlara School die p\u00e4dagogische Autonomie und Freiheit des Einzelnen, insbesondere der Kinder. Im Laufe der Jahrzehnte hat eine gro\u00dfe Vielfalt an Menschen, Gedanken und Erfahrungen die globale Lerngemeinschaft unserer Schule gepr\u00e4gt und gest\u00e4rkt. Heute braucht die Welt mehr denn je Schulen und Modelle, die [&hellip;]<\/p>\n","protected":false},"author":1,"featured_media":0,"parent":0,"menu_order":0,"comment_status":"closed","ping_status":"closed","template":"elementor_header_footer","meta":{"footnotes":""},"class_list":["post-8717","page","type-page","status-publish","hentry"],"_links":{"self":[{"href":"https:\/\/clonlara.org\/de\/wp-json\/wp\/v2\/pages\/8717","targetHints":{"allow":["GET"]}}],"collection":[{"href":"https:\/\/clonlara.org\/de\/wp-json\/wp\/v2\/pages"}],"about":[{"href":"https:\/\/clonlara.org\/de\/wp-json\/wp\/v2\/types\/page"}],"author":[{"embeddable":true,"href":"https:\/\/clonlara.org\/de\/wp-json\/wp\/v2\/users\/1"}],"replies":[{"embeddable":true,"href":"https:\/\/clonlara.org\/de\/wp-json\/wp\/v2\/comments?post=8717"}],"version-history":[{"count":5,"href":"https:\/\/clonlara.org\/de\/wp-json\/wp\/v2\/pages\/8717\/revisions"}],"predecessor-version":[{"id":27922,"href":"https:\/\/clonlara.org\/de\/wp-json\/wp\/v2\/pages\/8717\/revisions\/27922"}],"wp:attachment":[{"href":"https:\/\/clonlara.org\/de\/wp-json\/wp\/v2\/media?parent=8717"}],"curies":[{"name":"wp","href":"https:\/\/api.w.org\/{rel}","templated":true}]}}