{"id":8303,"date":"2022-03-31T13:07:09","date_gmt":"2022-03-31T13:07:09","guid":{"rendered":"https:\/\/clonlara.org\/de\/?page_id=8303"},"modified":"2024-03-20T11:46:17","modified_gmt":"2024-03-20T11:46:17","slug":"refund-policy","status":"publish","type":"page","link":"https:\/\/clonlara.org\/de\/refund-policy\/","title":{"rendered":"Refund Policy"},"content":{"rendered":"\t\t<div data-elementor-type=\"wp-page\" data-elementor-id=\"8303\" class=\"elementor elementor-8303\" data-elementor-settings=\"[]\">\n\t\t\t<div class=\"elementor-inner\">\n\t\t\t\t<div class=\"elementor-section-wrap\">\n\t\t\t\t\t\t\t<section class=\"elementor-element elementor-element-e5f1abd elementor-section-height-min-height elementor-section-boxed elementor-section-height-default elementor-section-items-middle elementor-section elementor-top-section\" data-id=\"e5f1abd\" data-element_type=\"section\" data-settings=\"{&quot;background_background&quot;:&quot;classic&quot;}\">\n\t\t\t\t\t\t<div class=\"elementor-container elementor-column-gap-default\">\n\t\t\t\t<div class=\"elementor-row\">\n\t\t\t\t<div class=\"elementor-element elementor-element-49770b0 elementor-column elementor-col-100 elementor-top-column\" data-id=\"49770b0\" data-element_type=\"column\">\n\t\t\t<div class=\"elementor-column-wrap\">\n\t\t\t\t\t<div class=\"elementor-widget-wrap\">\n\t\t\t\t\t\t<\/div>\n\t\t\t<\/div>\n\t\t<\/div>\n\t\t\t\t\t\t<\/div>\n\t\t\t<\/div>\n\t\t<\/section>\n\t\t\t\t<section class=\"elementor-element elementor-element-9db30c6 enrollment-block1 elementor-section-boxed elementor-section-height-default elementor-section-height-default elementor-section elementor-top-section\" data-id=\"9db30c6\" data-element_type=\"section\" data-settings=\"{&quot;background_background&quot;:&quot;classic&quot;}\">\n\t\t\t\t\t\t<div class=\"elementor-container elementor-column-gap-default\">\n\t\t\t\t<div class=\"elementor-row\">\n\t\t\t\t<div class=\"elementor-element elementor-element-74fe0c1 elementor-column elementor-col-100 elementor-top-column\" data-id=\"74fe0c1\" data-element_type=\"column\">\n\t\t\t<div class=\"elementor-column-wrap  elementor-element-populated\">\n\t\t\t\t\t<div class=\"elementor-widget-wrap\">\n\t\t\t\t<div class=\"elementor-element elementor-element-ec32280 elementor-widget elementor-widget-heading\" data-id=\"ec32280\" data-element_type=\"widget\" data-widget_type=\"heading.default\">\n\t\t\t\t<div class=\"elementor-widget-container\">\n\t\t\t<h1 class=\"elementor-heading-title elementor-size-default\">R\u00fccktrittsbedingungen<\/h1>\t\t<\/div>\n\t\t\t\t<\/div>\n\t\t\t\t<div class=\"elementor-element elementor-element-fa010ec elementor-widget elementor-widget-text-editor\" data-id=\"fa010ec\" data-element_type=\"widget\" data-widget_type=\"text-editor.default\">\n\t\t\t\t<div class=\"elementor-widget-container\">\n\t\t\t\t\t<div class=\"elementor-text-editor elementor-clearfix\"><h4>Widerruf der Einschreibung<\/h4><p>W\u00e4hrend des Einschreibeprozesses bem\u00fchen wir uns, die Gestaltung unseres Programmes, unseren Ansatz der gemeinschaftlichen Arbeit mit Ihnen und den sich daraus ergebenden Zeitaufwand verst\u00e4ndlich darzustellen. Sollten Sie dennoch feststellen, dass unser Programm nicht Ihren Erwartungen entspricht, k\u00f6nnen Sie hier die R\u00fccktrittsbedingungen nachlesen.<\/p><h4>Erneut eingeschriebene Sch\u00fcler<\/h4><p>F\u00fcr Sch\u00fcler, die schon im vorangegangenen Schuljahr eingeschrieben waren, ist ein R\u00fccktritt vom Vertrag und eine damit verbundene R\u00fcckerstattung der Schulgeb\u00fchren nicht m\u00f6glich, d.h. die Schulgeb\u00fchren f\u00fcr 2022-23 sind nicht erstattungsf\u00e4hig bei einem R\u00fccktritt vom Vertrag f\u00fcr Familien, die im Schuljahr 2021-22 eingeschrieben waren.<\/p><h4>Neu eingeschriebene Sch\u00fcler<\/h4><p>(Dies gilt auch f\u00fcr Sch\u00fcler, die in der Vergangenheit schon bei Clonlara eingeschrieben waren, aber nicht im vorangegangenen Schuljahr.)<\/p><p>Es ist uns bewusst, dass neu eingeschriebene Familien Zeit brauchen, um die neue Bildungssituation mit individuell selbstgestaltetem Bildungsplan und Bildungsweg zu verstehen, da dies f\u00fcr viele eine v\u00f6llig neue Erfahrung sein wird. Wir geben neu eingeschriebenen Familien daher Zeit, sich mit dem Clonlara-Handbuch vertraut zu machen und ein pers\u00f6nliches Einf\u00fchrungsgespr\u00e4ch mit ihrem Lernberater zu f\u00fchren.<\/p><p>Neu eingeschriebene Familien haben die M\u00f6glichkeit innerhalb von 45 Kalendertagen nach der Anmeldung, oder 45 Kalendertagen nach dem 1. September des jeweiligen Schuljahres, je nachdem was sp\u00e4ter eintrifft, vom Vertrag zur\u00fcckzutreten.<\/p><p>Die Anmelde- und Verwaltungsgeb\u00fchr und die Geb\u00fchr f\u00fcr die Vereinbarung eine Zahlungsplans sind nicht erstattungsf\u00e4hig.<\/p><h4>R\u00fccktrittserkl\u00e4rung einreichen<\/h4><p>Sie m\u00fcssen die R\u00fccktrittserkl\u00e4rung schriftlich beim Clonlara-B\u00fcro einreichen, indem Sie ein R\u00fccktrittsformular ausf\u00fcllen.<\/p><p>Das Formular finden Sie hier:<\/p><p><a href=\"https:\/\/clonlara.formstack.com\/forms\/withdrawal_germany\" target=\"_blank\" rel=\"noopener\">R\u00fccktrittsformular &#8211; Deutsch<\/a><\/p><h4>R\u00fcckerstattung bereits gezahlter Schulgeb\u00fchren<\/h4><p>Wenn Sie innerhalb der R\u00fccktrittsfrist den Schulvertrag f\u00f6rmlich widerrufen, erstatten wir Ihnen 80% der Schulgeb\u00fchren, falls Sie bereits den vollen Betrag gezahlt haben. Die Anmelde- und Verwaltungsgeb\u00fchr und die Geb\u00fchr f\u00fcr einen Zahlungsplan werden nicht erstattet.<\/p><p>Falls Sie in Raten zahlen und bereits mehr als die Anmelde- und Verwaltungsgeb\u00fchr plus Zahlungsplangeb\u00fchr plus 20% der Schulgeb\u00fchr gezahlt haben, erstatten wir Ihnen den dar\u00fcber liegenden Betrag zur\u00fcck. Alle weiteren noch zu zahlenden Raten werden gestrichen.<\/p><p>R\u00fcckzahlungen erfolgen in derselben Art und Weise wie die Zahlung durchgef\u00fchrt wurde. Bitte haben Sie Verst\u00e4ndnis, dass der R\u00fcckerstattungsprozess bis zu 2 Wochen dauern kann.<\/p><\/div>\n\t\t\t\t<\/div>\n\t\t\t\t<\/div>\n\t\t\t\t\t\t<\/div>\n\t\t\t<\/div>\n\t\t<\/div>\n\t\t\t\t\t\t<\/div>\n\t\t\t<\/div>\n\t\t<\/section>\n\t\t\t\t\t\t<\/div>\n\t\t\t<\/div>\n\t\t<\/div>\n\t\t","protected":false},"excerpt":{"rendered":"<p>R\u00fccktrittsbedingungen Widerruf der Einschreibung W\u00e4hrend des Einschreibeprozesses bem\u00fchen wir uns, die Gestaltung unseres Programmes, unseren Ansatz der gemeinschaftlichen Arbeit mit Ihnen und den sich daraus ergebenden Zeitaufwand verst\u00e4ndlich darzustellen. Sollten Sie dennoch feststellen, dass unser Programm nicht Ihren Erwartungen entspricht, k\u00f6nnen Sie hier die R\u00fccktrittsbedingungen nachlesen. Erneut eingeschriebene Sch\u00fcler F\u00fcr Sch\u00fcler, die schon im vorangegangenen [&hellip;]<\/p>\n","protected":false},"author":1,"featured_media":0,"parent":0,"menu_order":0,"comment_status":"closed","ping_status":"closed","template":"elementor_header_footer","meta":{"footnotes":""},"class_list":["post-8303","page","type-page","status-publish","hentry"],"_links":{"self":[{"href":"https:\/\/clonlara.org\/de\/wp-json\/wp\/v2\/pages\/8303","targetHints":{"allow":["GET"]}}],"collection":[{"href":"https:\/\/clonlara.org\/de\/wp-json\/wp\/v2\/pages"}],"about":[{"href":"https:\/\/clonlara.org\/de\/wp-json\/wp\/v2\/types\/page"}],"author":[{"embeddable":true,"href":"https:\/\/clonlara.org\/de\/wp-json\/wp\/v2\/users\/1"}],"replies":[{"embeddable":true,"href":"https:\/\/clonlara.org\/de\/wp-json\/wp\/v2\/comments?post=8303"}],"version-history":[{"count":7,"href":"https:\/\/clonlara.org\/de\/wp-json\/wp\/v2\/pages\/8303\/revisions"}],"predecessor-version":[{"id":9480,"href":"https:\/\/clonlara.org\/de\/wp-json\/wp\/v2\/pages\/8303\/revisions\/9480"}],"wp:attachment":[{"href":"https:\/\/clonlara.org\/de\/wp-json\/wp\/v2\/media?parent=8303"}],"curies":[{"name":"wp","href":"https:\/\/api.w.org\/{rel}","templated":true}]}}