{"id":19,"date":"2019-07-01T18:12:34","date_gmt":"2019-07-01T18:12:34","guid":{"rendered":"https:\/\/clonlara.org\/?page_id=19"},"modified":"2022-05-12T13:58:55","modified_gmt":"2022-05-12T13:58:55","slug":"events","status":"publish","type":"page","link":"https:\/\/clonlara.org\/de\/events\/","title":{"rendered":"Events"},"content":{"rendered":"\t\t<div data-elementor-type=\"wp-post\" data-elementor-id=\"19\" class=\"elementor elementor-19\" data-elementor-settings=\"[]\">\n\t\t\t<div class=\"elementor-inner\">\n\t\t\t\t<div class=\"elementor-section-wrap\">\n\t\t\t\t\t\t\t<section class=\"elementor-element elementor-element-5275870 elementor-section-height-min-height elementor-section-boxed elementor-section-height-default elementor-section-items-middle elementor-section elementor-top-section\" data-id=\"5275870\" data-element_type=\"section\" data-settings=\"{&quot;background_background&quot;:&quot;classic&quot;}\">\n\t\t\t\t\t\t<div class=\"elementor-container elementor-column-gap-default\">\n\t\t\t\t<div class=\"elementor-row\">\n\t\t\t\t<div class=\"elementor-element elementor-element-92b6fab elementor-column elementor-col-100 elementor-top-column\" data-id=\"92b6fab\" data-element_type=\"column\">\n\t\t\t<div class=\"elementor-column-wrap\">\n\t\t\t\t\t<div class=\"elementor-widget-wrap\">\n\t\t\t\t\t\t<\/div>\n\t\t\t<\/div>\n\t\t<\/div>\n\t\t\t\t\t\t<\/div>\n\t\t\t<\/div>\n\t\t<\/section>\n\t\t\t\t<section class=\"elementor-element elementor-element-22a105c events-conferences elementor-section-full_width elementor-section-height-default elementor-section-height-default elementor-section elementor-top-section\" data-id=\"22a105c\" data-element_type=\"section\" data-settings=\"{&quot;background_background&quot;:&quot;classic&quot;}\">\n\t\t\t\t\t\t<div class=\"elementor-container elementor-column-gap-no\">\n\t\t\t\t<div class=\"elementor-row\">\n\t\t\t\t<div class=\"elementor-element elementor-element-0376e8e elementor-column elementor-col-100 elementor-top-column\" data-id=\"0376e8e\" data-element_type=\"column\">\n\t\t\t<div class=\"elementor-column-wrap  elementor-element-populated\">\n\t\t\t\t\t<div class=\"elementor-widget-wrap\">\n\t\t\t\t<section class=\"elementor-element elementor-element-d135d82 elementor-section-full_width elementor-section-height-default elementor-section-height-default elementor-section elementor-inner-section\" data-id=\"d135d82\" data-element_type=\"section\">\n\t\t\t\t\t\t<div class=\"elementor-container elementor-column-gap-no\">\n\t\t\t\t<div class=\"elementor-row\">\n\t\t\t\t<div class=\"elementor-element elementor-element-de0b3f6 elementor-hidden-tablet elementor-column elementor-col-50 elementor-inner-column\" data-id=\"de0b3f6\" data-element_type=\"column\">\n\t\t\t<div class=\"elementor-column-wrap\">\n\t\t\t\t\t<div class=\"elementor-widget-wrap\">\n\t\t\t\t\t\t<\/div>\n\t\t\t<\/div>\n\t\t<\/div>\n\t\t\t\t<div class=\"elementor-element elementor-element-21ae285 elementor-column elementor-col-50 elementor-inner-column\" data-id=\"21ae285\" data-element_type=\"column\">\n\t\t\t<div class=\"elementor-column-wrap  elementor-element-populated\">\n\t\t\t\t\t<div class=\"elementor-widget-wrap\">\n\t\t\t\t<div class=\"elementor-element elementor-element-22d4c2f elementor-widget elementor-widget-jet-headline\" data-id=\"22d4c2f\" data-element_type=\"widget\" data-widget_type=\"jet-headline.default\">\n\t\t\t\t<div class=\"elementor-widget-container\">\n\t\t\t<h2 class=\"jet-headline jet-headline--direction-horizontal\"><span class=\"jet-headline__part jet-headline__first\"><span class=\"jet-headline__label\">Was wir vorhaben<\/span><\/span><span class=\"jet-headline__space\">&nbsp;<\/span><\/h2>\t\t<\/div>\n\t\t\t\t<\/div>\n\t\t\t\t<div class=\"elementor-element elementor-element-781598b elementor-widget elementor-widget-heading\" data-id=\"781598b\" data-element_type=\"widget\" data-widget_type=\"heading.default\">\n\t\t\t\t<div class=\"elementor-widget-container\">\n\t\t\t<h1 class=\"elementor-heading-title elementor-size-default\">Events<\/h1>\t\t<\/div>\n\t\t\t\t<\/div>\n\t\t\t\t<div class=\"elementor-element elementor-element-ee0b0d2 events elementor-widget elementor-widget-jet-posts\" data-id=\"ee0b0d2\" data-element_type=\"widget\" data-widget_type=\"jet-posts.default\">\n\t\t\t\t<div class=\"elementor-widget-container\">\n\t\t\t<div class=\"elementor-jet-posts jet-elements\"><div class=\"jet-posts col-row \"><div class=\"jet-posts__item col-desk-2\">\n\t<div class=\"jet-posts__inner-box\"><div class=\"post-thumbnail\"><a href=\"https:\/\/clonlara.org\/de\/eventos\/k-5-open-house-3\/\" class=\"post-thumbnail__link\"><img loading=\"lazy\" decoding=\"async\" class=\"post-thumbnail__img wp-post-image\" src=\"https:\/\/clonlara.org\/de\/wp-content\/uploads\/sites\/8\/2020\/10\/clonlara-graduation.png\" alt=\"Virtual Graduation Ceremony\" width=\"840\" height=\"430\"><\/a><\/div><div class=\"jet-posts__inner-content\"><h4 class=\"entry-title\"><a href=\"https:\/\/clonlara.org\/de\/eventos\/k-5-open-house-3\/\">Virtual Graduation Ceremony<\/a><\/h4><div class=\"entry-excerpt\">START: Saturday, June 12, 2021 02:00 pm Please mark your calendar and plan to join us on Saturday, June 12, at 2:00pm (EDT, GMT-4) for a \u201cvirtual celebration\u201d of the Class of 2021! Clonlara\u2019s graduation proudly celebrates the diverse interests and talents of our student&hellip;<\/div><div class=\"jet-more-wrap\"><a href=\"https:\/\/clonlara.org\/de\/eventos\/k-5-open-house-3\/\" class=\"btn btn-primary elementor-button elementor-size-md jet-more\"><span class=\"btn__text\">Mehr erfahren<\/span><\/a><\/div><\/div><\/div>\n<\/div>\n<div class=\"jet-posts__item col-desk-2\">\n\t<div class=\"jet-posts__inner-box\"><div class=\"post-thumbnail\"><a href=\"https:\/\/clonlara.org\/de\/eventos\/virtual-open-house-k-5\/\" class=\"post-thumbnail__link\"><img loading=\"lazy\" decoding=\"async\" class=\"post-thumbnail__img wp-post-image\" src=\"https:\/\/clonlara.org\/de\/wp-content\/uploads\/sites\/8\/2020\/10\/K-5-open-house-1.png\" alt=\"Virtual Open House: K\u201312 Campus Program\" width=\"840\" height=\"430\"><\/a><\/div><div class=\"jet-posts__inner-content\"><h4 class=\"entry-title\"><a href=\"https:\/\/clonlara.org\/de\/eventos\/virtual-open-house-k-5\/\">Virtual Open House: K\u201312 Campus Program<\/a><\/h4><div class=\"entry-excerpt\">START:\u00a0Wednesday, April 21, 2021 06:00 pm\u00a0END:\u00a0Wednesday, April 21, 2021 07:00 pm Join us to learn about Clonlara\u2019s K\u201312 Campus Program. Our teachers will share Clonlara\u2019s personalized learning approach and answer your questions about the upcoming school year. This program builds on young students\u2019 curiosity for&hellip;<\/div><div class=\"jet-more-wrap\"><a href=\"https:\/\/clonlara.org\/de\/eventos\/virtual-open-house-k-5\/\" class=\"btn btn-primary elementor-button elementor-size-md jet-more\"><span class=\"btn__text\">Mehr erfahren<\/span><\/a><\/div><\/div><\/div>\n<\/div>\n<\/div>\n<\/div>\t\t<\/div>\n\t\t\t\t<\/div>\n\t\t\t\t\t\t<\/div>\n\t\t\t<\/div>\n\t\t<\/div>\n\t\t\t\t\t\t<\/div>\n\t\t\t<\/div>\n\t\t<\/section>\n\t\t\t\t\t\t<\/div>\n\t\t\t<\/div>\n\t\t<\/div>\n\t\t\t\t\t\t<\/div>\n\t\t\t<\/div>\n\t\t<\/section>\n\t\t\t\t<section class=\"elementor-element elementor-element-f19264d elementor-section-full_width elementor-section-height-default elementor-section-height-default elementor-section elementor-top-section\" data-id=\"f19264d\" data-element_type=\"section\">\n\t\t\t\t\t\t<div class=\"elementor-container elementor-column-gap-default\">\n\t\t\t\t<div class=\"elementor-row\">\n\t\t\t\t<div class=\"elementor-element elementor-element-47b9318 elementor-column elementor-col-100 elementor-top-column\" data-id=\"47b9318\" data-element_type=\"column\">\n\t\t\t<div class=\"elementor-column-wrap  elementor-element-populated\">\n\t\t\t\t\t<div class=\"elementor-widget-wrap\">\n\t\t\t\t<div class=\"elementor-element elementor-element-c4a90ee elementor-widget elementor-widget-shortcode\" data-id=\"c4a90ee\" data-element_type=\"widget\" data-widget_type=\"shortcode.default\">\n\t\t\t\t<div class=\"elementor-widget-container\">\n\t\t\t\t\t<div class=\"elementor-shortcode\">\t\t<div data-elementor-type=\"wp-post\" data-elementor-id=\"268\" class=\"elementor elementor-268\" data-elementor-settings=\"[]\">\n\t\t\t<div class=\"elementor-inner\">\n\t\t\t\t<div class=\"elementor-section-wrap\">\n\t\t\t\t\t\t\t<section class=\"elementor-element elementor-element-8e15235 elementor-section-full_width global-pre-footer elementor-section-height-default elementor-section-height-default elementor-section elementor-top-section\" data-id=\"8e15235\" data-element_type=\"section\" data-settings=\"{&quot;background_background&quot;:&quot;classic&quot;}\">\n\t\t\t\t\t\t<div class=\"elementor-container elementor-column-gap-default\">\n\t\t\t\t<div class=\"elementor-row\">\n\t\t\t\t<div class=\"elementor-element elementor-element-5e9fd07 elementor-column elementor-col-100 elementor-top-column\" data-id=\"5e9fd07\" data-element_type=\"column\" data-settings=\"{&quot;background_background&quot;:&quot;classic&quot;}\">\n\t\t\t<div class=\"elementor-column-wrap  elementor-element-populated\">\n\t\t\t\t\t<div class=\"elementor-widget-wrap\">\n\t\t\t\t<section class=\"elementor-element elementor-element-a5abcd5 elementor-section-boxed elementor-section-height-default elementor-section-height-default elementor-section elementor-inner-section\" data-id=\"a5abcd5\" data-element_type=\"section\">\n\t\t\t\t\t\t<div class=\"elementor-container elementor-column-gap-wider\">\n\t\t\t\t<div class=\"elementor-row\">\n\t\t\t\t<div class=\"elementor-element elementor-element-19080e1 elementor-column elementor-col-50 elementor-inner-column\" data-id=\"19080e1\" data-element_type=\"column\">\n\t\t\t<div class=\"elementor-column-wrap  elementor-element-populated\">\n\t\t\t\t\t<div class=\"elementor-widget-wrap\">\n\t\t\t\t<div class=\"elementor-element elementor-element-3f71c25 elementor-widget elementor-widget-heading\" data-id=\"3f71c25\" data-element_type=\"widget\" data-widget_type=\"heading.default\">\n\t\t\t\t<div class=\"elementor-widget-container\">\n\t\t\t<h2 class=\"elementor-heading-title elementor-size-default\">Akkreditierungen<\/h2>\t\t<\/div>\n\t\t\t\t<\/div>\n\t\t\t\t<div class=\"elementor-element elementor-element-d9e4f61 elementor-widget__width-auto elementor-widget elementor-widget-image\" data-id=\"d9e4f61\" data-element_type=\"widget\" data-widget_type=\"image.default\">\n\t\t\t\t<div class=\"elementor-widget-container\">\n\t\t\t\t\t<div class=\"elementor-image\">\n\t\t\t\t\t\t\t\t\t\t\t<a href=\"https:\/\/ncpsa.org\/\">\n\t\t\t\t\t\t\t<img loading=\"lazy\" decoding=\"async\" width=\"300\" height=\"300\" src=\"https:\/\/clonlara.org\/de\/wp-content\/uploads\/sites\/8\/2019\/07\/1.1-Logo_Round-300x300.png\" class=\"attachment-medium size-medium\" alt=\"\" srcset=\"https:\/\/clonlara.org\/de\/wp-content\/uploads\/sites\/8\/2019\/07\/1.1-Logo_Round-300x300.png 300w, https:\/\/clonlara.org\/de\/wp-content\/uploads\/sites\/8\/2019\/07\/1.1-Logo_Round-150x150.png 150w, https:\/\/clonlara.org\/de\/wp-content\/uploads\/sites\/8\/2019\/07\/1.1-Logo_Round.png 601w\" sizes=\"auto, (max-width: 300px) 100vw, 300px\" \/>\t\t\t\t\t\t\t\t<\/a>\n\t\t\t\t\t\t\t\t\t\t\t<\/div>\n\t\t\t\t<\/div>\n\t\t\t\t<\/div>\n\t\t\t\t<div class=\"elementor-element elementor-element-08b6c9d elementor-widget__width-auto elementor-widget elementor-widget-image\" data-id=\"08b6c9d\" data-element_type=\"widget\" data-widget_type=\"image.default\">\n\t\t\t\t<div class=\"elementor-widget-container\">\n\t\t\t\t\t<div class=\"elementor-image\">\n\t\t\t\t\t\t\t\t\t\t\t<a href=\"https:\/\/www.msa-cess.org\/\">\n\t\t\t\t\t\t\t<img loading=\"lazy\" decoding=\"async\" width=\"300\" height=\"300\" src=\"https:\/\/clonlara.org\/de\/wp-content\/uploads\/sites\/8\/2019\/07\/2-Logo_Round-300x300.png\" class=\"attachment-medium size-medium\" alt=\"\" srcset=\"https:\/\/clonlara.org\/de\/wp-content\/uploads\/sites\/8\/2019\/07\/2-Logo_Round-300x300.png 300w, https:\/\/clonlara.org\/de\/wp-content\/uploads\/sites\/8\/2019\/07\/2-Logo_Round-150x150.png 150w, https:\/\/clonlara.org\/de\/wp-content\/uploads\/sites\/8\/2019\/07\/2-Logo_Round.png 601w\" sizes=\"auto, (max-width: 300px) 100vw, 300px\" \/>\t\t\t\t\t\t\t\t<\/a>\n\t\t\t\t\t\t\t\t\t\t\t<\/div>\n\t\t\t\t<\/div>\n\t\t\t\t<\/div>\n\t\t\t\t<div class=\"elementor-element elementor-element-b6797d3 elementor-widget__width-auto elementor-widget elementor-widget-image\" data-id=\"b6797d3\" data-element_type=\"widget\" data-widget_type=\"image.default\">\n\t\t\t\t<div class=\"elementor-widget-container\">\n\t\t\t\t\t<div class=\"elementor-image\">\n\t\t\t\t\t\t\t\t\t\t\t<a href=\"https:\/\/accreditationinternational.org\/\">\n\t\t\t\t\t\t\t<img loading=\"lazy\" decoding=\"async\" width=\"300\" height=\"300\" src=\"https:\/\/clonlara.org\/de\/wp-content\/uploads\/sites\/8\/2019\/07\/Logo@x1-300x300.png\" class=\"attachment-medium size-medium\" alt=\"\" srcset=\"https:\/\/clonlara.org\/de\/wp-content\/uploads\/sites\/8\/2019\/07\/Logo@x1-300x300.png 300w, https:\/\/clonlara.org\/de\/wp-content\/uploads\/sites\/8\/2019\/07\/Logo@x1-150x150.png 150w, https:\/\/clonlara.org\/de\/wp-content\/uploads\/sites\/8\/2019\/07\/Logo@x1.png 302w\" sizes=\"auto, (max-width: 300px) 100vw, 300px\" \/>\t\t\t\t\t\t\t\t<\/a>\n\t\t\t\t\t\t\t\t\t\t\t<\/div>\n\t\t\t\t<\/div>\n\t\t\t\t<\/div>\n\t\t\t\t\t\t<\/div>\n\t\t\t<\/div>\n\t\t<\/div>\n\t\t\t\t<div class=\"elementor-element elementor-element-f5ca6e4 elementor-column elementor-col-50 elementor-inner-column\" data-id=\"f5ca6e4\" data-element_type=\"column\">\n\t\t\t<div class=\"elementor-column-wrap  elementor-element-populated\">\n\t\t\t\t\t<div class=\"elementor-widget-wrap\">\n\t\t\t\t<div class=\"elementor-element elementor-element-4993768 elementor-widget elementor-widget-heading\" data-id=\"4993768\" data-element_type=\"widget\" data-widget_type=\"heading.default\">\n\t\t\t\t<div class=\"elementor-widget-container\">\n\t\t\t<h2 class=\"elementor-heading-title elementor-size-default\">Unterst\u00fctzung Clonlara<\/h2>\t\t<\/div>\n\t\t\t\t<\/div>\n\t\t\t\t<div class=\"elementor-element elementor-element-e11e19f elementor-widget elementor-widget-text-editor\" data-id=\"e11e19f\" data-element_type=\"widget\" data-widget_type=\"text-editor.default\">\n\t\t\t\t<div class=\"elementor-widget-container\">\n\t\t\t\t\t<div class=\"elementor-text-editor elementor-clearfix\"><p class=\"p1\">Es gibt viele M\u00f6glichkeiten, Clonlara zu unterst\u00fctzen. Sie k\u00f6nnen Ihre Zeit, Ihr Wissen und Ihre Erfahrungen teilen oder etwas spenden. Somit haben Sie einen direkten Einfluss auf unsere Community.<\/p><\/div>\n\t\t\t\t<\/div>\n\t\t\t\t<\/div>\n\t\t\t\t<div class=\"elementor-element elementor-element-905be1b elementor-align-left elementor-widget__width-auto elementor-widget elementor-widget-button\" data-id=\"905be1b\" data-element_type=\"widget\" data-widget_type=\"button.default\">\n\t\t\t\t<div class=\"elementor-widget-container\">\n\t\t\t\t\t<div class=\"elementor-button-wrapper\">\n\t\t\t<a href=\"https:\/\/clonlara.org\/de\/support\/\" class=\"elementor-button-link elementor-button elementor-size-md\" role=\"button\">\n\t\t\t\t\t\t<span class=\"elementor-button-content-wrapper\">\n\t\t\t\t\t\t<span class=\"elementor-button-text\">Mehr erfahren<\/span>\n\t\t<\/span>\n\t\t\t\t\t<\/a>\n\t\t<\/div>\n\t\t\t\t<\/div>\n\t\t\t\t<\/div>\n\t\t\t\t\t\t<\/div>\n\t\t\t<\/div>\n\t\t<\/div>\n\t\t\t\t\t\t<\/div>\n\t\t\t<\/div>\n\t\t<\/section>\n\t\t\t\t\t\t<\/div>\n\t\t\t<\/div>\n\t\t<\/div>\n\t\t\t\t\t\t<\/div>\n\t\t\t<\/div>\n\t\t<\/section>\n\t\t\t\t\t\t<\/div>\n\t\t\t<\/div>\n\t\t<\/div>\n\t\t<\/div>\n\t\t\t\t<\/div>\n\t\t\t\t<\/div>\n\t\t\t\t\t\t<\/div>\n\t\t\t<\/div>\n\t\t<\/div>\n\t\t\t\t\t\t<\/div>\n\t\t\t<\/div>\n\t\t<\/section>\n\t\t\t\t\t\t<\/div>\n\t\t\t<\/div>\n\t\t<\/div>\n\t\t","protected":false},"excerpt":{"rendered":"<p>Was wir vorhaben&nbsp; Events Virtual Graduation Ceremony START: Saturday, June 12, 2021 02:00 pm Please mark your calendar and plan to join us on Saturday, June 12, at 2:00pm (EDT, GMT-4) for a \u201cvirtual celebration\u201d of the Class of 2021! Clonlara\u2019s graduation proudly celebrates the diverse interests and talents of our student&hellip;Mehr erfahren Virtual Open [&hellip;]<\/p>\n","protected":false},"author":1,"featured_media":0,"parent":0,"menu_order":0,"comment_status":"closed","ping_status":"closed","template":"elementor_header_footer","meta":{"footnotes":""},"class_list":["post-19","page","type-page","status-publish","hentry"],"_links":{"self":[{"href":"https:\/\/clonlara.org\/de\/wp-json\/wp\/v2\/pages\/19","targetHints":{"allow":["GET"]}}],"collection":[{"href":"https:\/\/clonlara.org\/de\/wp-json\/wp\/v2\/pages"}],"about":[{"href":"https:\/\/clonlara.org\/de\/wp-json\/wp\/v2\/types\/page"}],"author":[{"embeddable":true,"href":"https:\/\/clonlara.org\/de\/wp-json\/wp\/v2\/users\/1"}],"replies":[{"embeddable":true,"href":"https:\/\/clonlara.org\/de\/wp-json\/wp\/v2\/comments?post=19"}],"version-history":[{"count":68,"href":"https:\/\/clonlara.org\/de\/wp-json\/wp\/v2\/pages\/19\/revisions"}],"predecessor-version":[{"id":8356,"href":"https:\/\/clonlara.org\/de\/wp-json\/wp\/v2\/pages\/19\/revisions\/8356"}],"wp:attachment":[{"href":"https:\/\/clonlara.org\/de\/wp-json\/wp\/v2\/media?parent=19"}],"curies":[{"name":"wp","href":"https:\/\/api.w.org\/{rel}","templated":true}]}}