{"id":8242,"date":"2022-03-31T13:24:21","date_gmt":"2022-03-31T13:24:21","guid":{"rendered":"https:\/\/clonlara.org\/br\/?page_id=8242"},"modified":"2024-10-10T13:40:41","modified_gmt":"2024-10-10T13:40:41","slug":"refund-policy","status":"publish","type":"page","link":"https:\/\/clonlara.org\/br\/refund-policy\/","title":{"rendered":"Refund Policy"},"content":{"rendered":"\t\t<div data-elementor-type=\"wp-page\" data-elementor-id=\"8242\" class=\"elementor elementor-8242\" data-elementor-settings=\"[]\">\n\t\t\t<div class=\"elementor-inner\">\n\t\t\t\t<div class=\"elementor-section-wrap\">\n\t\t\t\t\t\t\t<section class=\"elementor-element elementor-element-c813254 elementor-section-height-min-height elementor-section-boxed elementor-section-height-default elementor-section-items-middle elementor-section elementor-top-section\" data-id=\"c813254\" data-element_type=\"section\" data-settings=\"{&quot;background_background&quot;:&quot;classic&quot;}\">\n\t\t\t\t\t\t<div class=\"elementor-container elementor-column-gap-default\">\n\t\t\t\t<div class=\"elementor-row\">\n\t\t\t\t<div class=\"elementor-element elementor-element-353661c elementor-column elementor-col-100 elementor-top-column\" data-id=\"353661c\" data-element_type=\"column\">\n\t\t\t<div class=\"elementor-column-wrap\">\n\t\t\t\t\t<div class=\"elementor-widget-wrap\">\n\t\t\t\t\t\t<\/div>\n\t\t\t<\/div>\n\t\t<\/div>\n\t\t\t\t\t\t<\/div>\n\t\t\t<\/div>\n\t\t<\/section>\n\t\t\t\t<section class=\"elementor-element elementor-element-81f7f17 enrollment-block1 elementor-section-boxed elementor-section-height-default elementor-section-height-default elementor-section elementor-top-section\" data-id=\"81f7f17\" data-element_type=\"section\" data-settings=\"{&quot;background_background&quot;:&quot;classic&quot;}\">\n\t\t\t\t\t\t<div class=\"elementor-container elementor-column-gap-default\">\n\t\t\t\t<div class=\"elementor-row\">\n\t\t\t\t<div class=\"elementor-element elementor-element-c4db089 elementor-column elementor-col-100 elementor-top-column\" data-id=\"c4db089\" data-element_type=\"column\">\n\t\t\t<div class=\"elementor-column-wrap  elementor-element-populated\">\n\t\t\t\t\t<div class=\"elementor-widget-wrap\">\n\t\t\t\t<div class=\"elementor-element elementor-element-765d186 elementor-widget elementor-widget-heading\" data-id=\"765d186\" data-element_type=\"widget\" data-widget_type=\"heading.default\">\n\t\t\t\t<div class=\"elementor-widget-container\">\n\t\t\t<h1 class=\"elementor-heading-title elementor-size-default\">Pol\u00edtica de Reembolso<\/h1>\t\t<\/div>\n\t\t\t\t<\/div>\n\t\t\t\t<div class=\"elementor-element elementor-element-5cebb5d elementor-widget elementor-widget-text-editor\" data-id=\"5cebb5d\" data-element_type=\"widget\" data-widget_type=\"text-editor.default\">\n\t\t\t\t<div class=\"elementor-widget-container\">\n\t\t\t\t\t<div class=\"elementor-text-editor elementor-clearfix\"><h4>O nosso compromisso\u00a0<\/h4><p>Ao longo do processo de inscri\u00e7\u00e3o, procuramos dar o nosso melhor para assegurar que as fam\u00edlias compreendam o tempo que investimos no Programa Off-Campus da Clonlara School e a natureza colaborativa do mesmo. Contudo,se uma fam\u00edlia decidir que o Programa Off-Campus n\u00e3o vai ao encontro das suas necessidades, \u00e9 poss\u00edvel solicitar um reembolso, dentro das condi\u00e7\u00f5es abaixo descritas.\u00a0<\/p><h4>Renova\u00e7\u00f5es<\/h4><p>Quando um aluno esteve inscrito no Programa Off-Campus no ano letivo anterior, n\u00e3o existe possibilidade de reembolso da anuidade.\u00a0<\/p><h4>Novas inscri\u00e7\u00f5es\u00a0<\/h4><p>Quando um aluno se inscreve pela primeira vez no Programa Off-Campus ou esteve inscrito em anos n\u00e3o consecutivos, entendemos que pode precisar de tempo para compreender aquilo que significa embarcar na cocria\u00e7\u00e3o de um plano educativo, uma vez que pode ser uma experi\u00eancia completamente nova. Consideramos essencial que as fam\u00edlias familiarizar-se do processo atrav\u00e9s dos Guias de Educa\u00e7\u00e3o da Clonlara School e usufruir de uma conversa inicial com a sua equipe de advisors. Os alunos que iniciaram agora, ou seja, as novas inscri\u00e7\u00f5es, t\u00eam a op\u00e7\u00e3o de anular a sua matr\u00edcula no prazo de 45 dias ap\u00f3s a mesma ou at\u00e9 45 dias ap\u00f3s o primeiro dia do ano letivo (o que aconte\u00e7a mais tarde). O reembolso da anuidade n\u00e3o acontecer\u00e1 ap\u00f3s a Clonlara fornecer a documenta\u00e7\u00e3o de prova de inscri\u00e7\u00e3o a apresentar junto de outras entidades. Neste caso, qualquer valor que n\u00e3o tenha sido pago continuar\u00e1 a ser devido. As restantes taxas e servi\u00e7os n\u00e3o s\u00e3o reembols\u00e1veis, o que inclui taxa matr\u00edcula, revis\u00e3o de cr\u00e9ditos, taxa de gradua\u00e7\u00e3o, entre outros.\u00a0<\/p><h4>Notifica\u00e7\u00e3o\u00a0<\/h4><p>A notifica\u00e7\u00e3o da inten\u00e7\u00e3o de anular a matr\u00edcula deve ser feita atrav\u00e9s do formul\u00e1rio abaixo. Recomenda-se veementemente que os alunos se assegurem de que a Clonlara School recebeu a notifica\u00e7\u00e3o. \u00a0<\/p><p><a href=\"https:\/\/clonlara.formstack.com\/forms\/withdrawal_portuguese\" target=\"_blank\" rel=\"noopener\">Formul\u00e1rio de Pedido de Desist\u00eancia<\/a><\/p><h4>Reembolso da anuidade\u00a0<\/h4><p>Para pagamentos efetuados integralmente\u00a0&#8211; seguindo as instru\u00e7\u00f5es acima, a Clonlara School procede \u00e0 restitui\u00e7\u00e3o de 80% da anuidade. As taxas de matr\u00edcula n\u00e3o s\u00e3o reembols\u00e1veis.\u00a0<\/p><p>Para fam\u00edlias com parcelamento de pagamento\u00a0&#8211; seguindo as instru\u00e7\u00f5es acima, a Clonlara School procede \u00e0 restitui\u00e7\u00e3o de 80% da anuidade, cancelando ou revertendo parcelas com data de liquida\u00e7\u00e3o futura. As taxas de matr\u00edcula n\u00e3o s\u00e3o reembols\u00e1veis. Os reembolsos ser\u00e3o emitidos pela mesma via atrav\u00e9s da qual os pagamentos foram feitos e poder\u00e3o levar at\u00e9 10 dias \u00fateis para serem processados.<\/p><\/div>\n\t\t\t\t<\/div>\n\t\t\t\t<\/div>\n\t\t\t\t\t\t<\/div>\n\t\t\t<\/div>\n\t\t<\/div>\n\t\t\t\t\t\t<\/div>\n\t\t\t<\/div>\n\t\t<\/section>\n\t\t\t\t\t\t<\/div>\n\t\t\t<\/div>\n\t\t<\/div>\n\t\t","protected":false},"excerpt":{"rendered":"<p>Pol\u00edtica de Reembolso O nosso compromisso&nbsp; Ao longo do processo de inscri\u00e7\u00e3o, procuramos dar o nosso melhor para assegurar que as fam\u00edlias compreendam o tempo que investimos no Programa Off-Campus da Clonlara School e a natureza colaborativa do mesmo. Contudo,se uma fam\u00edlia decidir que o Programa Off-Campus n\u00e3o vai ao encontro das suas necessidades, \u00e9 [&hellip;]<\/p>\n","protected":false},"author":1,"featured_media":0,"parent":0,"menu_order":0,"comment_status":"closed","ping_status":"closed","template":"elementor_header_footer","meta":{"footnotes":""},"class_list":["post-8242","page","type-page","status-publish","hentry"],"_links":{"self":[{"href":"https:\/\/clonlara.org\/br\/wp-json\/wp\/v2\/pages\/8242","targetHints":{"allow":["GET"]}}],"collection":[{"href":"https:\/\/clonlara.org\/br\/wp-json\/wp\/v2\/pages"}],"about":[{"href":"https:\/\/clonlara.org\/br\/wp-json\/wp\/v2\/types\/page"}],"author":[{"embeddable":true,"href":"https:\/\/clonlara.org\/br\/wp-json\/wp\/v2\/users\/1"}],"replies":[{"embeddable":true,"href":"https:\/\/clonlara.org\/br\/wp-json\/wp\/v2\/comments?post=8242"}],"version-history":[{"count":3,"href":"https:\/\/clonlara.org\/br\/wp-json\/wp\/v2\/pages\/8242\/revisions"}],"predecessor-version":[{"id":22632,"href":"https:\/\/clonlara.org\/br\/wp-json\/wp\/v2\/pages\/8242\/revisions\/22632"}],"wp:attachment":[{"href":"https:\/\/clonlara.org\/br\/wp-json\/wp\/v2\/media?parent=8242"}],"curies":[{"name":"wp","href":"https:\/\/api.w.org\/{rel}","templated":true}]}}