{"id":8950,"date":"2024-06-03T16:24:26","date_gmt":"2024-06-03T16:24:26","guid":{"rendered":"https:\/\/clonlara.org\/\/fr\/?page_id=8950"},"modified":"2026-04-01T18:33:45","modified_gmt":"2026-04-01T18:33:45","slug":"le-respect-des-differences","status":"publish","type":"page","link":"https:\/\/clonlara.org\/\/fr\/le-respect-des-differences\/","title":{"rendered":"Le respect des diff\u00e9rences"},"content":{"rendered":"\t\t<div data-elementor-type=\"wp-page\" data-elementor-id=\"8950\" class=\"elementor elementor-8950\" data-elementor-settings=\"[]\">\n\t\t\t<div class=\"elementor-inner\">\n\t\t\t\t<div class=\"elementor-section-wrap\">\n\t\t\t\t\t\t\t<section class=\"elementor-element elementor-element-c828f65 elementor-section-height-min-height elementor-section-boxed elementor-section-height-default elementor-section-items-middle elementor-section elementor-top-section\" data-id=\"c828f65\" data-element_type=\"section\" data-settings=\"{&quot;background_background&quot;:&quot;classic&quot;}\">\n\t\t\t\t\t\t<div class=\"elementor-container elementor-column-gap-default\">\n\t\t\t\t<div class=\"elementor-row\">\n\t\t\t\t<div class=\"elementor-element elementor-element-6685dde elementor-column elementor-col-100 elementor-top-column\" data-id=\"6685dde\" data-element_type=\"column\" data-settings=\"{&quot;background_background&quot;:&quot;slideshow&quot;,&quot;background_slideshow_gallery&quot;:[],&quot;background_slideshow_loop&quot;:&quot;yes&quot;,&quot;background_slideshow_slide_duration&quot;:5000,&quot;background_slideshow_slide_transition&quot;:&quot;fade&quot;,&quot;background_slideshow_transition_duration&quot;:500}\">\n\t\t\t<div class=\"elementor-column-wrap\">\n\t\t\t\t\t<div class=\"elementor-widget-wrap\">\n\t\t\t\t\t\t<\/div>\n\t\t\t<\/div>\n\t\t<\/div>\n\t\t\t\t\t\t<\/div>\n\t\t\t<\/div>\n\t\t<\/section>\n\t\t\t\t<section class=\"elementor-element elementor-element-f4c5eb7 elementor-section-boxed elementor-section-height-default elementor-section-height-default elementor-section elementor-top-section\" data-id=\"f4c5eb7\" data-element_type=\"section\" data-settings=\"{&quot;background_background&quot;:&quot;classic&quot;}\">\n\t\t\t\t\t\t<div class=\"elementor-container elementor-column-gap-default\">\n\t\t\t\t<div class=\"elementor-row\">\n\t\t\t\t<div class=\"elementor-element elementor-element-f5d0065 elementor-column elementor-col-100 elementor-top-column\" data-id=\"f5d0065\" data-element_type=\"column\">\n\t\t\t<div class=\"elementor-column-wrap  elementor-element-populated\">\n\t\t\t\t\t<div class=\"elementor-widget-wrap\">\n\t\t\t\t<div class=\"elementor-element elementor-element-d996dbb elementor-widget elementor-widget-jet-headline\" data-id=\"d996dbb\" data-element_type=\"widget\" data-widget_type=\"jet-headline.default\">\n\t\t\t\t<div class=\"elementor-widget-container\">\n\t\t\t<h1 class=\"jet-headline jet-headline--direction-horizontal\"><span class=\"jet-headline__part jet-headline__first\"><span class=\"jet-headline__label\">Clonlara est accueillante<\/span><\/span><span class=\"jet-headline__space\">&nbsp;<\/span><\/h1>\t\t<\/div>\n\t\t\t\t<\/div>\n\t\t\t\t<div class=\"elementor-element elementor-element-83f2475 elementor-widget elementor-widget-heading\" data-id=\"83f2475\" data-element_type=\"widget\" data-widget_type=\"heading.default\">\n\t\t\t\t<div class=\"elementor-widget-container\">\n\t\t\t<h1 class=\"elementor-heading-title elementor-size-default\">Le respect des diff\u00e9rences<\/h1>\t\t<\/div>\n\t\t\t\t<\/div>\n\t\t\t\t<div class=\"elementor-element elementor-element-0e0cbca elementor-widget elementor-widget-text-editor\" data-id=\"0e0cbca\" data-element_type=\"widget\" data-widget_type=\"text-editor.default\">\n\t\t\t\t<div class=\"elementor-widget-container\">\n\t\t\t\t\t<div class=\"elementor-text-editor elementor-clearfix\"><p>Depuis 1967, l&#8217;\u00e9cole Clonlara prot\u00e8ge et promeut la libert\u00e9 \u00e9ducative et la souverainet\u00e9 des individus, en particulier des enfants. Au fil des d\u00e9cennies, une grande diversit\u00e9 de personnes, de pens\u00e9es et d&#8217;exp\u00e9riences a fa\u00e7onn\u00e9 et ciment\u00e9 la communaut\u00e9 \u00e9ducative internationale de l\u2019\u00e9cole. Aujourd&#8217;hui, plus que jamais, le monde a besoin d\u2019institutions qui pratiquent l&#8217;ouverture d\u2019esprit, la pens\u00e9e critique, l&#8217;apprentissage collaboratif, l&#8217;inclusion et favorisent la tol\u00e9rance, comme Clonlara s&#8217;est promis de le faire.<\/p><p>Les principes suivants guident Clonlara dans sa vocation de soutenir ses \u00e9l\u00e8ves, ses familles et son personnel :<\/p><ul><li>Clonlara est accueillante. \u00c0 ce titre, elle s&#8217;engage \u00e0 refuser toute forme de discriminations, dont celles bas\u00e9es sur l\u2019\u00e2ge, sur l\u2019origine, sur l\u2019appartenance et sur l\u2019identit\u00e9, dans ses politiques et ses pratiques d&#8217;admission, d&#8217;\u00e9ducation et d&#8217;embauche.<\/li><li>Clonlara compte sur les \u00e9l\u00e8ves, les familles et le personnel, du fait de son approche \u00e9ducative personnalis\u00e9e et de la culture positive de son environnement de travail.<\/li><li>Clonlara agit avec l&#8217;intention d&#8217;offrir un espace s\u00fbr, respectueux, \u00e9quitable et inclusif aux membres de sa communaut\u00e9 dans les interactions r\u00e9elles ou virtuelles, orales ou \u00e9crites.<\/li><\/ul><p>Les diff\u00e9rends, les d\u00e9saccords, voire les conflits, font partie int\u00e9grante de l&#8217;apprentissage et Clonlara n\u2019existerait pas sans un esprit collaboratif et empathique des situations individuelles, des pr\u00e9f\u00e9rences et des choix des \u00e9l\u00e8ves et de leurs parents. Pat Montgomery, la fondatrice de Clonlara, soulignait\u00a0: \u00ab Quand nous apprenons \u00e0 faire face aux dissensions, aussi douloureuses soient-elles, nous d\u00e9veloppons des comp\u00e9tences n\u00e9cessaires pour r\u00e9soudre les probl\u00e8mes. La plupart des querelles peuvent \u00eatre r\u00e9gl\u00e9es en s\u2019y prenant de mani\u00e8re directe et volontaire.\u00a0\u00bb<\/p><p>Clonlara s&#8217;efforcera sans cesse d\u2019\u00e9tendre sa bienveillance et sa compassion \u00e0 tous les membres de sa communaut\u00e9 \u00e9ducative, cherchera \u00e0 trouver un terrain d&#8217;entente dans la mesure du possible et s&#8217;opposera \u00e0 toutes les manifestations de racisme, de violence, de sectarisme et de haine qui tentent de nous diviser et de nous nuire.<\/p><p>Cette d\u00e9claration pourra \u00eatre modifi\u00e9e en fonction de l&#8217;\u00e9volution de notre entendement, au fil du temps. Nous la r\u00e9\u00e9valuerons et la r\u00e9viserons le cas \u00e9ch\u00e9ant.<\/p><\/div>\n\t\t\t\t<\/div>\n\t\t\t\t<\/div>\n\t\t\t\t\t\t<\/div>\n\t\t\t<\/div>\n\t\t<\/div>\n\t\t\t\t\t\t<\/div>\n\t\t\t<\/div>\n\t\t<\/section>\n\t\t\t\t<section class=\"elementor-element elementor-element-9adac52 elementor-section-full_width elementor-section-height-default elementor-section-height-default elementor-section elementor-top-section\" data-id=\"9adac52\" data-element_type=\"section\">\n\t\t\t\t\t\t<div class=\"elementor-container elementor-column-gap-default\">\n\t\t\t\t<div class=\"elementor-row\">\n\t\t\t\t<div class=\"elementor-element elementor-element-26d09f4 elementor-column elementor-col-100 elementor-top-column\" data-id=\"26d09f4\" data-element_type=\"column\">\n\t\t\t<div class=\"elementor-column-wrap  elementor-element-populated\">\n\t\t\t\t\t<div class=\"elementor-widget-wrap\">\n\t\t\t\t<div class=\"elementor-element elementor-element-95d3865 elementor-widget elementor-widget-shortcode\" data-id=\"95d3865\" data-element_type=\"widget\" data-widget_type=\"shortcode.default\">\n\t\t\t\t<div class=\"elementor-widget-container\">\n\t\t\t\t\t<div class=\"elementor-shortcode\">\t\t<div data-elementor-type=\"wp-post\" data-elementor-id=\"268\" class=\"elementor elementor-268\" data-elementor-settings=\"[]\">\n\t\t\t<div class=\"elementor-inner\">\n\t\t\t\t<div class=\"elementor-section-wrap\">\n\t\t\t\t\t\t\t<section class=\"elementor-element elementor-element-8e15235 elementor-section-full_width global-pre-footer elementor-section-height-default elementor-section-height-default elementor-section elementor-top-section\" data-id=\"8e15235\" data-element_type=\"section\" data-settings=\"{&quot;background_background&quot;:&quot;classic&quot;}\">\n\t\t\t\t\t\t<div class=\"elementor-container elementor-column-gap-default\">\n\t\t\t\t<div class=\"elementor-row\">\n\t\t\t\t<div class=\"elementor-element elementor-element-5e9fd07 elementor-column elementor-col-100 elementor-top-column\" data-id=\"5e9fd07\" data-element_type=\"column\" data-settings=\"{&quot;background_background&quot;:&quot;classic&quot;}\">\n\t\t\t<div class=\"elementor-column-wrap  elementor-element-populated\">\n\t\t\t\t\t<div class=\"elementor-widget-wrap\">\n\t\t\t\t<section class=\"elementor-element elementor-element-a5abcd5 elementor-section-boxed elementor-section-height-default elementor-section-height-default elementor-section elementor-inner-section\" data-id=\"a5abcd5\" data-element_type=\"section\">\n\t\t\t\t\t\t<div class=\"elementor-container elementor-column-gap-wider\">\n\t\t\t\t<div class=\"elementor-row\">\n\t\t\t\t<div class=\"elementor-element elementor-element-19080e1 elementor-column elementor-col-50 elementor-inner-column\" data-id=\"19080e1\" data-element_type=\"column\">\n\t\t\t<div class=\"elementor-column-wrap  elementor-element-populated\">\n\t\t\t\t\t<div class=\"elementor-widget-wrap\">\n\t\t\t\t<div class=\"elementor-element elementor-element-3f71c25 elementor-widget elementor-widget-heading\" data-id=\"3f71c25\" data-element_type=\"widget\" data-widget_type=\"heading.default\">\n\t\t\t\t<div class=\"elementor-widget-container\">\n\t\t\t<h2 class=\"elementor-heading-title elementor-size-default\">Les Accr\u00e9ditations<\/h2>\t\t<\/div>\n\t\t\t\t<\/div>\n\t\t\t\t<div class=\"elementor-element elementor-element-d9e4f61 elementor-widget__width-auto elementor-widget elementor-widget-image\" data-id=\"d9e4f61\" data-element_type=\"widget\" data-widget_type=\"image.default\">\n\t\t\t\t<div class=\"elementor-widget-container\">\n\t\t\t\t\t<div class=\"elementor-image\">\n\t\t\t\t\t\t\t\t\t\t\t<a href=\"https:\/\/ncpsa.org\/\">\n\t\t\t\t\t\t\t<img loading=\"lazy\" decoding=\"async\" width=\"300\" height=\"300\" src=\"https:\/\/clonlara.org\/\/fr\/wp-content\/uploads\/sites\/3\/2019\/07\/1.1-Logo_Round-300x300.png\" class=\"attachment-medium size-medium\" alt=\"\" srcset=\"https:\/\/clonlara.org\/\/fr\/wp-content\/uploads\/sites\/3\/2019\/07\/1.1-Logo_Round-300x300.png 300w, https:\/\/clonlara.org\/\/fr\/wp-content\/uploads\/sites\/3\/2019\/07\/1.1-Logo_Round-150x150.png 150w, https:\/\/clonlara.org\/\/fr\/wp-content\/uploads\/sites\/3\/2019\/07\/1.1-Logo_Round.png 601w\" sizes=\"auto, (max-width: 300px) 100vw, 300px\" \/>\t\t\t\t\t\t\t\t<\/a>\n\t\t\t\t\t\t\t\t\t\t\t<\/div>\n\t\t\t\t<\/div>\n\t\t\t\t<\/div>\n\t\t\t\t<div class=\"elementor-element elementor-element-08b6c9d elementor-widget__width-auto elementor-widget elementor-widget-image\" data-id=\"08b6c9d\" data-element_type=\"widget\" data-widget_type=\"image.default\">\n\t\t\t\t<div class=\"elementor-widget-container\">\n\t\t\t\t\t<div class=\"elementor-image\">\n\t\t\t\t\t\t\t\t\t\t\t<a href=\"https:\/\/www.msa-cess.org\/\">\n\t\t\t\t\t\t\t<img loading=\"lazy\" decoding=\"async\" width=\"300\" height=\"300\" src=\"https:\/\/clonlara.org\/\/fr\/wp-content\/uploads\/sites\/3\/2019\/07\/2-Logo_Round-300x300.png\" class=\"attachment-medium size-medium\" alt=\"\" srcset=\"https:\/\/clonlara.org\/\/fr\/wp-content\/uploads\/sites\/3\/2019\/07\/2-Logo_Round-300x300.png 300w, https:\/\/clonlara.org\/\/fr\/wp-content\/uploads\/sites\/3\/2019\/07\/2-Logo_Round-150x150.png 150w, https:\/\/clonlara.org\/\/fr\/wp-content\/uploads\/sites\/3\/2019\/07\/2-Logo_Round.png 601w\" sizes=\"auto, (max-width: 300px) 100vw, 300px\" \/>\t\t\t\t\t\t\t\t<\/a>\n\t\t\t\t\t\t\t\t\t\t\t<\/div>\n\t\t\t\t<\/div>\n\t\t\t\t<\/div>\n\t\t\t\t<div class=\"elementor-element elementor-element-b6797d3 elementor-widget__width-auto elementor-widget elementor-widget-image\" data-id=\"b6797d3\" data-element_type=\"widget\" data-widget_type=\"image.default\">\n\t\t\t\t<div class=\"elementor-widget-container\">\n\t\t\t\t\t<div class=\"elementor-image\">\n\t\t\t\t\t\t\t\t\t\t\t<a href=\"https:\/\/accreditationinternational.org\/\">\n\t\t\t\t\t\t\t<img loading=\"lazy\" decoding=\"async\" width=\"300\" height=\"300\" src=\"https:\/\/clonlara.org\/\/fr\/wp-content\/uploads\/sites\/3\/2019\/07\/Logo@x1-300x300.png\" class=\"attachment-medium size-medium\" alt=\"\" srcset=\"https:\/\/clonlara.org\/\/fr\/wp-content\/uploads\/sites\/3\/2019\/07\/Logo@x1-300x300.png 300w, https:\/\/clonlara.org\/\/fr\/wp-content\/uploads\/sites\/3\/2019\/07\/Logo@x1-150x150.png 150w, https:\/\/clonlara.org\/\/fr\/wp-content\/uploads\/sites\/3\/2019\/07\/Logo@x1.png 302w\" sizes=\"auto, (max-width: 300px) 100vw, 300px\" \/>\t\t\t\t\t\t\t\t<\/a>\n\t\t\t\t\t\t\t\t\t\t\t<\/div>\n\t\t\t\t<\/div>\n\t\t\t\t<\/div>\n\t\t\t\t\t\t<\/div>\n\t\t\t<\/div>\n\t\t<\/div>\n\t\t\t\t<div class=\"elementor-element elementor-element-f5ca6e4 elementor-column elementor-col-50 elementor-inner-column\" data-id=\"f5ca6e4\" data-element_type=\"column\">\n\t\t\t<div class=\"elementor-column-wrap  elementor-element-populated\">\n\t\t\t\t\t<div class=\"elementor-widget-wrap\">\n\t\t\t\t<div class=\"elementor-element elementor-element-4993768 elementor-widget elementor-widget-heading\" data-id=\"4993768\" data-element_type=\"widget\" data-widget_type=\"heading.default\">\n\t\t\t\t<div class=\"elementor-widget-container\">\n\t\t\t<h2 class=\"elementor-heading-title elementor-size-default\">Soutenir Clonlara<\/h2>\t\t<\/div>\n\t\t\t\t<\/div>\n\t\t\t\t<div class=\"elementor-element elementor-element-e11e19f elementor-widget elementor-widget-text-editor\" data-id=\"e11e19f\" data-element_type=\"widget\" data-widget_type=\"text-editor.default\">\n\t\t\t\t<div class=\"elementor-widget-container\">\n\t\t\t\t\t<div class=\"elementor-text-editor elementor-clearfix\"><p class=\"p1\">Il existe de nombreuses fa\u00e7ons de soutenir la mission de Clonlara. Partagez votre temps, vos connaissances et votre exp\u00e9rience ; ou faites un don et ayez un impact direct sur notre communaut\u00e9.<\/p><\/div>\n\t\t\t\t<\/div>\n\t\t\t\t<\/div>\n\t\t\t\t<div class=\"elementor-element elementor-element-905be1b elementor-align-left elementor-widget__width-auto elementor-widget elementor-widget-button\" data-id=\"905be1b\" data-element_type=\"widget\" data-widget_type=\"button.default\">\n\t\t\t\t<div class=\"elementor-widget-container\">\n\t\t\t\t\t<div class=\"elementor-button-wrapper\">\n\t\t\t<a href=\"https:\/\/clonlara.org\/fr\/support\/\" class=\"elementor-button-link elementor-button elementor-size-md\" role=\"button\">\n\t\t\t\t\t\t<span class=\"elementor-button-content-wrapper\">\n\t\t\t\t\t\t<span class=\"elementor-button-text\">Apprendre encore plus<\/span>\n\t\t<\/span>\n\t\t\t\t\t<\/a>\n\t\t<\/div>\n\t\t\t\t<\/div>\n\t\t\t\t<\/div>\n\t\t\t\t\t\t<\/div>\n\t\t\t<\/div>\n\t\t<\/div>\n\t\t\t\t\t\t<\/div>\n\t\t\t<\/div>\n\t\t<\/section>\n\t\t\t\t\t\t<\/div>\n\t\t\t<\/div>\n\t\t<\/div>\n\t\t\t\t\t\t<\/div>\n\t\t\t<\/div>\n\t\t<\/section>\n\t\t\t\t\t\t<\/div>\n\t\t\t<\/div>\n\t\t<\/div>\n\t\t<\/div>\n\t\t\t\t<\/div>\n\t\t\t\t<\/div>\n\t\t\t\t\t\t<\/div>\n\t\t\t<\/div>\n\t\t<\/div>\n\t\t\t\t\t\t<\/div>\n\t\t\t<\/div>\n\t\t<\/section>\n\t\t\t\t\t\t<\/div>\n\t\t\t<\/div>\n\t\t<\/div>\n\t\t","protected":false},"excerpt":{"rendered":"<p>Clonlara est accueillante&nbsp; Le respect des diff\u00e9rences Depuis 1967, l&#8217;\u00e9cole Clonlara prot\u00e8ge et promeut la libert\u00e9 \u00e9ducative et la souverainet\u00e9 des individus, en particulier des enfants. Au fil des d\u00e9cennies, une grande diversit\u00e9 de personnes, de pens\u00e9es et d&#8217;exp\u00e9riences a fa\u00e7onn\u00e9 et ciment\u00e9 la communaut\u00e9 \u00e9ducative internationale de l\u2019\u00e9cole. Aujourd&#8217;hui, plus que jamais, le monde [&hellip;]<\/p>\n","protected":false},"author":32,"featured_media":0,"parent":0,"menu_order":0,"comment_status":"closed","ping_status":"closed","template":"elementor_header_footer","meta":{"footnotes":""},"class_list":["post-8950","page","type-page","status-publish","hentry"],"_links":{"self":[{"href":"https:\/\/clonlara.org\/\/fr\/wp-json\/wp\/v2\/pages\/8950","targetHints":{"allow":["GET"]}}],"collection":[{"href":"https:\/\/clonlara.org\/\/fr\/wp-json\/wp\/v2\/pages"}],"about":[{"href":"https:\/\/clonlara.org\/\/fr\/wp-json\/wp\/v2\/types\/page"}],"author":[{"embeddable":true,"href":"https:\/\/clonlara.org\/\/fr\/wp-json\/wp\/v2\/users\/32"}],"replies":[{"embeddable":true,"href":"https:\/\/clonlara.org\/\/fr\/wp-json\/wp\/v2\/comments?post=8950"}],"version-history":[{"count":7,"href":"https:\/\/clonlara.org\/\/fr\/wp-json\/wp\/v2\/pages\/8950\/revisions"}],"predecessor-version":[{"id":27932,"href":"https:\/\/clonlara.org\/\/fr\/wp-json\/wp\/v2\/pages\/8950\/revisions\/27932"}],"wp:attachment":[{"href":"https:\/\/clonlara.org\/\/fr\/wp-json\/wp\/v2\/media?parent=8950"}],"curies":[{"name":"wp","href":"https:\/\/api.w.org\/{rel}","templated":true}]}}