{"id":7593,"date":"2022-03-31T12:57:04","date_gmt":"2022-03-31T12:57:04","guid":{"rendered":"https:\/\/clonlara.org\/\/fr\/?page_id=7593"},"modified":"2024-06-24T06:07:27","modified_gmt":"2024-06-24T06:07:27","slug":"refund-policy","status":"publish","type":"page","link":"https:\/\/clonlara.org\/\/fr\/refund-policy\/","title":{"rendered":"Refund Policy"},"content":{"rendered":"\t\t<div data-elementor-type=\"wp-page\" data-elementor-id=\"7593\" class=\"elementor elementor-7593\" data-elementor-settings=\"[]\">\n\t\t\t<div class=\"elementor-inner\">\n\t\t\t\t<div class=\"elementor-section-wrap\">\n\t\t\t\t\t\t\t<section class=\"elementor-element elementor-element-b48c730 elementor-section-height-min-height elementor-section-boxed elementor-section-height-default elementor-section-items-middle elementor-section elementor-top-section\" data-id=\"b48c730\" data-element_type=\"section\" data-settings=\"{&quot;background_background&quot;:&quot;classic&quot;}\">\n\t\t\t\t\t\t<div class=\"elementor-container elementor-column-gap-default\">\n\t\t\t\t<div class=\"elementor-row\">\n\t\t\t\t<div class=\"elementor-element elementor-element-ef79001 elementor-column elementor-col-100 elementor-top-column\" data-id=\"ef79001\" data-element_type=\"column\">\n\t\t\t<div class=\"elementor-column-wrap\">\n\t\t\t\t\t<div class=\"elementor-widget-wrap\">\n\t\t\t\t\t\t<\/div>\n\t\t\t<\/div>\n\t\t<\/div>\n\t\t\t\t\t\t<\/div>\n\t\t\t<\/div>\n\t\t<\/section>\n\t\t\t\t<section class=\"elementor-element elementor-element-f18f60c enrollment-block1 elementor-section-boxed elementor-section-height-default elementor-section-height-default elementor-section elementor-top-section\" data-id=\"f18f60c\" data-element_type=\"section\" data-settings=\"{&quot;background_background&quot;:&quot;classic&quot;}\">\n\t\t\t\t\t\t<div class=\"elementor-container elementor-column-gap-default\">\n\t\t\t\t<div class=\"elementor-row\">\n\t\t\t\t<div class=\"elementor-element elementor-element-73a075f elementor-column elementor-col-100 elementor-top-column\" data-id=\"73a075f\" data-element_type=\"column\">\n\t\t\t<div class=\"elementor-column-wrap  elementor-element-populated\">\n\t\t\t\t\t<div class=\"elementor-widget-wrap\">\n\t\t\t\t<div class=\"elementor-element elementor-element-c4dd2c8 elementor-widget elementor-widget-heading\" data-id=\"c4dd2c8\" data-element_type=\"widget\" data-widget_type=\"heading.default\">\n\t\t\t\t<div class=\"elementor-widget-container\">\n\t\t\t<h1 class=\"elementor-heading-title elementor-size-default\">Politique de remboursement<\/h1>\t\t<\/div>\n\t\t\t\t<\/div>\n\t\t\t\t<div class=\"elementor-element elementor-element-5877d3d elementor-widget elementor-widget-text-editor\" data-id=\"5877d3d\" data-element_type=\"widget\" data-widget_type=\"text-editor.default\">\n\t\t\t\t<div class=\"elementor-widget-container\">\n\t\t\t\t\t<div class=\"elementor-text-editor elementor-clearfix\"><h4>Notre engagement<\/h4><p>Tout au long du processus d&#8217;inscription, nous faisons notre possible pour nous assurer que les familles comprennent l&#8217;engagement dans le temps et la nature collaborative de notre programme. Cependant, si vous d\u00e9cidez que le programme ne r\u00e9pond pas \u00e0 vos besoins, nos conditions de remboursement des frais de scolarit\u00e9 vous sont expliqu\u00e9es ici.<\/p><h4>R\u00e9inscription<\/h4><p>Les frais de scolarit\u00e9 ne sont pas remboursables lorsqu&#8217;un \u00e9l\u00e8ve a \u00e9t\u00e9 inscrit \u00e0 Clonlara au cours de l&#8217;ann\u00e9e scolaire pr\u00e9c\u00e9dente. Par exemple, les frais de scolarit\u00e9 de 2023-24 ne sont pas remboursables pour ceux qui \u00e9taient inscrits durant l&#8217;ann\u00e9e scolaire 2022-23.<\/p><h4>Nouvelle inscription (cela comprend les \u00e9l\u00e8ves qui ont \u00e9t\u00e9 inscrits de mani\u00e8re intermittente)<\/h4><p>Nous comprenons que la scolarit\u00e9 \u00e0 Clonlara est une exp\u00e9rience nouvelle et que les nouveaux inscrits ont besoin de temps pour saisir ce que nous entendons par la cr\u00e9ation d&#8217;un projet d&#8217;\u00e9tudes. Aussi, nous leur donnons le temps de se familiariser avec le guide de l&#8217;\u00e9ducation de Clonlara, d&#8217;avoir particip\u00e9 \u00e0 la consultation initiale avec leur conseill\u00e8re.<\/p><p>Les nouveaux inscrits ont la possibilit\u00e9 de se r\u00e9tracter dans un d\u00e9lai de 45 jours \u00e0 compter de la date d&#8217;inscription ou de rentr\u00e9e scolaire, la date la plus tardive \u00e9tant retenue.<\/p><p>Les frais de gestion et les frais li\u00e9s au paiement \u00e9chelonn\u00e9 ne sont pas remboursables.<\/p><h4>Formulaire de r\u00e9traction exig\u00e9<\/h4><p>Votre r\u00e9traction doit nous \u00eatre notifi\u00e9e par \u00e9crit via le formulaire suivant\u00a0:<\/p><p><a href=\"https:\/\/clonlara.formstack.com\/forms\/withdrawal_france\" target=\"_blank\" rel=\"noopener\">Formulaire de demande de r\u00e9siliation.<\/a><\/p><h4>Le remboursement des frais de scolarit\u00e9 est effectu\u00e9 comme suit :<\/h4><p>\u2022 Si vous avez pay\u00e9 les frais de scolarit\u00e9 en totalit\u00e9 et transmis le formulaire de r\u00e9traction, nous rembourserons 80% des frais de scolarit\u00e9 que vous avez vers\u00e9s. Les frais de gestion et les frais relatifs au paiement \u00e9chelonn\u00e9 ne sont pas remboursables..<\/p><p>\u2022 Si vous avez choisi un paiement \u00e9chelonn\u00e9 et transmis le formulaire de r\u00e9traction, votre premier paiement n&#8217;est pas remboursable, mais les paiements ult\u00e9rieurs sont annul\u00e9s et\/ou revers\u00e9s. Les frais de gestion et les frais relatifs au paiement \u00e9chelonn\u00e9 ne sont pas remboursables.<\/p><p>\u2022 Les remboursements sont effectu\u00e9s de la m\u00eame mani\u00e8re que les paiements. Les remboursements peuvent prendre jusqu&#8217;\u00e0 deux semaines pour \u00eatre transf\u00e9r\u00e9s.<\/p><\/div>\n\t\t\t\t<\/div>\n\t\t\t\t<\/div>\n\t\t\t\t\t\t<\/div>\n\t\t\t<\/div>\n\t\t<\/div>\n\t\t\t\t\t\t<\/div>\n\t\t\t<\/div>\n\t\t<\/section>\n\t\t\t\t\t\t<\/div>\n\t\t\t<\/div>\n\t\t<\/div>\n\t\t","protected":false},"excerpt":{"rendered":"<p>Politique de remboursement Notre engagement Tout au long du processus d&#8217;inscription, nous faisons notre possible pour nous assurer que les familles comprennent l&#8217;engagement dans le temps et la nature collaborative de notre programme. Cependant, si vous d\u00e9cidez que le programme ne r\u00e9pond pas \u00e0 vos besoins, nos conditions de remboursement des frais de scolarit\u00e9 vous [&hellip;]<\/p>\n","protected":false},"author":1,"featured_media":0,"parent":0,"menu_order":0,"comment_status":"closed","ping_status":"closed","template":"elementor_header_footer","meta":{"footnotes":""},"class_list":["post-7593","page","type-page","status-publish","hentry"],"_links":{"self":[{"href":"https:\/\/clonlara.org\/\/fr\/wp-json\/wp\/v2\/pages\/7593","targetHints":{"allow":["GET"]}}],"collection":[{"href":"https:\/\/clonlara.org\/\/fr\/wp-json\/wp\/v2\/pages"}],"about":[{"href":"https:\/\/clonlara.org\/\/fr\/wp-json\/wp\/v2\/types\/page"}],"author":[{"embeddable":true,"href":"https:\/\/clonlara.org\/\/fr\/wp-json\/wp\/v2\/users\/1"}],"replies":[{"embeddable":true,"href":"https:\/\/clonlara.org\/\/fr\/wp-json\/wp\/v2\/comments?post=7593"}],"version-history":[{"count":5,"href":"https:\/\/clonlara.org\/\/fr\/wp-json\/wp\/v2\/pages\/7593\/revisions"}],"predecessor-version":[{"id":8997,"href":"https:\/\/clonlara.org\/\/fr\/wp-json\/wp\/v2\/pages\/7593\/revisions\/8997"}],"wp:attachment":[{"href":"https:\/\/clonlara.org\/\/fr\/wp-json\/wp\/v2\/media?parent=7593"}],"curies":[{"name":"wp","href":"https:\/\/api.w.org\/{rel}","templated":true}]}}