{"id":1631,"date":"2020-03-30T18:30:26","date_gmt":"2020-03-30T18:30:26","guid":{"rendered":"https:\/\/clonlara.org\/fr\/enrollment-2\/"},"modified":"2020-03-30T18:36:00","modified_gmt":"2020-03-30T18:36:00","slug":"privacy-policy","status":"publish","type":"page","link":"https:\/\/clonlara.org\/\/fr\/privacy-policy\/","title":{"rendered":"Privacy Policy"},"content":{"rendered":"\t\t<div data-elementor-type=\"wp-post\" data-elementor-id=\"1631\" class=\"elementor elementor-1631\" data-elementor-settings=\"[]\">\n\t\t\t<div class=\"elementor-inner\">\n\t\t\t\t<div class=\"elementor-section-wrap\">\n\t\t\t\t\t\t\t<section class=\"elementor-element elementor-element-b0adccf elementor-section-height-min-height elementor-section-boxed elementor-section-height-default elementor-section-items-middle elementor-section elementor-top-section\" data-id=\"b0adccf\" data-element_type=\"section\" data-settings=\"{&quot;background_background&quot;:&quot;classic&quot;}\">\n\t\t\t\t\t\t<div class=\"elementor-container elementor-column-gap-default\">\n\t\t\t\t<div class=\"elementor-row\">\n\t\t\t\t<div class=\"elementor-element elementor-element-e13e89d elementor-column elementor-col-100 elementor-top-column\" data-id=\"e13e89d\" data-element_type=\"column\">\n\t\t\t<div class=\"elementor-column-wrap\">\n\t\t\t\t\t<div class=\"elementor-widget-wrap\">\n\t\t\t\t\t\t<\/div>\n\t\t\t<\/div>\n\t\t<\/div>\n\t\t\t\t\t\t<\/div>\n\t\t\t<\/div>\n\t\t<\/section>\n\t\t\t\t<section class=\"elementor-element elementor-element-1551c1e enrollment-block1 elementor-section-boxed elementor-section-height-default elementor-section-height-default elementor-section elementor-top-section\" data-id=\"1551c1e\" data-element_type=\"section\" data-settings=\"{&quot;background_background&quot;:&quot;classic&quot;}\">\n\t\t\t\t\t\t<div class=\"elementor-container elementor-column-gap-default\">\n\t\t\t\t<div class=\"elementor-row\">\n\t\t\t\t<div class=\"elementor-element elementor-element-10f4260 elementor-column elementor-col-100 elementor-top-column\" data-id=\"10f4260\" data-element_type=\"column\">\n\t\t\t<div class=\"elementor-column-wrap  elementor-element-populated\">\n\t\t\t\t\t<div class=\"elementor-widget-wrap\">\n\t\t\t\t<div class=\"elementor-element elementor-element-a1b4f94 elementor-widget elementor-widget-heading\" data-id=\"a1b4f94\" data-element_type=\"widget\" data-widget_type=\"heading.default\">\n\t\t\t\t<div class=\"elementor-widget-container\">\n\t\t\t<h1 class=\"elementor-heading-title elementor-size-default\">Privacy Policy<\/h1>\t\t<\/div>\n\t\t\t\t<\/div>\n\t\t\t\t<div class=\"elementor-element elementor-element-60bbfda elementor-widget elementor-widget-text-editor\" data-id=\"60bbfda\" data-element_type=\"widget\" data-widget_type=\"text-editor.default\">\n\t\t\t\t<div class=\"elementor-widget-container\">\n\t\t\t\t\t<div class=\"elementor-text-editor elementor-clearfix\"><div title=\"Page 2\"><div><div><div><p>If you require any more information or have any questions about our privacy policy, please feel free to contact us by email at <a href=\"mailto:info@clonlara.org\/fr\">info@clonlara.org\/fr<\/a>.<\/p><p>At www.clonlara.org\/fr, the privacy of our visitors is of extreme importance to us. This privacy policy document outlines the types of personal information received and collected by www.clonlara.org\/fr and how it is used.<\/p><p>Log Files, Cookies and Web Beacons<\/p><p>Like many other Web sites, www.clonlara.org\/fr makes use of log files. The information inside the log files includes internet protocol ( IP ) addresses, type of browser, Internet Service Provider ( ISP ), date\/time stamp, referring\/exit pages, and number of clicks to analyze trends, administer the site, track user\u2019s movement around the site, and gather demographic information. IP addresses, and other such information are not linked to any information that is personally identifiable.<\/p><p>Videos on our site are hosted by third-party services, such as Vimeo, that may use cookies and web beacons on our site. Video hosts use technology for links that appear on www.clonlara.org\/fr to send information directly to your browsers. They automatically receive your IP address when this occurs. Other technologies (such as cookies, JavaScript, or Web Beacons) may also be used by the third-party hosts to measure the effectiveness of their services.<\/p><div class=\"page\" title=\"Page 3\"><div class=\"section\"><div class=\"layoutArea\"><div class=\"column\"><p>www.clonlara.org\/fr has no access to or control over these cookies that are used by third-party services.<\/p><p>You should consult the respective privacy policies of these services for more detailed information on their practices as well as for instructions about how to opt-out of certain practices. www.clonlara.org\/fr\u2019s privacy policy does not apply to, and we cannot control the activities of, such other services, advertisers or web sites.<\/p><p>If you wish to disable cookies, you may do so through your individual browser options. More detailed information about cookie management with specific web browsers can be found at the browsers\u2019 respective websites.<\/p><\/div><\/div><\/div><\/div><\/div><\/div><\/div><\/div><\/div>\n\t\t\t\t<\/div>\n\t\t\t\t<\/div>\n\t\t\t\t\t\t<\/div>\n\t\t\t<\/div>\n\t\t<\/div>\n\t\t\t\t\t\t<\/div>\n\t\t\t<\/div>\n\t\t<\/section>\n\t\t\t\t<section class=\"elementor-element elementor-element-a9f0e51 elementor-section-full_width elementor-section-height-default elementor-section-height-default elementor-section elementor-top-section\" data-id=\"a9f0e51\" data-element_type=\"section\">\n\t\t\t\t\t\t<div class=\"elementor-container elementor-column-gap-default\">\n\t\t\t\t<div class=\"elementor-row\">\n\t\t\t\t<div class=\"elementor-element elementor-element-d98ff59 elementor-column elementor-col-100 elementor-top-column\" data-id=\"d98ff59\" data-element_type=\"column\">\n\t\t\t<div class=\"elementor-column-wrap  elementor-element-populated\">\n\t\t\t\t\t<div class=\"elementor-widget-wrap\">\n\t\t\t\t<div class=\"elementor-element elementor-element-70b9c40 elementor-widget elementor-widget-shortcode\" data-id=\"70b9c40\" data-element_type=\"widget\" data-widget_type=\"shortcode.default\">\n\t\t\t\t<div class=\"elementor-widget-container\">\n\t\t\t\t\t<div class=\"elementor-shortcode\">\t\t<div data-elementor-type=\"wp-post\" data-elementor-id=\"268\" class=\"elementor elementor-268\" data-elementor-settings=\"[]\">\n\t\t\t<div class=\"elementor-inner\">\n\t\t\t\t<div class=\"elementor-section-wrap\">\n\t\t\t\t\t\t\t<section class=\"elementor-element elementor-element-8e15235 elementor-section-full_width global-pre-footer elementor-section-height-default elementor-section-height-default elementor-section elementor-top-section\" data-id=\"8e15235\" data-element_type=\"section\" data-settings=\"{&quot;background_background&quot;:&quot;classic&quot;}\">\n\t\t\t\t\t\t<div class=\"elementor-container elementor-column-gap-default\">\n\t\t\t\t<div class=\"elementor-row\">\n\t\t\t\t<div class=\"elementor-element elementor-element-5e9fd07 elementor-column elementor-col-100 elementor-top-column\" data-id=\"5e9fd07\" data-element_type=\"column\" data-settings=\"{&quot;background_background&quot;:&quot;classic&quot;}\">\n\t\t\t<div class=\"elementor-column-wrap  elementor-element-populated\">\n\t\t\t\t\t<div class=\"elementor-widget-wrap\">\n\t\t\t\t<section class=\"elementor-element elementor-element-a5abcd5 elementor-section-boxed elementor-section-height-default elementor-section-height-default elementor-section elementor-inner-section\" data-id=\"a5abcd5\" data-element_type=\"section\">\n\t\t\t\t\t\t<div class=\"elementor-container elementor-column-gap-wider\">\n\t\t\t\t<div class=\"elementor-row\">\n\t\t\t\t<div class=\"elementor-element elementor-element-19080e1 elementor-column elementor-col-50 elementor-inner-column\" data-id=\"19080e1\" data-element_type=\"column\">\n\t\t\t<div class=\"elementor-column-wrap  elementor-element-populated\">\n\t\t\t\t\t<div class=\"elementor-widget-wrap\">\n\t\t\t\t<div class=\"elementor-element elementor-element-3f71c25 elementor-widget elementor-widget-heading\" data-id=\"3f71c25\" data-element_type=\"widget\" data-widget_type=\"heading.default\">\n\t\t\t\t<div class=\"elementor-widget-container\">\n\t\t\t<h2 class=\"elementor-heading-title elementor-size-default\">Les Accr\u00e9ditations<\/h2>\t\t<\/div>\n\t\t\t\t<\/div>\n\t\t\t\t<div class=\"elementor-element elementor-element-d9e4f61 elementor-widget__width-auto elementor-widget elementor-widget-image\" data-id=\"d9e4f61\" data-element_type=\"widget\" data-widget_type=\"image.default\">\n\t\t\t\t<div class=\"elementor-widget-container\">\n\t\t\t\t\t<div class=\"elementor-image\">\n\t\t\t\t\t\t\t\t\t\t\t<a href=\"https:\/\/ncpsa.org\/\">\n\t\t\t\t\t\t\t<img loading=\"lazy\" decoding=\"async\" width=\"300\" height=\"300\" src=\"https:\/\/clonlara.org\/\/fr\/wp-content\/uploads\/sites\/3\/2019\/07\/1.1-Logo_Round-300x300.png\" class=\"attachment-medium size-medium\" alt=\"\" srcset=\"https:\/\/clonlara.org\/\/fr\/wp-content\/uploads\/sites\/3\/2019\/07\/1.1-Logo_Round-300x300.png 300w, https:\/\/clonlara.org\/\/fr\/wp-content\/uploads\/sites\/3\/2019\/07\/1.1-Logo_Round-150x150.png 150w, https:\/\/clonlara.org\/\/fr\/wp-content\/uploads\/sites\/3\/2019\/07\/1.1-Logo_Round.png 601w\" sizes=\"auto, (max-width: 300px) 100vw, 300px\" \/>\t\t\t\t\t\t\t\t<\/a>\n\t\t\t\t\t\t\t\t\t\t\t<\/div>\n\t\t\t\t<\/div>\n\t\t\t\t<\/div>\n\t\t\t\t<div class=\"elementor-element elementor-element-08b6c9d elementor-widget__width-auto elementor-widget elementor-widget-image\" data-id=\"08b6c9d\" data-element_type=\"widget\" data-widget_type=\"image.default\">\n\t\t\t\t<div class=\"elementor-widget-container\">\n\t\t\t\t\t<div class=\"elementor-image\">\n\t\t\t\t\t\t\t\t\t\t\t<a href=\"https:\/\/www.msa-cess.org\/\">\n\t\t\t\t\t\t\t<img loading=\"lazy\" decoding=\"async\" width=\"300\" height=\"300\" src=\"https:\/\/clonlara.org\/\/fr\/wp-content\/uploads\/sites\/3\/2019\/07\/2-Logo_Round-300x300.png\" class=\"attachment-medium size-medium\" alt=\"\" srcset=\"https:\/\/clonlara.org\/\/fr\/wp-content\/uploads\/sites\/3\/2019\/07\/2-Logo_Round-300x300.png 300w, https:\/\/clonlara.org\/\/fr\/wp-content\/uploads\/sites\/3\/2019\/07\/2-Logo_Round-150x150.png 150w, https:\/\/clonlara.org\/\/fr\/wp-content\/uploads\/sites\/3\/2019\/07\/2-Logo_Round.png 601w\" sizes=\"auto, (max-width: 300px) 100vw, 300px\" \/>\t\t\t\t\t\t\t\t<\/a>\n\t\t\t\t\t\t\t\t\t\t\t<\/div>\n\t\t\t\t<\/div>\n\t\t\t\t<\/div>\n\t\t\t\t<div class=\"elementor-element elementor-element-b6797d3 elementor-widget__width-auto elementor-widget elementor-widget-image\" data-id=\"b6797d3\" data-element_type=\"widget\" data-widget_type=\"image.default\">\n\t\t\t\t<div class=\"elementor-widget-container\">\n\t\t\t\t\t<div class=\"elementor-image\">\n\t\t\t\t\t\t\t\t\t\t\t<a href=\"https:\/\/accreditationinternational.org\/\">\n\t\t\t\t\t\t\t<img loading=\"lazy\" decoding=\"async\" width=\"300\" height=\"300\" src=\"https:\/\/clonlara.org\/\/fr\/wp-content\/uploads\/sites\/3\/2019\/07\/Logo@x1-300x300.png\" class=\"attachment-medium size-medium\" alt=\"\" srcset=\"https:\/\/clonlara.org\/\/fr\/wp-content\/uploads\/sites\/3\/2019\/07\/Logo@x1-300x300.png 300w, https:\/\/clonlara.org\/\/fr\/wp-content\/uploads\/sites\/3\/2019\/07\/Logo@x1-150x150.png 150w, https:\/\/clonlara.org\/\/fr\/wp-content\/uploads\/sites\/3\/2019\/07\/Logo@x1.png 302w\" sizes=\"auto, (max-width: 300px) 100vw, 300px\" \/>\t\t\t\t\t\t\t\t<\/a>\n\t\t\t\t\t\t\t\t\t\t\t<\/div>\n\t\t\t\t<\/div>\n\t\t\t\t<\/div>\n\t\t\t\t\t\t<\/div>\n\t\t\t<\/div>\n\t\t<\/div>\n\t\t\t\t<div class=\"elementor-element elementor-element-f5ca6e4 elementor-column elementor-col-50 elementor-inner-column\" data-id=\"f5ca6e4\" data-element_type=\"column\">\n\t\t\t<div class=\"elementor-column-wrap  elementor-element-populated\">\n\t\t\t\t\t<div class=\"elementor-widget-wrap\">\n\t\t\t\t<div class=\"elementor-element elementor-element-4993768 elementor-widget elementor-widget-heading\" data-id=\"4993768\" data-element_type=\"widget\" data-widget_type=\"heading.default\">\n\t\t\t\t<div class=\"elementor-widget-container\">\n\t\t\t<h2 class=\"elementor-heading-title elementor-size-default\">Soutenir Clonlara<\/h2>\t\t<\/div>\n\t\t\t\t<\/div>\n\t\t\t\t<div class=\"elementor-element elementor-element-e11e19f elementor-widget elementor-widget-text-editor\" data-id=\"e11e19f\" data-element_type=\"widget\" data-widget_type=\"text-editor.default\">\n\t\t\t\t<div class=\"elementor-widget-container\">\n\t\t\t\t\t<div class=\"elementor-text-editor elementor-clearfix\"><p class=\"p1\">Il existe de nombreuses fa\u00e7ons de soutenir la mission de Clonlara. Partagez votre temps, vos connaissances et votre exp\u00e9rience ; ou faites un don et ayez un impact direct sur notre communaut\u00e9.<\/p><\/div>\n\t\t\t\t<\/div>\n\t\t\t\t<\/div>\n\t\t\t\t<div class=\"elementor-element elementor-element-905be1b elementor-align-left elementor-widget__width-auto elementor-widget elementor-widget-button\" data-id=\"905be1b\" data-element_type=\"widget\" data-widget_type=\"button.default\">\n\t\t\t\t<div class=\"elementor-widget-container\">\n\t\t\t\t\t<div class=\"elementor-button-wrapper\">\n\t\t\t<a href=\"https:\/\/clonlara.org\/fr\/support\/\" class=\"elementor-button-link elementor-button elementor-size-md\" role=\"button\">\n\t\t\t\t\t\t<span class=\"elementor-button-content-wrapper\">\n\t\t\t\t\t\t<span class=\"elementor-button-text\">Apprendre encore plus<\/span>\n\t\t<\/span>\n\t\t\t\t\t<\/a>\n\t\t<\/div>\n\t\t\t\t<\/div>\n\t\t\t\t<\/div>\n\t\t\t\t\t\t<\/div>\n\t\t\t<\/div>\n\t\t<\/div>\n\t\t\t\t\t\t<\/div>\n\t\t\t<\/div>\n\t\t<\/section>\n\t\t\t\t\t\t<\/div>\n\t\t\t<\/div>\n\t\t<\/div>\n\t\t\t\t\t\t<\/div>\n\t\t\t<\/div>\n\t\t<\/section>\n\t\t\t\t\t\t<\/div>\n\t\t\t<\/div>\n\t\t<\/div>\n\t\t<\/div>\n\t\t\t\t<\/div>\n\t\t\t\t<\/div>\n\t\t\t\t\t\t<\/div>\n\t\t\t<\/div>\n\t\t<\/div>\n\t\t\t\t\t\t<\/div>\n\t\t\t<\/div>\n\t\t<\/section>\n\t\t\t\t\t\t<\/div>\n\t\t\t<\/div>\n\t\t<\/div>\n\t\t","protected":false},"excerpt":{"rendered":"<p>Privacy Policy If you require any more information or have any questions about our privacy policy, please feel free to contact us by email at info@clonlara.org\/fr. At www.clonlara.org\/fr, the privacy of our visitors is of extreme importance to us. This privacy policy document outlines the types of personal information received and collected by www.clonlara.org\/fr and [&hellip;]<\/p>\n","protected":false},"author":1,"featured_media":0,"parent":0,"menu_order":0,"comment_status":"closed","ping_status":"closed","template":"elementor_header_footer","meta":{"footnotes":""},"class_list":["post-1631","page","type-page","status-publish","hentry"],"_links":{"self":[{"href":"https:\/\/clonlara.org\/\/fr\/wp-json\/wp\/v2\/pages\/1631","targetHints":{"allow":["GET"]}}],"collection":[{"href":"https:\/\/clonlara.org\/\/fr\/wp-json\/wp\/v2\/pages"}],"about":[{"href":"https:\/\/clonlara.org\/\/fr\/wp-json\/wp\/v2\/types\/page"}],"author":[{"embeddable":true,"href":"https:\/\/clonlara.org\/\/fr\/wp-json\/wp\/v2\/users\/1"}],"replies":[{"embeddable":true,"href":"https:\/\/clonlara.org\/\/fr\/wp-json\/wp\/v2\/comments?post=1631"}],"version-history":[{"count":2,"href":"https:\/\/clonlara.org\/\/fr\/wp-json\/wp\/v2\/pages\/1631\/revisions"}],"predecessor-version":[{"id":1633,"href":"https:\/\/clonlara.org\/\/fr\/wp-json\/wp\/v2\/pages\/1631\/revisions\/1633"}],"wp:attachment":[{"href":"https:\/\/clonlara.org\/\/fr\/wp-json\/wp\/v2\/media?parent=1631"}],"curies":[{"name":"wp","href":"https:\/\/api.w.org\/{rel}","templated":true}]}}