{"id":9041,"date":"2024-03-31T21:12:31","date_gmt":"2024-03-31T21:12:31","guid":{"rendered":"https:\/\/clonlara.org\/\/es\/refund-policy-2\/"},"modified":"2025-03-21T16:32:44","modified_gmt":"2025-03-21T16:32:44","slug":"other-fees-and-services","status":"publish","type":"page","link":"https:\/\/clonlara.org\/\/es\/other-fees-and-services\/","title":{"rendered":"Otras tarifas y servicios"},"content":{"rendered":"\t\t<div data-elementor-type=\"wp-page\" data-elementor-id=\"9041\" class=\"elementor elementor-9041\" data-elementor-settings=\"[]\">\n\t\t\t<div class=\"elementor-inner\">\n\t\t\t\t<div class=\"elementor-section-wrap\">\n\t\t\t\t\t\t\t<section class=\"elementor-element elementor-element-6c1f062 elementor-section-height-min-height elementor-section-boxed elementor-section-height-default elementor-section-items-middle elementor-section elementor-top-section\" data-id=\"6c1f062\" data-element_type=\"section\" data-settings=\"{&quot;background_background&quot;:&quot;classic&quot;}\">\n\t\t\t\t\t\t<div class=\"elementor-container elementor-column-gap-default\">\n\t\t\t\t<div class=\"elementor-row\">\n\t\t\t\t<div class=\"elementor-element elementor-element-2df2444 elementor-column elementor-col-100 elementor-top-column\" data-id=\"2df2444\" data-element_type=\"column\">\n\t\t\t<div class=\"elementor-column-wrap\">\n\t\t\t\t\t<div class=\"elementor-widget-wrap\">\n\t\t\t\t\t\t<\/div>\n\t\t\t<\/div>\n\t\t<\/div>\n\t\t\t\t\t\t<\/div>\n\t\t\t<\/div>\n\t\t<\/section>\n\t\t\t\t<section class=\"elementor-element elementor-element-e28ef41 enrollment-block1 elementor-section-boxed elementor-section-height-default elementor-section-height-default elementor-section elementor-top-section\" data-id=\"e28ef41\" data-element_type=\"section\" data-settings=\"{&quot;background_background&quot;:&quot;classic&quot;}\">\n\t\t\t\t\t\t<div class=\"elementor-container elementor-column-gap-default\">\n\t\t\t\t<div class=\"elementor-row\">\n\t\t\t\t<div class=\"elementor-element elementor-element-fdcf702 elementor-column elementor-col-100 elementor-top-column\" data-id=\"fdcf702\" data-element_type=\"column\">\n\t\t\t<div class=\"elementor-column-wrap  elementor-element-populated\">\n\t\t\t\t\t<div class=\"elementor-widget-wrap\">\n\t\t\t\t<div class=\"elementor-element elementor-element-0345223 elementor-widget elementor-widget-heading\" data-id=\"0345223\" data-element_type=\"widget\" data-widget_type=\"heading.default\">\n\t\t\t\t<div class=\"elementor-widget-container\">\n\t\t\t<h1 class=\"elementor-heading-title elementor-size-default\">Otras tarifas y servicios<\/h1>\t\t<\/div>\n\t\t\t\t<\/div>\n\t\t\t\t<div class=\"elementor-element elementor-element-d19d765 elementor-widget elementor-widget-text-editor\" data-id=\"d19d765\" data-element_type=\"widget\" data-widget_type=\"text-editor.default\">\n\t\t\t\t<div class=\"elementor-widget-container\">\n\t\t\t\t\t<div class=\"elementor-text-editor elementor-clearfix\"><p style=\"text-align: left;\"><strong>Otras tarifas y servicios (Europa)<\/strong><\/p><table><tbody><tr><td><div class=\"page\" title=\"Page 1\"><div class=\"section\"><div class=\"layoutArea\"><div class=\"column\"><p><strong>Cursos online<\/strong><\/p><\/div><\/div><\/div><\/div><\/td><td>\u00a0<\/td><\/tr><tr><td><div class=\"page\" title=\"Page 1\"><div class=\"section\"><div class=\"layoutArea\"><div class=\"column\"><p style=\"text-align: left;\">\u00a0 \u00a0 \u00a0Curso de medio cr\u00e9dito<\/p><\/div><\/div><\/div><\/div><\/td><td><div class=\"page\" title=\"Page 1\"><div class=\"section\"><div class=\"layoutArea\"><div class=\"column\"><p style=\"text-align: right;\">395\u20ac<\/p><\/div><\/div><\/div><\/div><\/td><\/tr><tr><td><div class=\"page\" title=\"Page 1\"><div class=\"section\"><div class=\"layoutArea\"><div class=\"column\"><p style=\"text-align: left;\">\u00a0 \u00a0 \u00a0Curso de 1 cr\u00e9dito<\/p><\/div><\/div><\/div><\/div><\/td><td><div class=\"page\" title=\"Page 1\"><div class=\"section\"><div class=\"layoutArea\"><div class=\"column\"><p style=\"text-align: right;\">695\u20ac<\/p><\/div><\/div><\/div><\/div><\/td><\/tr><tr><td><div class=\"page\" title=\"Page 1\"><div class=\"section\"><div class=\"layoutArea\"><div class=\"column\"><p><strong>Tarifa por pago aplazado<\/strong><\/p><\/div><\/div><\/div><\/div><\/td><td><div class=\"page\" title=\"Page 1\"><div class=\"section\"><div class=\"layoutArea\"><div class=\"column\"><p style=\"text-align: right;\">55\u20ac<\/p><\/div><\/div><\/div><\/div><\/td><\/tr><tr><td><div class=\"page\" title=\"Page 1\"><div class=\"section\"><div class=\"layoutArea\"><div class=\"column\"><div class=\"page\" title=\"Page 1\"><div class=\"section\"><div class=\"layoutArea\"><div class=\"column\"><p><strong>Apostilla<\/strong><\/p><\/div><\/div><\/div><\/div><\/div><\/div><\/div><\/div><\/td><td><div class=\"page\" title=\"Page 1\"><div class=\"section\"><div class=\"layoutArea\"><div class=\"column\"><div class=\"page\" title=\"Page 1\"><div class=\"section\"><div class=\"layoutArea\"><div class=\"column\"><p style=\"text-align: right;\">100\u20ac<\/p><\/div><\/div><\/div><\/div><\/div><\/div><\/div><\/div><\/td><\/tr><tr><td><div class=\"page\" title=\"Page 1\"><div class=\"section\"><div class=\"layoutArea\"><div class=\"column\"><div class=\"page\" title=\"Page 1\"><div class=\"section\"><div class=\"layoutArea\"><div class=\"column\"><p><strong>Tasa de graduaci\u00f3n<\/strong><\/p><\/div><\/div><\/div><\/div><\/div><\/div><\/div><\/div><\/td><td><div class=\"page\" title=\"Page 1\"><div class=\"section\"><div class=\"layoutArea\"><div class=\"column\"><p style=\"text-align: right;\">175\u20ac<\/p><\/div><\/div><\/div><\/div><\/td><\/tr><tr><td><div class=\"page\" title=\"Page 1\"><div class=\"section\"><div class=\"layoutArea\"><div class=\"column\"><div class=\"page\" title=\"Page 1\"><div class=\"section\"><div class=\"layoutArea\"><div class=\"column\"><p><strong>Tarifa por retraso<\/strong><\/p><\/div><\/div><\/div><\/div><\/div><\/div><\/div><\/div><\/td><td><div class=\"page\" title=\"Page 1\"><div class=\"section\"><div class=\"layoutArea\"><div class=\"column\"><div class=\"page\" title=\"Page 1\"><div class=\"section\"><div class=\"layoutArea\"><div class=\"column\"><p style=\"text-align: right;\">25\u20ac<\/p><\/div><\/div><\/div><\/div><\/div><\/div><\/div><\/div><\/td><\/tr><tr><td><div class=\"page\" title=\"Page 1\"><div class=\"section\"><div class=\"layoutArea\"><div class=\"column\"><div class=\"page\" title=\"Page 1\"><div class=\"section\"><div class=\"layoutArea\"><div class=\"column\"><p><strong>Tarifa por adelanto<\/strong><\/p><\/div><\/div><\/div><\/div><\/div><\/div><\/div><\/div><\/td><td><div class=\"page\" title=\"Page 1\"><div class=\"section\"><div class=\"layoutArea\"><div class=\"column\"><div class=\"page\" title=\"Page 1\"><div class=\"section\"><div class=\"layoutArea\"><div class=\"column\"><p style=\"text-align: right;\">50\u20ac<\/p><\/div><\/div><\/div><\/div><\/div><\/div><\/div><\/div><\/td><\/tr><tr><td><div class=\"page\" title=\"Page 1\"><div class=\"section\"><div class=\"layoutArea\"><div class=\"column\"><div class=\"page\" title=\"Page 1\"><div class=\"section\"><div class=\"layoutArea\"><div class=\"column\"><p><strong>Tarifa por documento no est\u00e1ndar<\/strong><\/p><\/div><\/div><\/div><\/div><\/div><\/div><\/div><\/div><\/td><td><div class=\"page\" title=\"Page 1\"><div class=\"section\"><div class=\"layoutArea\"><div class=\"column\"><p style=\"text-align: right;\">50\u20ac\/hr<\/p><\/div><\/div><\/div><\/div><\/td><\/tr><\/tbody><\/table><p><strong><a href=\"mailto:info.es@clonlara.org\">Cont\u00e1ctenos<\/a> para obtener m\u00e1s informaci\u00f3n sobre matr\u00edcula y tarifas.<\/strong><\/p><\/div>\n\t\t\t\t<\/div>\n\t\t\t\t<\/div>\n\t\t\t\t\t\t<\/div>\n\t\t\t<\/div>\n\t\t<\/div>\n\t\t\t\t\t\t<\/div>\n\t\t\t<\/div>\n\t\t<\/section>\n\t\t\t\t\t\t<\/div>\n\t\t\t<\/div>\n\t\t<\/div>\n\t\t","protected":false},"excerpt":{"rendered":"<p>Otras tarifas y servicios Otras tarifas y servicios (Europa) Cursos online \u00a0 \u00a0 \u00a0 \u00a0Curso de medio cr\u00e9dito 395\u20ac \u00a0 \u00a0 \u00a0Curso de 1 cr\u00e9dito 695\u20ac Tarifa por pago aplazado 55\u20ac Apostilla 100\u20ac Tasa de graduaci\u00f3n 175\u20ac Tarifa por retraso 25\u20ac Tarifa por adelanto 50\u20ac Tarifa por documento no est\u00e1ndar 50\u20ac\/hr Cont\u00e1ctenos para obtener m\u00e1s [&hellip;]<\/p>\n","protected":false},"author":1,"featured_media":0,"parent":0,"menu_order":0,"comment_status":"closed","ping_status":"closed","template":"elementor_canvas","meta":{"footnotes":""},"class_list":["post-9041","page","type-page","status-publish","hentry"],"_links":{"self":[{"href":"https:\/\/clonlara.org\/\/es\/wp-json\/wp\/v2\/pages\/9041","targetHints":{"allow":["GET"]}}],"collection":[{"href":"https:\/\/clonlara.org\/\/es\/wp-json\/wp\/v2\/pages"}],"about":[{"href":"https:\/\/clonlara.org\/\/es\/wp-json\/wp\/v2\/types\/page"}],"author":[{"embeddable":true,"href":"https:\/\/clonlara.org\/\/es\/wp-json\/wp\/v2\/users\/1"}],"replies":[{"embeddable":true,"href":"https:\/\/clonlara.org\/\/es\/wp-json\/wp\/v2\/comments?post=9041"}],"version-history":[{"count":16,"href":"https:\/\/clonlara.org\/\/es\/wp-json\/wp\/v2\/pages\/9041\/revisions"}],"predecessor-version":[{"id":22939,"href":"https:\/\/clonlara.org\/\/es\/wp-json\/wp\/v2\/pages\/9041\/revisions\/22939"}],"wp:attachment":[{"href":"https:\/\/clonlara.org\/\/es\/wp-json\/wp\/v2\/media?parent=9041"}],"curies":[{"name":"wp","href":"https:\/\/api.w.org\/{rel}","templated":true}]}}