{"id":8205,"date":"2022-03-31T12:47:34","date_gmt":"2022-03-31T12:47:34","guid":{"rendered":"https:\/\/clonlara.org\/\/es\/?page_id=8205"},"modified":"2024-10-10T13:39:39","modified_gmt":"2024-10-10T13:39:39","slug":"refund-policy","status":"publish","type":"page","link":"https:\/\/clonlara.org\/\/es\/refund-policy\/","title":{"rendered":"Refund Policy"},"content":{"rendered":"\t\t<div data-elementor-type=\"wp-page\" data-elementor-id=\"8205\" class=\"elementor elementor-8205\" data-elementor-settings=\"[]\">\n\t\t\t<div class=\"elementor-inner\">\n\t\t\t\t<div class=\"elementor-section-wrap\">\n\t\t\t\t\t\t\t<section class=\"elementor-element elementor-element-6c1f062 elementor-section-height-min-height elementor-section-boxed elementor-section-height-default elementor-section-items-middle elementor-section elementor-top-section\" data-id=\"6c1f062\" data-element_type=\"section\" data-settings=\"{&quot;background_background&quot;:&quot;classic&quot;}\">\n\t\t\t\t\t\t<div class=\"elementor-container elementor-column-gap-default\">\n\t\t\t\t<div class=\"elementor-row\">\n\t\t\t\t<div class=\"elementor-element elementor-element-2df2444 elementor-column elementor-col-100 elementor-top-column\" data-id=\"2df2444\" data-element_type=\"column\">\n\t\t\t<div class=\"elementor-column-wrap\">\n\t\t\t\t\t<div class=\"elementor-widget-wrap\">\n\t\t\t\t\t\t<\/div>\n\t\t\t<\/div>\n\t\t<\/div>\n\t\t\t\t\t\t<\/div>\n\t\t\t<\/div>\n\t\t<\/section>\n\t\t\t\t<section class=\"elementor-element elementor-element-9da2eda enrollment-block1 elementor-section-boxed elementor-section-height-default elementor-section-height-default elementor-section elementor-top-section\" data-id=\"9da2eda\" data-element_type=\"section\" data-settings=\"{&quot;background_background&quot;:&quot;classic&quot;}\">\n\t\t\t\t\t\t<div class=\"elementor-container elementor-column-gap-default\">\n\t\t\t\t<div class=\"elementor-row\">\n\t\t\t\t<div class=\"elementor-element elementor-element-c092927 elementor-column elementor-col-100 elementor-top-column\" data-id=\"c092927\" data-element_type=\"column\">\n\t\t\t<div class=\"elementor-column-wrap  elementor-element-populated\">\n\t\t\t\t\t<div class=\"elementor-widget-wrap\">\n\t\t\t\t<div class=\"elementor-element elementor-element-8b8ad1a elementor-widget elementor-widget-heading\" data-id=\"8b8ad1a\" data-element_type=\"widget\" data-widget_type=\"heading.default\">\n\t\t\t\t<div class=\"elementor-widget-container\">\n\t\t\t<h1 class=\"elementor-heading-title elementor-size-default\">Pol\u00edtica de reembolso<\/h1>\t\t<\/div>\n\t\t\t\t<\/div>\n\t\t\t\t<div class=\"elementor-element elementor-element-8dfd0b8 elementor-widget elementor-widget-text-editor\" data-id=\"8dfd0b8\" data-element_type=\"widget\" data-widget_type=\"text-editor.default\">\n\t\t\t\t<div class=\"elementor-widget-container\">\n\t\t\t\t\t<div class=\"elementor-text-editor elementor-clearfix\"><h4>Nuestro compromiso\u00a0\u00a0<\/h4><p>A lo largo del proceso de inscripci\u00f3n, procuramos dar la mejor informaci\u00f3n para asegurar que las familias comprendan el tiempo que invertimos en nuestro Programa y la naturaleza colaborativa del mismo. Sin embargo, si deciden que el Programa no est\u00e1 de acuerdo a sus necesidades, aqu\u00ed est\u00e1n los t\u00e9rminos para el reembolso de lo abonado.\u00a0<\/p><h4>Para quien hace una reinscripci\u00f3n:\u00a0<\/h4><p>No hacemos el reembolso cuando el\/la alumno\/a estuvo inscrito en nuestro Programa en el a\u00f1o lectivo anterior.\u00a0<\/p><h4>Nuevas inscripciones:\u00a0<\/h4><p>Las nuevas inscripciones incluyen a los\/las alumnos\/as que se inscribieron en a\u00f1os no consecutivos\u00a0<\/p><p>Entendemos que los nuevos alumnos necesitan tiempo para aprender lo que significa embarcarse en la auto-creaci\u00f3n de un curr\u00edculo y de un plan pedag\u00f3gico. Este puede ser una experiencia completamente nueva. Damos tiempo a los nuevos alumnos para familiarizarse con las gu\u00edas pedag\u00f3gicos de Clonlara y para tener una consulta personal con su Asesora educativa.\u00a0<\/p><p>Por ello, antes del comienzo del curso escolar, o 45 d\u00edas desde la matr\u00edcula si el periodo ha sido inferior al comienzo de curso, se puede renunciar a continuar con nosotros, para obtener el reembolso del 80% de lo abonado hasta esa fecha correspondiente a la Tasa de Curso.\u00a0Las tasas de inscripci\u00f3n (matr\u00edcula) y las tarifas del plan de pago no son reembolsables.\u00a0<\/p><p>El reembolso del importe no se producir\u00e1 si Clonlara proporciona documentaci\u00f3n de prueba de la inscripci\u00f3n a presentar ante otras entidades, en cualquier momento (Certificado de Matr\u00edcula o VOE -Verification of Enrollment-).\u00a0En este caso, cualquier valor que no haya sido pagado seguir\u00e1 siendo debido.\u00a0Esta documentaci\u00f3n podr\u00e1 ser entregada a las familias, a tr\u00e1ves de correo eletr\u00f3nico o entregada en f\u00edsico a su direcci\u00f3n de residencia, tal como lo indiquen.\u00a0<\/p><p>Las\u00a0dem\u00e1s\u00a0tasas\u00a0y\u00a0servicios\u00a0no\u00a0son\u00a0reembolsables. Esto\u00a0incluye,\u00a0aunque\u00a0no se\u00a0l\u00edmite, la\u00a0revisi\u00f3n\u00a0de cr\u00e9ditos, la\u00a0inscripci\u00f3n\u00a0a corto\u00a0plazo, la\u00a0inscripci\u00f3n\u00a0en\u00a0el programa de\u00a0Verano,\u00a0la\u00a0petici\u00f3n\u00a0de\u00a0graduaci\u00f3n, etc.\u00a0<\/p><h4>Solicitud de retiro requerida\u00a0<\/h4><p><a href=\"https:\/\/clonlara.formstack.com\/forms\/withdrawal_spanish\" target=\"_blank\" rel=\"noopener\">Withdrawal Request Form &#8211; Spanish<\/a><\/p><p>La notificaci\u00f3n debe hacerse por escrito completando el Formulario de Solicitud de Retiro.\u00a0<\/p><h4>El Reembolso de las Tasas se har\u00e1 de la siguiente forma:\u00a0<\/h4><p>\u2022 Si han pagado el curso en su totalidad &#8211; y cancelan la inscripci\u00f3n oficialmente dentro del plazo de 45 d\u00edas, tal como se ha indicado anteriormente &#8211; procederemos al reembolso del 80% de la Tasa del curso que hayan pagado.\u00a0Las tasas de inscripci\u00f3n y las tarifas del plan de pago no son reembolsables.\u00a0<\/p><p>\u2022 Si tienen un plan de pago aplazado- y cancelan la inscripci\u00f3n oficialmente dentro del plazo de 45 d\u00edas, tal como se ha indicado anteriormente &#8211; el primer pago no es reembolsable, pero los pagos subsiguientes ser\u00e1n cancelados y\/o revertidos. Las tasas de inscripci\u00f3n y las tarifas del plan de pago no son reembolsables.\u00a0<\/p><p>\u2022\u00a0El importe se reembolsar\u00e1\u00a0por la\u00a0misma\u00a0v\u00eda\u00a0mediante la cual\u00a0se\u00a0realiz\u00f3\u00a0el pago. Pedimos que nos\u00a0den\u00a0hasta\u00a0dos semanas\u00a0para\u00a0procesar\u00a0los reembolsos.\u00a0<\/p><\/div>\n\t\t\t\t<\/div>\n\t\t\t\t<\/div>\n\t\t\t\t\t\t<\/div>\n\t\t\t<\/div>\n\t\t<\/div>\n\t\t\t\t\t\t<\/div>\n\t\t\t<\/div>\n\t\t<\/section>\n\t\t\t\t\t\t<\/div>\n\t\t\t<\/div>\n\t\t<\/div>\n\t\t","protected":false},"excerpt":{"rendered":"<p>Pol\u00edtica de reembolso Nuestro compromiso\u00a0\u00a0 A lo largo del proceso de inscripci\u00f3n, procuramos dar la mejor informaci\u00f3n para asegurar que las familias comprendan el tiempo que invertimos en nuestro Programa y la naturaleza colaborativa del mismo. Sin embargo, si deciden que el Programa no est\u00e1 de acuerdo a sus necesidades, aqu\u00ed est\u00e1n los t\u00e9rminos para [&hellip;]<\/p>\n","protected":false},"author":1,"featured_media":0,"parent":0,"menu_order":0,"comment_status":"closed","ping_status":"closed","template":"elementor_header_footer","meta":{"footnotes":""},"class_list":["post-8205","page","type-page","status-publish","hentry"],"_links":{"self":[{"href":"https:\/\/clonlara.org\/\/es\/wp-json\/wp\/v2\/pages\/8205","targetHints":{"allow":["GET"]}}],"collection":[{"href":"https:\/\/clonlara.org\/\/es\/wp-json\/wp\/v2\/pages"}],"about":[{"href":"https:\/\/clonlara.org\/\/es\/wp-json\/wp\/v2\/types\/page"}],"author":[{"embeddable":true,"href":"https:\/\/clonlara.org\/\/es\/wp-json\/wp\/v2\/users\/1"}],"replies":[{"embeddable":true,"href":"https:\/\/clonlara.org\/\/es\/wp-json\/wp\/v2\/comments?post=8205"}],"version-history":[{"count":4,"href":"https:\/\/clonlara.org\/\/es\/wp-json\/wp\/v2\/pages\/8205\/revisions"}],"predecessor-version":[{"id":22688,"href":"https:\/\/clonlara.org\/\/es\/wp-json\/wp\/v2\/pages\/8205\/revisions\/22688"}],"wp:attachment":[{"href":"https:\/\/clonlara.org\/\/es\/wp-json\/wp\/v2\/media?parent=8205"}],"curies":[{"name":"wp","href":"https:\/\/api.w.org\/{rel}","templated":true}]}}