{"id":19,"date":"2019-07-01T18:12:34","date_gmt":"2019-07-01T18:12:34","guid":{"rendered":"https:\/\/clonlara.org\/?page_id=19"},"modified":"2021-11-03T16:01:52","modified_gmt":"2021-11-03T16:01:52","slug":"events","status":"publish","type":"page","link":"https:\/\/clonlara.org\/\/es\/events\/","title":{"rendered":"Events"},"content":{"rendered":"\t\t<div data-elementor-type=\"wp-post\" data-elementor-id=\"19\" class=\"elementor elementor-19\" data-elementor-settings=\"[]\">\n\t\t\t<div class=\"elementor-inner\">\n\t\t\t\t<div class=\"elementor-section-wrap\">\n\t\t\t\t\t\t\t<section class=\"elementor-element elementor-element-5275870 elementor-section-height-min-height elementor-section-boxed elementor-section-height-default elementor-section-items-middle elementor-section elementor-top-section\" data-id=\"5275870\" data-element_type=\"section\" data-settings=\"{&quot;background_background&quot;:&quot;classic&quot;}\">\n\t\t\t\t\t\t<div class=\"elementor-container elementor-column-gap-default\">\n\t\t\t\t<div class=\"elementor-row\">\n\t\t\t\t<div class=\"elementor-element elementor-element-92b6fab elementor-column elementor-col-100 elementor-top-column\" data-id=\"92b6fab\" data-element_type=\"column\">\n\t\t\t<div class=\"elementor-column-wrap\">\n\t\t\t\t\t<div class=\"elementor-widget-wrap\">\n\t\t\t\t\t\t<\/div>\n\t\t\t<\/div>\n\t\t<\/div>\n\t\t\t\t\t\t<\/div>\n\t\t\t<\/div>\n\t\t<\/section>\n\t\t\t\t<section class=\"elementor-element elementor-element-22a105c events-conferences elementor-section-full_width elementor-section-height-default elementor-section-height-default elementor-section elementor-top-section\" data-id=\"22a105c\" data-element_type=\"section\" data-settings=\"{&quot;background_background&quot;:&quot;classic&quot;}\">\n\t\t\t\t\t\t<div class=\"elementor-container elementor-column-gap-no\">\n\t\t\t\t<div class=\"elementor-row\">\n\t\t\t\t<div class=\"elementor-element elementor-element-0376e8e elementor-column elementor-col-100 elementor-top-column\" data-id=\"0376e8e\" data-element_type=\"column\">\n\t\t\t<div class=\"elementor-column-wrap  elementor-element-populated\">\n\t\t\t\t\t<div class=\"elementor-widget-wrap\">\n\t\t\t\t<section class=\"elementor-element elementor-element-d135d82 elementor-section-full_width elementor-section-height-default elementor-section-height-default elementor-section elementor-inner-section\" data-id=\"d135d82\" data-element_type=\"section\">\n\t\t\t\t\t\t<div class=\"elementor-container elementor-column-gap-no\">\n\t\t\t\t<div class=\"elementor-row\">\n\t\t\t\t<div class=\"elementor-element elementor-element-de0b3f6 elementor-hidden-tablet elementor-column elementor-col-50 elementor-inner-column\" data-id=\"de0b3f6\" data-element_type=\"column\">\n\t\t\t<div class=\"elementor-column-wrap\">\n\t\t\t\t\t<div class=\"elementor-widget-wrap\">\n\t\t\t\t\t\t<\/div>\n\t\t\t<\/div>\n\t\t<\/div>\n\t\t\t\t<div class=\"elementor-element elementor-element-21ae285 elementor-column elementor-col-50 elementor-inner-column\" data-id=\"21ae285\" data-element_type=\"column\">\n\t\t\t<div class=\"elementor-column-wrap  elementor-element-populated\">\n\t\t\t\t\t<div class=\"elementor-widget-wrap\">\n\t\t\t\t<div class=\"elementor-element elementor-element-22d4c2f elementor-widget elementor-widget-jet-headline\" data-id=\"22d4c2f\" data-element_type=\"widget\" data-widget_type=\"jet-headline.default\">\n\t\t\t\t<div class=\"elementor-widget-container\">\n\t\t\t<h2 class=\"jet-headline jet-headline--direction-horizontal\"><span class=\"jet-headline__part jet-headline__first\"><span class=\"jet-headline__label\">Qu\u00e9 estamos haciendo<\/span><\/span><span class=\"jet-headline__space\">&nbsp;<\/span><\/h2>\t\t<\/div>\n\t\t\t\t<\/div>\n\t\t\t\t<div class=\"elementor-element elementor-element-781598b elementor-widget elementor-widget-heading\" data-id=\"781598b\" data-element_type=\"widget\" data-widget_type=\"heading.default\">\n\t\t\t\t<div class=\"elementor-widget-container\">\n\t\t\t<h1 class=\"elementor-heading-title elementor-size-default\">Eventos<\/h1>\t\t<\/div>\n\t\t\t\t<\/div>\n\t\t\t\t<div class=\"elementor-element elementor-element-ee0b0d2 events elementor-widget elementor-widget-jet-posts\" data-id=\"ee0b0d2\" data-element_type=\"widget\" data-widget_type=\"jet-posts.default\">\n\t\t\t\t<div class=\"elementor-widget-container\">\n\t\t\t<div class=\"elementor-jet-posts jet-elements\"><div class=\"jet-posts col-row \"><div class=\"jet-posts__item col-desk-2\">\n\t<div class=\"jet-posts__inner-box\"><div class=\"post-thumbnail\"><a href=\"https:\/\/clonlara.org\/\/es\/eventos\/jornada-puertas-abiertas-enero-25\/\" class=\"post-thumbnail__link\"><img loading=\"lazy\" decoding=\"async\" class=\"post-thumbnail__img wp-post-image\" src=\"https:\/\/clonlara.org\/\/es\/wp-content\/uploads\/sites\/4\/2025\/01\/Conoce-Clonlara.jpg\" alt=\"Jornada de puertas abiertas\" width=\"794\" height=\"794\"><\/a><\/div><div class=\"jet-posts__inner-content\"><h4 class=\"entry-title\"><a href=\"https:\/\/clonlara.org\/\/es\/eventos\/jornada-puertas-abiertas-enero-25\/\">Jornada de puertas abiertas<\/a><\/h4><div class=\"entry-excerpt\">INICIO: Jueves, 23 de enero de 2025, a las&nbsp;3 pm en Colombia\/Ecuador\/Per\u00fa &#8211;&nbsp;9 pm de Espa\u00f1a. Quiz\u00e1s est\u00e1s pensando en hacer homeschooling y no sabes por d\u00f3nde comenzar. Quiz\u00e1 quieres tener libertad para elegir qu\u00e9 aprenden tus hijos y quieres contar con el respaldo de&hellip;<\/div><div class=\"jet-more-wrap\"><a href=\"https:\/\/clonlara.org\/\/es\/eventos\/jornada-puertas-abiertas-enero-25\/\" class=\"btn btn-primary elementor-button elementor-size-md jet-more\"><span class=\"btn__text\">Leer  M\u00e1s<\/span><\/a><\/div><\/div><\/div>\n<\/div>\n<div class=\"jet-posts__item col-desk-2\">\n\t<div class=\"jet-posts__inner-box\"><div class=\"post-thumbnail\"><a href=\"https:\/\/clonlara.org\/\/es\/eventos\/virtual-open-house-k-12-campus-program\/\" class=\"post-thumbnail__link\"><img loading=\"lazy\" decoding=\"async\" class=\"post-thumbnail__img wp-post-image\" src=\"https:\/\/clonlara.org\/\/es\/wp-content\/uploads\/sites\/4\/2020\/10\/K-5-open-house-1.png\" alt=\"D\u00eda de puertas abiertas de Infantil a 5\u00ba\" width=\"840\" height=\"430\"><\/a><\/div><div class=\"jet-posts__inner-content\"><h4 class=\"entry-title\"><a href=\"https:\/\/clonlara.org\/\/es\/eventos\/virtual-open-house-k-12-campus-program\/\">D\u00eda de puertas abiertas de Infantil a 5\u00ba<\/a><\/h4><div class=\"entry-excerpt\">INICIO: Martes, 26 de enero de 2021 a las 18:00 FIN: Martes, 26 de enero de 2021 a las 19:30 El programa Campus Infantil a 5\u00ba de Clonlara se basa en la curiosidad por aprender de los estudiantes m\u00e1s j\u00f3venes, enfatizando la importancia del juego&hellip;<\/div><div class=\"jet-more-wrap\"><a href=\"https:\/\/clonlara.org\/\/es\/eventos\/virtual-open-house-k-12-campus-program\/\" class=\"btn btn-primary elementor-button elementor-size-md jet-more\"><span class=\"btn__text\">Leer  M\u00e1s<\/span><\/a><\/div><\/div><\/div>\n<\/div>\n<div class=\"jet-posts__item col-desk-2\">\n\t<div class=\"jet-posts__inner-box\"><div class=\"post-thumbnail\"><a href=\"https:\/\/clonlara.org\/\/es\/eventos\/k-5-open-house-2\/\" class=\"post-thumbnail__link\"><img loading=\"lazy\" decoding=\"async\" class=\"post-thumbnail__img wp-post-image\" src=\"https:\/\/clonlara.org\/\/es\/wp-content\/uploads\/sites\/4\/2020\/10\/global-give-back.png\" alt=\"Semana Global de la Retribuci\u00f3n\" width=\"840\" height=\"430\"><\/a><\/div><div class=\"jet-posts__inner-content\"><h4 class=\"entry-title\"><a href=\"https:\/\/clonlara.org\/\/es\/eventos\/k-5-open-house-2\/\">Semana Global de la Retribuci\u00f3n<\/a><\/h4><div class=\"entry-excerpt\">INICIO: Domingo, 18 de abril de 2021 El servicio voluntario es un elemento central del enfoque educativo de Clonlara. Durante la semana del 18 al 24 de abril, pediremos a las familias de Clonlara de todo el mundo que elijan un proyecto de servicio que&hellip;<\/div><div class=\"jet-more-wrap\"><a href=\"https:\/\/clonlara.org\/\/es\/eventos\/k-5-open-house-2\/\" class=\"btn btn-primary elementor-button elementor-size-md jet-more\"><span class=\"btn__text\">Leer  M\u00e1s<\/span><\/a><\/div><\/div><\/div>\n<\/div>\n<div class=\"jet-posts__item col-desk-2\">\n\t<div class=\"jet-posts__inner-box\"><div class=\"post-thumbnail\"><a href=\"https:\/\/clonlara.org\/\/es\/eventos\/k-5-open-house-3\/\" class=\"post-thumbnail__link\"><img loading=\"lazy\" decoding=\"async\" class=\"post-thumbnail__img wp-post-image\" src=\"https:\/\/clonlara.org\/\/es\/wp-content\/uploads\/sites\/4\/2020\/10\/clonlara-graduation.png\" alt=\"Ceremonia de graduaci\u00f3n\" width=\"840\" height=\"430\"><\/a><\/div><div class=\"jet-posts__inner-content\"><h4 class=\"entry-title\"><a href=\"https:\/\/clonlara.org\/\/es\/eventos\/k-5-open-house-3\/\">Ceremonia de graduaci\u00f3n<\/a><\/h4><div class=\"entry-excerpt\">INICIO: S\u00e1bado, 12 de junio de 2021 14:00 FIN: S\u00e1bado, 12 de junio de 2021 17:00 La ceremonia de graduaci\u00f3n de la escuela Clonlara celebra los diversos intereses y talentos de nuestro cuerpo estudiantil y reconoce los logros de cada estudiante. Durante la ceremonia invitamos&hellip;<\/div><div class=\"jet-more-wrap\"><a href=\"https:\/\/clonlara.org\/\/es\/eventos\/k-5-open-house-3\/\" class=\"btn btn-primary elementor-button elementor-size-md jet-more\"><span class=\"btn__text\">Leer  M\u00e1s<\/span><\/a><\/div><\/div><\/div>\n<\/div>\n<div class=\"jet-posts__item col-desk-2\">\n\t<div class=\"jet-posts__inner-box\"><div class=\"post-thumbnail\"><a href=\"https:\/\/clonlara.org\/\/es\/eventos\/k-5-open-house\/\" class=\"post-thumbnail__link\"><img loading=\"lazy\" decoding=\"async\" class=\"post-thumbnail__img wp-post-image\" src=\"https:\/\/clonlara.org\/\/es\/wp-content\/uploads\/sites\/4\/2020\/10\/global-art-show.png\" alt=\"Exposici\u00f3n de Arte Global\" width=\"840\" height=\"430\"><\/a><\/div><div class=\"jet-posts__inner-content\"><h4 class=\"entry-title\"><a href=\"https:\/\/clonlara.org\/\/es\/eventos\/k-5-open-house\/\">Exposici\u00f3n de Arte Global<\/a><\/h4><div class=\"entry-excerpt\">INICIO: S\u00e1bado, 13 de marzo de 2021 13:00 FIN: S\u00e1bado, 13 de marzo de 2021 16:00 \u00a1La exposici\u00f3n anual de arte global y la jornada de puertas abiertas de Clonlara muestran los talentos de nuestros estudiantes en todo el mundo! \u00danete a nosotros el s\u00e1bado&hellip;<\/div><div class=\"jet-more-wrap\"><a href=\"https:\/\/clonlara.org\/\/es\/eventos\/k-5-open-house\/\" class=\"btn btn-primary elementor-button elementor-size-md jet-more\"><span class=\"btn__text\">Leer  M\u00e1s<\/span><\/a><\/div><\/div><\/div>\n<\/div>\n<div class=\"jet-posts__item col-desk-2\">\n\t<div class=\"jet-posts__inner-box\"><div class=\"post-thumbnail\"><a href=\"https:\/\/clonlara.org\/\/es\/eventos\/virtual-open-house-k-5\/\" class=\"post-thumbnail__link\"><img loading=\"lazy\" decoding=\"async\" class=\"post-thumbnail__img wp-post-image\" src=\"https:\/\/clonlara.org\/\/es\/wp-content\/uploads\/sites\/4\/2020\/10\/K-5-open-house-1.png\" alt=\"Virtual Open House: K\u201312 Campus Program\" width=\"840\" height=\"430\"><\/a><\/div><div class=\"jet-posts__inner-content\"><h4 class=\"entry-title\"><a href=\"https:\/\/clonlara.org\/\/es\/eventos\/virtual-open-house-k-5\/\">Virtual Open House: K\u201312 Campus Program<\/a><\/h4><div class=\"entry-excerpt\">START:\u00a0Wednesday, April 21, 2021 06:00 pm\u00a0END:\u00a0Wednesday, April 21, 2021 07:00 pm Join us to learn about Clonlara\u2019s K\u201312 Campus Program. Our teachers will share Clonlara\u2019s personalized learning approach and answer your questions about the upcoming school year. This program builds on young students\u2019 curiosity for&hellip;<\/div><div class=\"jet-more-wrap\"><a href=\"https:\/\/clonlara.org\/\/es\/eventos\/virtual-open-house-k-5\/\" class=\"btn btn-primary elementor-button elementor-size-md jet-more\"><span class=\"btn__text\">Leer  M\u00e1s<\/span><\/a><\/div><\/div><\/div>\n<\/div>\n<\/div>\n<\/div>\t\t<\/div>\n\t\t\t\t<\/div>\n\t\t\t\t\t\t<\/div>\n\t\t\t<\/div>\n\t\t<\/div>\n\t\t\t\t\t\t<\/div>\n\t\t\t<\/div>\n\t\t<\/section>\n\t\t\t\t\t\t<\/div>\n\t\t\t<\/div>\n\t\t<\/div>\n\t\t\t\t\t\t<\/div>\n\t\t\t<\/div>\n\t\t<\/section>\n\t\t\t\t<section class=\"elementor-element elementor-element-f19264d elementor-section-full_width elementor-section-height-default elementor-section-height-default elementor-section elementor-top-section\" data-id=\"f19264d\" data-element_type=\"section\">\n\t\t\t\t\t\t<div class=\"elementor-container elementor-column-gap-default\">\n\t\t\t\t<div class=\"elementor-row\">\n\t\t\t\t<div class=\"elementor-element elementor-element-47b9318 elementor-column elementor-col-100 elementor-top-column\" data-id=\"47b9318\" data-element_type=\"column\">\n\t\t\t<div class=\"elementor-column-wrap  elementor-element-populated\">\n\t\t\t\t\t<div class=\"elementor-widget-wrap\">\n\t\t\t\t<div class=\"elementor-element elementor-element-c4a90ee elementor-widget elementor-widget-shortcode\" data-id=\"c4a90ee\" data-element_type=\"widget\" data-widget_type=\"shortcode.default\">\n\t\t\t\t<div class=\"elementor-widget-container\">\n\t\t\t\t\t<div class=\"elementor-shortcode\">\t\t<div data-elementor-type=\"wp-post\" data-elementor-id=\"268\" class=\"elementor elementor-268\" data-elementor-settings=\"[]\">\n\t\t\t<div class=\"elementor-inner\">\n\t\t\t\t<div class=\"elementor-section-wrap\">\n\t\t\t\t\t\t\t<section class=\"elementor-element elementor-element-8e15235 elementor-section-full_width global-pre-footer elementor-section-height-default elementor-section-height-default elementor-section elementor-top-section\" data-id=\"8e15235\" data-element_type=\"section\" data-settings=\"{&quot;background_background&quot;:&quot;classic&quot;}\">\n\t\t\t\t\t\t<div class=\"elementor-container elementor-column-gap-default\">\n\t\t\t\t<div class=\"elementor-row\">\n\t\t\t\t<div class=\"elementor-element elementor-element-5e9fd07 elementor-column elementor-col-100 elementor-top-column\" data-id=\"5e9fd07\" data-element_type=\"column\" data-settings=\"{&quot;background_background&quot;:&quot;classic&quot;}\">\n\t\t\t<div class=\"elementor-column-wrap  elementor-element-populated\">\n\t\t\t\t\t<div class=\"elementor-widget-wrap\">\n\t\t\t\t<section class=\"elementor-element elementor-element-a5abcd5 elementor-section-boxed elementor-section-height-default elementor-section-height-default elementor-section elementor-inner-section\" data-id=\"a5abcd5\" data-element_type=\"section\">\n\t\t\t\t\t\t<div class=\"elementor-container elementor-column-gap-wider\">\n\t\t\t\t<div class=\"elementor-row\">\n\t\t\t\t<div class=\"elementor-element elementor-element-19080e1 elementor-column elementor-col-50 elementor-inner-column\" data-id=\"19080e1\" data-element_type=\"column\">\n\t\t\t<div class=\"elementor-column-wrap  elementor-element-populated\">\n\t\t\t\t\t<div class=\"elementor-widget-wrap\">\n\t\t\t\t<div class=\"elementor-element elementor-element-3f71c25 elementor-widget elementor-widget-heading\" data-id=\"3f71c25\" data-element_type=\"widget\" data-widget_type=\"heading.default\">\n\t\t\t\t<div class=\"elementor-widget-container\">\n\t\t\t<h2 class=\"elementor-heading-title elementor-size-default\">Acreditaciones<\/h2>\t\t<\/div>\n\t\t\t\t<\/div>\n\t\t\t\t<div class=\"elementor-element elementor-element-d9e4f61 elementor-widget__width-auto elementor-widget elementor-widget-image\" data-id=\"d9e4f61\" data-element_type=\"widget\" data-widget_type=\"image.default\">\n\t\t\t\t<div class=\"elementor-widget-container\">\n\t\t\t\t\t<div class=\"elementor-image\">\n\t\t\t\t\t\t\t\t\t\t\t<a href=\"https:\/\/ncpsa.org\/\">\n\t\t\t\t\t\t\t<img loading=\"lazy\" decoding=\"async\" width=\"300\" height=\"300\" src=\"https:\/\/clonlara.org\/\/es\/wp-content\/uploads\/sites\/4\/2019\/07\/1.1-Logo_Round-300x300.png\" class=\"attachment-medium size-medium\" alt=\"\" srcset=\"https:\/\/clonlara.org\/\/es\/wp-content\/uploads\/sites\/4\/2019\/07\/1.1-Logo_Round-300x300.png 300w, https:\/\/clonlara.org\/\/es\/wp-content\/uploads\/sites\/4\/2019\/07\/1.1-Logo_Round-150x150.png 150w, https:\/\/clonlara.org\/\/es\/wp-content\/uploads\/sites\/4\/2019\/07\/1.1-Logo_Round.png 601w\" sizes=\"auto, (max-width: 300px) 100vw, 300px\" \/>\t\t\t\t\t\t\t\t<\/a>\n\t\t\t\t\t\t\t\t\t\t\t<\/div>\n\t\t\t\t<\/div>\n\t\t\t\t<\/div>\n\t\t\t\t<div class=\"elementor-element elementor-element-08b6c9d elementor-widget__width-auto elementor-widget elementor-widget-image\" data-id=\"08b6c9d\" data-element_type=\"widget\" data-widget_type=\"image.default\">\n\t\t\t\t<div class=\"elementor-widget-container\">\n\t\t\t\t\t<div class=\"elementor-image\">\n\t\t\t\t\t\t\t\t\t\t\t<a href=\"https:\/\/www.msa-cess.org\/\">\n\t\t\t\t\t\t\t<img loading=\"lazy\" decoding=\"async\" width=\"300\" height=\"300\" src=\"https:\/\/clonlara.org\/\/es\/wp-content\/uploads\/sites\/4\/2019\/07\/2-Logo_Round-300x300.png\" class=\"attachment-medium size-medium\" alt=\"\" srcset=\"https:\/\/clonlara.org\/\/es\/wp-content\/uploads\/sites\/4\/2019\/07\/2-Logo_Round-300x300.png 300w, https:\/\/clonlara.org\/\/es\/wp-content\/uploads\/sites\/4\/2019\/07\/2-Logo_Round-150x150.png 150w, https:\/\/clonlara.org\/\/es\/wp-content\/uploads\/sites\/4\/2019\/07\/2-Logo_Round.png 601w\" sizes=\"auto, (max-width: 300px) 100vw, 300px\" \/>\t\t\t\t\t\t\t\t<\/a>\n\t\t\t\t\t\t\t\t\t\t\t<\/div>\n\t\t\t\t<\/div>\n\t\t\t\t<\/div>\n\t\t\t\t<div class=\"elementor-element elementor-element-b6797d3 elementor-widget__width-auto elementor-widget elementor-widget-image\" data-id=\"b6797d3\" data-element_type=\"widget\" data-widget_type=\"image.default\">\n\t\t\t\t<div class=\"elementor-widget-container\">\n\t\t\t\t\t<div class=\"elementor-image\">\n\t\t\t\t\t\t\t\t\t\t\t<a href=\"https:\/\/accreditationinternational.org\/\">\n\t\t\t\t\t\t\t<img loading=\"lazy\" decoding=\"async\" width=\"300\" height=\"300\" src=\"https:\/\/clonlara.org\/\/es\/wp-content\/uploads\/sites\/4\/2019\/07\/Logo@x1-300x300.png\" class=\"attachment-medium size-medium\" alt=\"\" srcset=\"https:\/\/clonlara.org\/\/es\/wp-content\/uploads\/sites\/4\/2019\/07\/Logo@x1-300x300.png 300w, https:\/\/clonlara.org\/\/es\/wp-content\/uploads\/sites\/4\/2019\/07\/Logo@x1-150x150.png 150w, https:\/\/clonlara.org\/\/es\/wp-content\/uploads\/sites\/4\/2019\/07\/Logo@x1.png 302w\" sizes=\"auto, (max-width: 300px) 100vw, 300px\" \/>\t\t\t\t\t\t\t\t<\/a>\n\t\t\t\t\t\t\t\t\t\t\t<\/div>\n\t\t\t\t<\/div>\n\t\t\t\t<\/div>\n\t\t\t\t\t\t<\/div>\n\t\t\t<\/div>\n\t\t<\/div>\n\t\t\t\t<div class=\"elementor-element elementor-element-f5ca6e4 elementor-column elementor-col-50 elementor-inner-column\" data-id=\"f5ca6e4\" data-element_type=\"column\">\n\t\t\t<div class=\"elementor-column-wrap  elementor-element-populated\">\n\t\t\t\t\t<div class=\"elementor-widget-wrap\">\n\t\t\t\t<div class=\"elementor-element elementor-element-4993768 elementor-widget elementor-widget-heading\" data-id=\"4993768\" data-element_type=\"widget\" data-widget_type=\"heading.default\">\n\t\t\t\t<div class=\"elementor-widget-container\">\n\t\t\t<h2 class=\"elementor-heading-title elementor-size-default\">Apoya a Clonlara<\/h2>\t\t<\/div>\n\t\t\t\t<\/div>\n\t\t\t\t<div class=\"elementor-element elementor-element-e11e19f elementor-widget elementor-widget-text-editor\" data-id=\"e11e19f\" data-element_type=\"widget\" data-widget_type=\"text-editor.default\">\n\t\t\t\t<div class=\"elementor-widget-container\">\n\t\t\t\t\t<div class=\"elementor-text-editor elementor-clearfix\"><p class=\"p1\">Hay muchas formas de apoyar la misi\u00f3n de Clonlara. Ofrecerte como voluntario para compartir tu tiempo, tu conocimiento y tu experiencia; o donar y tener un impacto directo en nuestra comunidad.<\/p><\/div>\n\t\t\t\t<\/div>\n\t\t\t\t<\/div>\n\t\t\t\t<div class=\"elementor-element elementor-element-905be1b elementor-align-left elementor-widget__width-auto elementor-widget elementor-widget-button\" data-id=\"905be1b\" data-element_type=\"widget\" data-widget_type=\"button.default\">\n\t\t\t\t<div class=\"elementor-widget-container\">\n\t\t\t\t\t<div class=\"elementor-button-wrapper\">\n\t\t\t<a href=\"https:\/\/clonlara.org\/es\/support\/\" class=\"elementor-button-link elementor-button elementor-size-md\" role=\"button\">\n\t\t\t\t\t\t<span class=\"elementor-button-content-wrapper\">\n\t\t\t\t\t\t<span class=\"elementor-button-text\">Leer M\u00e1s<\/span>\n\t\t<\/span>\n\t\t\t\t\t<\/a>\n\t\t<\/div>\n\t\t\t\t<\/div>\n\t\t\t\t<\/div>\n\t\t\t\t\t\t<\/div>\n\t\t\t<\/div>\n\t\t<\/div>\n\t\t\t\t\t\t<\/div>\n\t\t\t<\/div>\n\t\t<\/section>\n\t\t\t\t\t\t<\/div>\n\t\t\t<\/div>\n\t\t<\/div>\n\t\t\t\t\t\t<\/div>\n\t\t\t<\/div>\n\t\t<\/section>\n\t\t\t\t\t\t<\/div>\n\t\t\t<\/div>\n\t\t<\/div>\n\t\t<\/div>\n\t\t\t\t<\/div>\n\t\t\t\t<\/div>\n\t\t\t\t\t\t<\/div>\n\t\t\t<\/div>\n\t\t<\/div>\n\t\t\t\t\t\t<\/div>\n\t\t\t<\/div>\n\t\t<\/section>\n\t\t\t\t\t\t<\/div>\n\t\t\t<\/div>\n\t\t<\/div>\n\t\t","protected":false},"excerpt":{"rendered":"<p>Qu\u00e9 estamos haciendo&nbsp; Eventos D\u00eda de puertas abiertas de Infantil a 5\u00ba INICIO: Martes, 26 de enero de 2021 a las 18:00 FIN: Martes, 26 de enero de 2021 a las 19:30 El programa Campus Infantil a 5\u00ba de Clonlara se basa en la curiosidad por aprender de los estudiantes m\u00e1s j\u00f3venes, enfatizando la importancia [&hellip;]<\/p>\n","protected":false},"author":1,"featured_media":0,"parent":0,"menu_order":0,"comment_status":"closed","ping_status":"closed","template":"elementor_header_footer","meta":{"footnotes":""},"class_list":["post-19","page","type-page","status-publish","hentry"],"_links":{"self":[{"href":"https:\/\/clonlara.org\/\/es\/wp-json\/wp\/v2\/pages\/19","targetHints":{"allow":["GET"]}}],"collection":[{"href":"https:\/\/clonlara.org\/\/es\/wp-json\/wp\/v2\/pages"}],"about":[{"href":"https:\/\/clonlara.org\/\/es\/wp-json\/wp\/v2\/types\/page"}],"author":[{"embeddable":true,"href":"https:\/\/clonlara.org\/\/es\/wp-json\/wp\/v2\/users\/1"}],"replies":[{"embeddable":true,"href":"https:\/\/clonlara.org\/\/es\/wp-json\/wp\/v2\/comments?post=19"}],"version-history":[{"count":63,"href":"https:\/\/clonlara.org\/\/es\/wp-json\/wp\/v2\/pages\/19\/revisions"}],"predecessor-version":[{"id":8081,"href":"https:\/\/clonlara.org\/\/es\/wp-json\/wp\/v2\/pages\/19\/revisions\/8081"}],"wp:attachment":[{"href":"https:\/\/clonlara.org\/\/es\/wp-json\/wp\/v2\/media?parent=19"}],"curies":[{"name":"wp","href":"https:\/\/api.w.org\/{rel}","templated":true}]}}